


{"id":7794,"date":"2016-08-18T14:21:39","date_gmt":"2016-08-18T18:21:39","guid":{"rendered":"http:\/\/mern.gouv.qc.ca\/?page_id=7794&#038;lang=en"},"modified":"2023-09-29T13:41:46","modified_gmt":"2023-09-29T17:41:46","slug":"news","status":"publish","type":"page","link":"https:\/\/mrnf.gouv.qc.ca\/en\/quebec-mines\/news\/","title":{"rendered":"News"},"content":{"rendered":"<p>[et_pb_section fb_built=&#8221;1&#8243; module_class=&#8221;qme-actualites-archive&#8221; _builder_version=&#8221;4.8.2&#8243;][et_pb_row module_class=&#8221;qme-actualites-archive&#8221; _builder_version=&#8221;4.8.2&#8243; background_size=&#8221;initial&#8221; background_position=&#8221;top_left&#8221; background_repeat=&#8221;repeat&#8221; hover_enabled=&#8221;0&#8243; sticky_enabled=&#8221;0&#8243;][et_pb_column type=&#8221;4_4&#8243; _builder_version=&#8221;3.25&#8243; custom_padding=&#8221;|||&#8221; custom_padding__hover=&#8221;|||&#8221;][et_pb_text admin_label=&#8221;Contenu&#8221; module_class=&#8221;actualites fil&#8221; _builder_version=&#8221;4.8.2&#8243; background_size=&#8221;initial&#8221; background_position=&#8221;top_left&#8221; background_repeat=&#8221;repeat&#8221; module_alignment=&#8221;left&#8221; use_border_color=&#8221;off&#8221; border_color=&#8221;#ffffff&#8221; border_style=&#8221;solid&#8221;]<\/p>\n<h1 class=\"boite\">News<\/h1>\n<div><div class=\"objPosts1\">\n<div id=\"dgari-posts\">\n\n    <div id=\"dgari-posts-posts\">\n        <div class=\"dgari-posts-liste calendrier-evenement-liste\">\n\n        <\/div>\n    <\/div>\n    <div id=\"dgari-posts-pager\">\n\n    <\/div>\n<\/div><\/div><\/div>\n<p>[\/et_pb_text][\/et_pb_column][\/et_pb_row][\/et_pb_section]<\/p>\n","protected":false},"excerpt":{"rendered":"<p>News <div class=\"objPosts2\">\n<div id=\"dgari-posts\">\n\n    <div id=\"dgari-posts-posts\">\n        <div class=\"dgari-posts-liste calendrier-evenement-liste\">\n\n        <\/div>\n    <\/div>\n    <div id=\"dgari-posts-pager\">\n\n    <\/div>\n<\/div><\/div><\/p>\n","protected":false},"author":21,"featured_media":0,"parent":6823,"menu_order":50,"comment_status":"closed","ping_status":"closed","template":"quebecMines.php","meta":{"_acf_changed":false,"_et_pb_use_builder":"on","_et_pb_old_content":"","_et_gb_content_width":"","_oasis_is_in_workflow":0,"_oasis_original":0,"_oasis_task_priority":"","footnotes":""},"class_list":["post-7794","page","type-page","status-publish","hentry"],"acf":[],"yoast_head":"<!-- This site is optimized with the Yoast SEO plugin v24.9 - https:\/\/yoast.com\/wordpress\/plugins\/seo\/ -->\n<title>News - Qu\u00e9bec Mines + \u00c9nergie - Minist\u00e8re des Ressources naturelles et des For\u00eats<\/title>\n<meta name=\"description\" content=\"Consult the news about Qu\u00e9bec Mines + \u00c9nergie congress, organized by the Minist\u00e8re des Ressources naturelles et des For\u00eats.\" \/>\n<meta name=\"robots\" content=\"index, follow, max-snippet:-1, max-image-preview:large, max-video-preview:-1\" \/>\n<link rel=\"canonical\" href=\"https:\/\/mrnf.gouv.qc.ca\/en\/quebec-mines\/news\/\" \/>\n<meta property=\"og:locale\" content=\"en_US\" \/>\n<meta property=\"og:type\" content=\"article\" \/>\n<meta property=\"og:title\" content=\"News from Qu\u00e9bec Mines + \u00c9nergie\" \/>\n<meta property=\"og:description\" content=\"Consult the news from Qu\u00e9bec Mines + \u00c9nergie congress, organized by the Minist\u00e8re des Ressources naturelles et des For\u00eats.\" \/>\n<meta property=\"og:url\" content=\"https:\/\/mrnf.gouv.qc.ca\/en\/quebec-mines\/news\/\" \/>\n<meta property=\"og:site_name\" content=\"Minist\u00e8re des Ressources naturelles et des For\u00eats\" \/>\n<meta property=\"article:publisher\" content=\"https:\/\/www.facebook.com\/RessourcesNaturellesForets\/\" \/>\n<meta property=\"article:modified_time\" content=\"2023-09-29T17:41:46+00:00\" \/>\n<meta property=\"og:image\" content=\"\/wp-content\/uploads\/QME-Image-OG-FB.jpg\" \/>\n\t<meta property=\"og:image:width\" content=\"1200\" \/>\n\t<meta property=\"og:image:height\" content=\"630\" \/>\n\t<meta property=\"og:image:type\" content=\"image\/jpeg\" \/>\n<meta name=\"twitter:card\" content=\"summary_large_image\" \/>\n<meta name=\"twitter:title\" content=\"News from Qu\u00e9bec Mines + \u00c9nergie\" \/>\n<meta name=\"twitter:description\" content=\"Consult the news from Qu\u00e9bec Mines + \u00c9nergie congress, organized by the Minist\u00e8re des Ressources naturelles et des For\u00eats.\" \/>\n<meta name=\"twitter:site\" content=\"@mrnfqc\" \/>\n<meta name=\"twitter:label1\" content=\"Est. reading time\" \/>\n\t<meta name=\"twitter:data1\" content=\"1 minute\" \/>\n<script type=\"application\/ld+json\" class=\"yoast-schema-graph\">{\"@context\":\"https:\/\/schema.org\",\"@graph\":[{\"@type\":\"WebPage\",\"@id\":\"https:\/\/mrnf.gouv.qc.ca\/en\/quebec-mines\/news\/\",\"url\":\"https:\/\/mrnf.gouv.qc.ca\/en\/quebec-mines\/news\/\",\"name\":\"News - Qu\u00e9bec Mines + \u00c9nergie - Minist\u00e8re des Ressources naturelles et des For\u00eats\",\"isPartOf\":{\"@id\":\"https:\/\/mrnf.gouv.qc.ca\/#website\"},\"datePublished\":\"2016-08-18T18:21:39+00:00\",\"dateModified\":\"2023-09-29T17:41:46+00:00\",\"description\":\"Consult the news about Qu\u00e9bec Mines + \u00c9nergie congress, organized by the Minist\u00e8re des Ressources naturelles et des For\u00eats.\",\"breadcrumb\":{\"@id\":\"https:\/\/mrnf.gouv.qc.ca\/en\/quebec-mines\/news\/#breadcrumb\"},\"inLanguage\":\"en-US\",\"potentialAction\":[{\"@type\":\"ReadAction\",\"target\":[\"https:\/\/mrnf.gouv.qc.ca\/en\/quebec-mines\/news\/\"]}]},{\"@type\":\"BreadcrumbList\",\"@id\":\"https:\/\/mrnf.gouv.qc.ca\/en\/quebec-mines\/news\/#breadcrumb\",\"itemListElement\":[{\"@type\":\"ListItem\",\"position\":1,\"name\":\"Accueil\",\"item\":\"https:\/\/mrnf.gouv.qc.ca\/en\/\"},{\"@type\":\"ListItem\",\"position\":2,\"name\":\"Qu\u00e9bec Mines + \u00c9nergie\",\"item\":\"https:\/\/mrnf.gouv.qc.ca\/en\/quebec-mines\/\"},{\"@type\":\"ListItem\",\"position\":3,\"name\":\"News\"}]},{\"@type\":\"WebSite\",\"@id\":\"https:\/\/mrnf.gouv.qc.ca\/#website\",\"url\":\"https:\/\/mrnf.gouv.qc.ca\/\",\"name\":\"Minist\u00e8re des Ressources naturelles et des For\u00eats\",\"description\":\"Prototype WordPress\",\"potentialAction\":[{\"@type\":\"SearchAction\",\"target\":{\"@type\":\"EntryPoint\",\"urlTemplate\":\"https:\/\/mrnf.gouv.qc.ca\/?s={search_term_string}\"},\"query-input\":{\"@type\":\"PropertyValueSpecification\",\"valueRequired\":true,\"valueName\":\"search_term_string\"}}],\"inLanguage\":\"en-US\"}]}<\/script>\n<!-- \/ Yoast SEO plugin. -->","yoast_head_json":{"title":"News - Qu\u00e9bec Mines + \u00c9nergie - Minist\u00e8re des Ressources naturelles et des For\u00eats","description":"Consult the news about Qu\u00e9bec Mines + \u00c9nergie congress, organized by the Minist\u00e8re des Ressources naturelles et des For\u00eats.","robots":{"index":"index","follow":"follow","max-snippet":"max-snippet:-1","max-image-preview":"max-image-preview:large","max-video-preview":"max-video-preview:-1"},"canonical":"https:\/\/mrnf.gouv.qc.ca\/en\/quebec-mines\/news\/","og_locale":"en_US","og_type":"article","og_title":"News from Qu\u00e9bec Mines + \u00c9nergie","og_description":"Consult the news from Qu\u00e9bec Mines + \u00c9nergie congress, organized by the Minist\u00e8re des Ressources naturelles et des For\u00eats.","og_url":"https:\/\/mrnf.gouv.qc.ca\/en\/quebec-mines\/news\/","og_site_name":"Minist\u00e8re des Ressources naturelles et des For\u00eats","article_publisher":"https:\/\/www.facebook.com\/RessourcesNaturellesForets\/","article_modified_time":"2023-09-29T17:41:46+00:00","og_image":[{"width":1200,"height":630,"url":"\/wp-content\/uploads\/QME-Image-OG-FB.jpg","type":"image\/jpeg"}],"twitter_card":"summary_large_image","twitter_title":"News from Qu\u00e9bec Mines + \u00c9nergie","twitter_description":"Consult the news from Qu\u00e9bec Mines + \u00c9nergie congress, organized by the Minist\u00e8re des Ressources naturelles et des For\u00eats.","twitter_site":"@mrnfqc","twitter_misc":{"Est. reading time":"1 minute"},"schema":{"@context":"https:\/\/schema.org","@graph":[{"@type":"WebPage","@id":"https:\/\/mrnf.gouv.qc.ca\/en\/quebec-mines\/news\/","url":"https:\/\/mrnf.gouv.qc.ca\/en\/quebec-mines\/news\/","name":"News - Qu\u00e9bec Mines + \u00c9nergie - Minist\u00e8re des Ressources naturelles et des For\u00eats","isPartOf":{"@id":"https:\/\/mrnf.gouv.qc.ca\/#website"},"datePublished":"2016-08-18T18:21:39+00:00","dateModified":"2023-09-29T17:41:46+00:00","description":"Consult the news about Qu\u00e9bec Mines + \u00c9nergie congress, organized by the Minist\u00e8re des Ressources naturelles et des For\u00eats.","breadcrumb":{"@id":"https:\/\/mrnf.gouv.qc.ca\/en\/quebec-mines\/news\/#breadcrumb"},"inLanguage":"en-US","potentialAction":[{"@type":"ReadAction","target":["https:\/\/mrnf.gouv.qc.ca\/en\/quebec-mines\/news\/"]}]},{"@type":"BreadcrumbList","@id":"https:\/\/mrnf.gouv.qc.ca\/en\/quebec-mines\/news\/#breadcrumb","itemListElement":[{"@type":"ListItem","position":1,"name":"Accueil","item":"https:\/\/mrnf.gouv.qc.ca\/en\/"},{"@type":"ListItem","position":2,"name":"Qu\u00e9bec Mines + \u00c9nergie","item":"https:\/\/mrnf.gouv.qc.ca\/en\/quebec-mines\/"},{"@type":"ListItem","position":3,"name":"News"}]},{"@type":"WebSite","@id":"https:\/\/mrnf.gouv.qc.ca\/#website","url":"https:\/\/mrnf.gouv.qc.ca\/","name":"Minist\u00e8re des Ressources naturelles et des For\u00eats","description":"Prototype WordPress","potentialAction":[{"@type":"SearchAction","target":{"@type":"EntryPoint","urlTemplate":"https:\/\/mrnf.gouv.qc.ca\/?s={search_term_string}"},"query-input":{"@type":"PropertyValueSpecification","valueRequired":true,"valueName":"search_term_string"}}],"inLanguage":"en-US"}]}},"_links":{"self":[{"href":"https:\/\/mrnf.gouv.qc.ca\/en\/wp-json\/wp\/v2\/pages\/7794","targetHints":{"allow":["GET"]}}],"collection":[{"href":"https:\/\/mrnf.gouv.qc.ca\/en\/wp-json\/wp\/v2\/pages"}],"about":[{"href":"https:\/\/mrnf.gouv.qc.ca\/en\/wp-json\/wp\/v2\/types\/page"}],"author":[{"embeddable":true,"href":"https:\/\/mrnf.gouv.qc.ca\/en\/wp-json\/wp\/v2\/users\/21"}],"replies":[{"embeddable":true,"href":"https:\/\/mrnf.gouv.qc.ca\/en\/wp-json\/wp\/v2\/comments?post=7794"}],"version-history":[{"count":10,"href":"https:\/\/mrnf.gouv.qc.ca\/en\/wp-json\/wp\/v2\/pages\/7794\/revisions"}],"predecessor-version":[{"id":61966,"href":"https:\/\/mrnf.gouv.qc.ca\/en\/wp-json\/wp\/v2\/pages\/7794\/revisions\/61966"}],"up":[{"embeddable":true,"href":"https:\/\/mrnf.gouv.qc.ca\/en\/wp-json\/wp\/v2\/pages\/6823"}],"wp:attachment":[{"href":"https:\/\/mrnf.gouv.qc.ca\/en\/wp-json\/wp\/v2\/media?parent=7794"}],"curies":[{"name":"wp","href":"https:\/\/api.w.org\/{rel}","templated":true}]}}