


{"id":73053,"date":"2025-02-11T13:26:16","date_gmt":"2025-02-11T18:26:16","guid":{"rendered":"https:\/\/mrnf.gouv.qc.ca\/?page_id=73053"},"modified":"2026-02-19T14:40:23","modified_gmt":"2026-02-19T19:40:23","slug":"on-road","status":"publish","type":"page","link":"https:\/\/mrnf.gouv.qc.ca\/en\/quebec-mines\/on-road\/","title":{"rendered":"Qu\u00e9bec Mines + \u00c9nergie on the road"},"content":{"rendered":"<p>[et_pb_section fb_built=&#8221;1&#8243; _builder_version=&#8221;4.27.4&#8243; _module_preset=&#8221;default&#8221; global_colors_info=&#8221;{}&#8221;][et_pb_row disabled_on=&#8221;off|off|off&#8221; admin_label=&#8221;Ligne&#8221; _builder_version=&#8221;4.16&#8243; locked=&#8221;off&#8221; global_colors_info=&#8221;{}&#8221;][et_pb_column type=&#8221;4_4&#8243; _builder_version=&#8221;4.16&#8243; custom_padding=&#8221;|||&#8221; global_colors_info=&#8221;{}&#8221; custom_padding__hover=&#8221;|||&#8221;][et_pb_text admin_label=&#8221;Titre&#8221; _builder_version=&#8221;4.27.5&#8243; module_alignment=&#8221;left&#8221; hover_enabled=&#8221;0&#8243; global_colors_info=&#8221;{}&#8221; sticky_enabled=&#8221;0&#8243;]<\/p>\n<h1>Qu\u00e9bec Mines + \u00c9nergie on the road<\/h1>\n<p>The QM+\u00c9 team does not miss an opportunity to make itself known.<\/p>\n<p>\u201cQu\u00e9bec Mines + \u00c9nergie on the road\u201d aims to maintain excellent relations with event partners and increase networking opportunities with stakeholders in the mining and energy sectors.<\/p>\n<p>The QM+\u00c9 team will be present at several events in 2026.<\/p>\n<h2>Upcoming events<\/h2>\n<p><strong>Prospectors and Developers Association of Canada (PDAC) Convention 2026<\/strong><\/p>\n<p>Where: Metro Toronto Convention Centre, Toronto<br \/>When: March 1 to 4, 2026<br \/>Booth: 222-223 (Gouvernement du Qu\u00e9bec)<\/p>\n<p>Don\u2019t miss the following activities on Tuesday, March 3, in room 206D, North building of the Convention Centre at the <a href=\"https:\/\/pdac.ca\/\" target=\"_blank\" rel=\"noopener\">PDAC Convention<\/a> <img loading=\"lazy\" decoding=\"async\" src=\"\/wp-content\/uploads\/picto-fleche.png\" width=\"12\" height=\"12\" alt=\"\" class=\"wp-image-25720 alignnone size-full\" \/>\u00a0:<\/p>\n<ul>\n<li>SOQUEM Continental Breakfast, from 7:00 a.m. to 9 a.m.<\/li>\n<li>Qu\u00e9bec Day at the PDAC, from 9:30 a.m. to 12:00 p.m. and from 1:00 p.m. to 4:15 p.m.<\/li>\n<li>Qu\u00e9bec Mines + \u00c9nergie Cocktail, in collaboration with Investissement Qu\u00e9bec and SOQUEM, from 4:15 p.m. to 6:30 p.m.<\/li>\n<\/ul>\n<p>See Qu\u00e9bec Day at the PDAC <a href=\"\/wp-content\/uploads\/PR_journeeQC_PDAC_ang.pdf\" target=\"_blank\" rel=\"noopener\">program<\/a>\u00a0<img loading=\"lazy\" decoding=\"async\" src=\"\/wp-content\/uploads\/picto-pdf.png\" width=\"20\" height=\"16\" alt=\"\" class=\"wp-image-26549 alignnone size-full\" \/>.<\/p>\n<p>Many of our partners will also be present:<\/p>\n<ul>\n<li><a href=\"https:\/\/www.soquem.qc.ca\/\" target=\"_blank\" rel=\"noopener\">SOQUEM<\/a> <img loading=\"lazy\" decoding=\"async\" src=\"\/wp-content\/uploads\/picto-fleche.png\" width=\"12\" height=\"12\" alt=\"\" class=\"wp-image-25720 alignnone size-full\" \/><\/li>\n<li><a href=\"https:\/\/www.quebec.ca\/gouvernement\/ministeres-organismes\/societe-plan-nord\" target=\"_blank\" rel=\"noopener\">Soci\u00e9t\u00e9 du Plan Nord<\/a> <img loading=\"lazy\" decoding=\"async\" src=\"\/wp-content\/uploads\/picto-fleche.png\" width=\"12\" height=\"12\" alt=\"\" class=\"wp-image-25720 alignnone size-full\" \/><\/li>\n<li><a href=\"https:\/\/consorem.uqac.ca\/\" target=\"_blank\" rel=\"noopener\">CONSOREM<\/a> <img loading=\"lazy\" decoding=\"async\" src=\"\/wp-content\/uploads\/picto-fleche.png\" width=\"12\" height=\"12\" alt=\"\" class=\"wp-image-25720 alignnone size-full\" \/><\/li>\n<li><a href=\"https:\/\/nmef.ca\/\" target=\"_blank\" rel=\"noopener\">Nunavik Mineral Exploration Fund (NMEF)<\/a> <img loading=\"lazy\" decoding=\"async\" src=\"\/wp-content\/uploads\/picto-fleche.png\" width=\"12\" height=\"12\" alt=\"\" class=\"wp-image-25720 alignnone size-full\" \/><\/li>\n<li><a href=\"https:\/\/www.investquebec.com\/quebec\/en\/our-services.html\" target=\"_blank\" rel=\"noopener\">Investissement Qu\u00e9bec<\/a> <img loading=\"lazy\" decoding=\"async\" src=\"\/wp-content\/uploads\/picto-fleche.png\" width=\"12\" height=\"12\" alt=\"\" class=\"wp-image-25720 alignnone size-full\" \/><\/li>\n<li><a href=\"https:\/\/www.revenuquebec.ca\/en\/\" target=\"_blank\" rel=\"noopener\">Revenu Qu\u00e9bec<\/a> <img loading=\"lazy\" decoding=\"async\" src=\"\/wp-content\/uploads\/picto-fleche.png\" width=\"12\" height=\"12\" alt=\"\" class=\"wp-image-25720 alignnone size-full\" \/><\/li>\n<\/ul>\n<p>Information documents available at the event:<\/p>\n<ul>\n<li><a href=\"https:\/\/cdn-contenu.quebec.ca\/cdn-contenu\/ressources-naturelles\/mines\/Documents\/PR_Investing-mining-sector.pdf\" target=\"_blank\" rel=\"noopener\">Investing in Qu\u00e9bec\u2019s Mining Sector<\/a>\u00a0<img loading=\"lazy\" decoding=\"async\" src=\"\/wp-content\/uploads\/picto-fleche.png\" width=\"12\" height=\"12\" alt=\"\" class=\"wp-image-25720 alignnone size-full\" \/><\/li>\n<li><a href=\"https:\/\/cdn-contenu.quebec.ca\/cdn-contenu\/ressources-naturelles\/mines\/Documents\/PR_Investing-mining-sector-condensed.pdf\" target=\"_blank\" rel=\"noopener\">Investing in Qu\u00e9bec\u2019s Mining Sector \u2013 Condensed version\u00a0<\/a><img loading=\"lazy\" decoding=\"async\" src=\"\/wp-content\/uploads\/picto-fleche.png\" width=\"12\" height=\"12\" alt=\"\" class=\"wp-image-25720 alignnone size-full\" \/><a href=\"\/wp-content\/uploads\/PR_Investing-mining-sector_round-up_MRNF.pdf\" target=\"_blank\" rel=\"noopener\"><\/a><\/li>\n<li><a href=\"https:\/\/cdn-contenu.quebec.ca\/cdn-contenu\/ressources-naturelles\/mines\/Documents\/FI_Investing-mining-sector-Quebec.pdf\" target=\"_blank\" rel=\"noopener\">Mining Projects \u2013 Critical and Strategic Minerals<\/a>\u00a0<img loading=\"lazy\" decoding=\"async\" src=\"\/wp-content\/uploads\/picto-fleche.png\" width=\"12\" height=\"12\" alt=\"\" class=\"wp-image-25720 alignnone size-full\" \/><\/li>\n<li><a href=\"\/wp-content\/uploads\/PR_mines_actives_projets_miniers_ang.pdf\" target=\"_blank\" rel=\"noopener\">Producing mines and mining projects in Qu\u00e9bec<\/a> <img loading=\"lazy\" decoding=\"async\" src=\"\/wp-content\/uploads\/picto-pdf.png\" width=\"20\" height=\"16\" alt=\"\" class=\"wp-image-26549 alignnone size-full\" \/><\/li>\n<li><a href=\"\/wp-content\/uploads\/signet_SIGEOM.pdf\" target=\"_blank\" rel=\"noopener\">SIG\u00c9OM bookmark<\/a> <img loading=\"lazy\" decoding=\"async\" src=\"\/wp-content\/uploads\/picto-pdf.png\" width=\"20\" height=\"16\" alt=\"\" class=\"wp-image-26549 alignnone size-full\" \/> (French only)<\/li>\n<li><a href=\"\/wp-content\/uploads\/CartonPromoQME_PDAC_ang.pdf\" target=\"_blank\" rel=\"noopener\">Display Qu\u00e9bec Where it\u2019s at<\/a><img loading=\"lazy\" decoding=\"async\" src=\"\/wp-content\/uploads\/picto-pdf.png\" width=\"20\" height=\"16\" alt=\"\" class=\"wp-image-26549 alignnone size-full\" \/><\/li>\n<\/ul>\n<p><strong>Journ\u00e9e des sciences de la Terre et de l\u2019environnement (JSTE) <\/strong><\/p>\n<p>Where: Centre Eau Terre Environnement (ETE) of the INRS, Qu\u00e9bec<br \/>When: March 13, 2026<br \/>The event brings together a new generation of students with a strong commitment to geoscience and the environment from the INRS Earth Sciences program, Universit\u00e9 Laval and other educational institutions in the Universit\u00e9 du Qu\u00e9bec network.<\/p>\n<p><strong>Conf\u00e9rence \u00c9tat du fer au Qu\u00e9bec<\/strong><\/p>\n<p>Where: Man\u00e8ge militaire Voltigeurs, Qu\u00e9bec<br \/>When: March 31, April 1 and 2, 2026<br \/>The event is organized by\u00a0<a href=\"https:\/\/www.magazinermi.ca\/\" target=\"_blank\" rel=\"noopener\">Ressources Mines et Industrie<\/a> <img loading=\"lazy\" decoding=\"async\" src=\"\/wp-content\/uploads\/picto-fleche.png\" width=\"12\" height=\"12\" alt=\"\" class=\"wp-image-25720 alignnone size-full\" \/>.<\/p>\n<p><strong>Le Grand Rendez-vous de la CNESST<\/strong><\/p>\n<p>Where: Centre des congr\u00e8s de Qu\u00e9bec<br \/>When: May 6, 2026<br \/>Visit the event\u00a0<a href=\"https:\/\/en.cnesst.cpsmedia.ca\/\" target=\"_blank\" rel=\"noopener\">website<\/a> <img loading=\"lazy\" decoding=\"async\" src=\"\/wp-content\/uploads\/picto-fleche.png\" width=\"12\" height=\"12\" alt=\"\" class=\"wp-image-25720 alignnone size-full\" \/>.<br \/>QM+\u00c9 will take part in the Grand Rendez-vous de la CNESST to promote its upcoming event.<\/p>\n<p><strong>University visits<\/strong><\/p>\n<p>Where: UQAM, McGill, Polytechnique, INRS, ULaval, UQAC and UQAT<br \/>When: September and October 2026<br \/>The QM+\u00c9 team alongside with the Geology Qu\u00e9bec team will visit universities to promote the event and the student&#8217;s summer field job opportunities<\/p>\n<h2>Past events<\/h2>\n<p><strong>University visits<\/strong><\/p>\n<p>Where: UQAM, McGill, Polytechnique, INRS, ULaval, UQAC and UQAT<br \/>When: September and October 2025<\/p>\n<p><strong>G\u00e9ologie Qu\u00e9bec: Exploring the Past to Build the Future<\/strong><\/p>\n<p>Where: Convention Centre, Le Noranda H\u00f4tel et Spa, Rouyn-Noranda<br \/>When: morning of October 1<br \/>The event is organized by Qu\u00e9bec Mines + \u00c9nergie and the Institut national des mines.<br \/>Register for\u00a0<a href=\"https:\/\/lepointdevente.com\/billets\/qmesurlaroute?lang=en\" target=\"_blank\" rel=\"noopener\">G\u00e9ologie Qu\u00e9bec: Exploring the Past to Build the Future<\/a> <img loading=\"lazy\" decoding=\"async\" src=\"\/wp-content\/uploads\/picto-fleche.png\" width=\"12\" height=\"12\" alt=\"\" class=\"wp-image-25720 alignnone size-full\" \/> (in French only).<br \/>Participate in activities organized by the\u00a0<a href=\"https:\/\/forms.office.com\/pages\/responsepage.aspx?id=cUhHBo9WhkeeN0Q85wsaz39ivAwgWmFCqno1GyyTkAJUQU8xNTJCVDdRUUc0Sk9SSkxOQVpIREU3WiQlQCN0PWcu&amp;route=shorturl\" target=\"_blank\" rel=\"noopener\">P\u00f4le d\u2019enseignement sup\u00e9rieur dans le secteur minier<\/a> <img loading=\"lazy\" decoding=\"async\" src=\"\/wp-content\/uploads\/picto-fleche.png\" width=\"12\" height=\"12\" alt=\"\" class=\"wp-image-25720 alignnone size-full\" \/>, the Women in Mining Qu\u00e9bec networking event, and the\u00a0<a href=\"https:\/\/inmq.gouv.qc.ca\/colloque2025\" target=\"_blank\" rel=\"noopener\">10<sup>th<\/sup>\u00a0Symposium of the Institut national des mines<\/a> <img loading=\"lazy\" decoding=\"async\" src=\"\/wp-content\/uploads\/picto-fleche.png\" width=\"12\" height=\"12\" alt=\"\" class=\"wp-image-25720 alignnone size-full\" \/>\u00a0(in French only).<\/p>\n<p><strong>Conf\u00e9rence Environnement, mines et d\u00e9veloppement durable<\/strong><\/p>\n<p>Where: Man\u00e8ge militaire, Qu\u00e9bec<br \/>When: October 14 to 16, 2025<br \/>The event is organized by\u00a0<a href=\"https:\/\/www.magazinermi.ca\/\" target=\"_blank\" rel=\"noopener\">Ressources Mines et Industrie<\/a> <img loading=\"lazy\" decoding=\"async\" src=\"\/wp-content\/uploads\/picto-fleche.png\" width=\"12\" height=\"12\" alt=\"\" class=\"wp-image-25720 alignnone size-full\" \/>.<\/p>\n<p><strong>Le Grand Rendez-vous de la CNESST<\/strong><\/p>\n<p>Where: Palais des congr\u00e8s de Montr\u00e9al<br \/>When: October 29, 2025<br \/>Visit the event\u00a0<a href=\"https:\/\/en.cnesst.cpsmedia.ca\/\" target=\"_blank\" rel=\"noopener\">website<\/a> <img loading=\"lazy\" decoding=\"async\" src=\"\/wp-content\/uploads\/picto-fleche.png\" width=\"12\" height=\"12\" alt=\"\" class=\"wp-image-25720 alignnone size-full\" \/>.<\/p>\n<p>If you have any questions about Qu\u00e9bec Mines + \u00c9nergie, contact the event coordinator,\u00a0<a href=\"mailto:francis.desmarais@mrnf.gouv.qc.ca\">Mr. Francis Desmarais<\/a>.<\/p>\n<p>&nbsp;<\/p>\n<p>&nbsp;<\/p>\n<p>[\/et_pb_text][\/et_pb_column][\/et_pb_row][\/et_pb_section]<\/p>\n","protected":false},"excerpt":{"rendered":"<p>Qu\u00e9bec Mines + \u00c9nergie on the road The QM+\u00c9 team does not miss an opportunity to make itself known. \u201cQu\u00e9bec Mines + \u00c9nergie on the road\u201d aims to maintain excellent relations with event partners and increase networking opportunities with stakeholders in the mining and energy sectors. The QM+\u00c9 team will be present at several events [&hellip;]<\/p>\n","protected":false},"author":45,"featured_media":0,"parent":6823,"menu_order":51,"comment_status":"closed","ping_status":"closed","template":"quebecMines.php","meta":{"_acf_changed":false,"_et_pb_use_builder":"on","_et_pb_old_content":"","_et_gb_content_width":"","_oasis_is_in_workflow":0,"_oasis_original":0,"_oasis_task_priority":"","footnotes":""},"class_list":["post-73053","page","type-page","status-publish","hentry"],"acf":[],"yoast_head":"<!-- This site is optimized with the Yoast SEO plugin v24.9 - https:\/\/yoast.com\/wordpress\/plugins\/seo\/ -->\n<title>Qu\u00e9bec Mines + \u00c9nergie on the road - Minist\u00e8re des Ressources naturelles et des For\u00eats<\/title>\n<meta name=\"description\" content=\"Qu\u00e9bec Mines + \u00c9nergie will be on the road this year. Check out the events where you can meet us.\" \/>\n<meta name=\"robots\" content=\"index, follow, max-snippet:-1, max-image-preview:large, max-video-preview:-1\" \/>\n<link rel=\"canonical\" href=\"https:\/\/mrnf.gouv.qc.ca\/en\/quebec-mines\/on-road\/\" \/>\n<meta property=\"og:locale\" content=\"en_US\" \/>\n<meta property=\"og:type\" content=\"article\" \/>\n<meta property=\"og:title\" content=\"A word from the Minister\" \/>\n<meta property=\"og:description\" content=\"The minister welcome you to this 42nd edition of Qu\u00e9bec Mines + \u00c9nergie, a key congress for both Qu\u00e9bec\u2019s industry and its partners.\" \/>\n<meta property=\"og:url\" content=\"https:\/\/mrnf.gouv.qc.ca\/en\/quebec-mines\/on-road\/\" \/>\n<meta property=\"og:site_name\" content=\"Minist\u00e8re des Ressources naturelles et des For\u00eats\" \/>\n<meta property=\"article:publisher\" content=\"https:\/\/www.facebook.com\/RessourcesNaturellesForets\/\" \/>\n<meta property=\"article:modified_time\" content=\"2026-02-19T19:40:23+00:00\" \/>\n<meta property=\"og:image\" content=\"\/wp-content\/uploads\/Medias-sociaux-FB-EN-1.jpg\" \/>\n\t<meta property=\"og:image:width\" content=\"1200\" \/>\n\t<meta property=\"og:image:height\" content=\"630\" \/>\n\t<meta property=\"og:image:type\" content=\"image\/jpeg\" \/>\n<meta name=\"twitter:card\" content=\"summary_large_image\" \/>\n<meta name=\"twitter:title\" content=\"A word from the Minister\" \/>\n<meta name=\"twitter:description\" content=\"The minister welcome you to this 42nd edition of Qu\u00e9bec Mines + \u00c9nergie, a key congress for both Qu\u00e9bec\u2019s industry and its partners.\" \/>\n<meta name=\"twitter:site\" content=\"@mrnfqc\" \/>\n<meta name=\"twitter:label1\" content=\"Est. reading time\" \/>\n\t<meta name=\"twitter:data1\" content=\"5 minutes\" \/>\n<script type=\"application\/ld+json\" class=\"yoast-schema-graph\">{\"@context\":\"https:\/\/schema.org\",\"@graph\":[{\"@type\":\"WebPage\",\"@id\":\"https:\/\/mrnf.gouv.qc.ca\/en\/quebec-mines\/on-road\/\",\"url\":\"https:\/\/mrnf.gouv.qc.ca\/en\/quebec-mines\/on-road\/\",\"name\":\"Qu\u00e9bec Mines + \u00c9nergie on the road - Minist\u00e8re des Ressources naturelles et des For\u00eats\",\"isPartOf\":{\"@id\":\"https:\/\/mrnf.gouv.qc.ca\/#website\"},\"datePublished\":\"2025-02-11T18:26:16+00:00\",\"dateModified\":\"2026-02-19T19:40:23+00:00\",\"description\":\"Qu\u00e9bec Mines + \u00c9nergie will be on the road this year. Check out the events where you can meet us.\",\"breadcrumb\":{\"@id\":\"https:\/\/mrnf.gouv.qc.ca\/en\/quebec-mines\/on-road\/#breadcrumb\"},\"inLanguage\":\"en-US\",\"potentialAction\":[{\"@type\":\"ReadAction\",\"target\":[\"https:\/\/mrnf.gouv.qc.ca\/en\/quebec-mines\/on-road\/\"]}]},{\"@type\":\"BreadcrumbList\",\"@id\":\"https:\/\/mrnf.gouv.qc.ca\/en\/quebec-mines\/on-road\/#breadcrumb\",\"itemListElement\":[{\"@type\":\"ListItem\",\"position\":1,\"name\":\"Accueil\",\"item\":\"https:\/\/mrnf.gouv.qc.ca\/en\/\"},{\"@type\":\"ListItem\",\"position\":2,\"name\":\"Qu\u00e9bec Mines + \u00c9nergie\",\"item\":\"https:\/\/mrnf.gouv.qc.ca\/en\/quebec-mines\/\"},{\"@type\":\"ListItem\",\"position\":3,\"name\":\"Qu\u00e9bec Mines + \u00c9nergie on the road\"}]},{\"@type\":\"WebSite\",\"@id\":\"https:\/\/mrnf.gouv.qc.ca\/#website\",\"url\":\"https:\/\/mrnf.gouv.qc.ca\/\",\"name\":\"Minist\u00e8re des Ressources naturelles et des For\u00eats\",\"description\":\"Prototype WordPress\",\"potentialAction\":[{\"@type\":\"SearchAction\",\"target\":{\"@type\":\"EntryPoint\",\"urlTemplate\":\"https:\/\/mrnf.gouv.qc.ca\/?s={search_term_string}\"},\"query-input\":{\"@type\":\"PropertyValueSpecification\",\"valueRequired\":true,\"valueName\":\"search_term_string\"}}],\"inLanguage\":\"en-US\"}]}<\/script>\n<!-- \/ Yoast SEO plugin. -->","yoast_head_json":{"title":"Qu\u00e9bec Mines + \u00c9nergie on the road - Minist\u00e8re des Ressources naturelles et des For\u00eats","description":"Qu\u00e9bec Mines + \u00c9nergie will be on the road this year. Check out the events where you can meet us.","robots":{"index":"index","follow":"follow","max-snippet":"max-snippet:-1","max-image-preview":"max-image-preview:large","max-video-preview":"max-video-preview:-1"},"canonical":"https:\/\/mrnf.gouv.qc.ca\/en\/quebec-mines\/on-road\/","og_locale":"en_US","og_type":"article","og_title":"A word from the Minister","og_description":"The minister welcome you to this 42nd edition of Qu\u00e9bec Mines + \u00c9nergie, a key congress for both Qu\u00e9bec\u2019s industry and its partners.","og_url":"https:\/\/mrnf.gouv.qc.ca\/en\/quebec-mines\/on-road\/","og_site_name":"Minist\u00e8re des Ressources naturelles et des For\u00eats","article_publisher":"https:\/\/www.facebook.com\/RessourcesNaturellesForets\/","article_modified_time":"2026-02-19T19:40:23+00:00","og_image":[{"width":1200,"height":630,"url":"\/wp-content\/uploads\/Medias-sociaux-FB-EN-1.jpg","type":"image\/jpeg"}],"twitter_card":"summary_large_image","twitter_title":"A word from the Minister","twitter_description":"The minister welcome you to this 42nd edition of Qu\u00e9bec Mines + \u00c9nergie, a key congress for both Qu\u00e9bec\u2019s industry and its partners.","twitter_site":"@mrnfqc","twitter_misc":{"Est. reading time":"5 minutes"},"schema":{"@context":"https:\/\/schema.org","@graph":[{"@type":"WebPage","@id":"https:\/\/mrnf.gouv.qc.ca\/en\/quebec-mines\/on-road\/","url":"https:\/\/mrnf.gouv.qc.ca\/en\/quebec-mines\/on-road\/","name":"Qu\u00e9bec Mines + \u00c9nergie on the road - Minist\u00e8re des Ressources naturelles et des For\u00eats","isPartOf":{"@id":"https:\/\/mrnf.gouv.qc.ca\/#website"},"datePublished":"2025-02-11T18:26:16+00:00","dateModified":"2026-02-19T19:40:23+00:00","description":"Qu\u00e9bec Mines + \u00c9nergie will be on the road this year. Check out the events where you can meet us.","breadcrumb":{"@id":"https:\/\/mrnf.gouv.qc.ca\/en\/quebec-mines\/on-road\/#breadcrumb"},"inLanguage":"en-US","potentialAction":[{"@type":"ReadAction","target":["https:\/\/mrnf.gouv.qc.ca\/en\/quebec-mines\/on-road\/"]}]},{"@type":"BreadcrumbList","@id":"https:\/\/mrnf.gouv.qc.ca\/en\/quebec-mines\/on-road\/#breadcrumb","itemListElement":[{"@type":"ListItem","position":1,"name":"Accueil","item":"https:\/\/mrnf.gouv.qc.ca\/en\/"},{"@type":"ListItem","position":2,"name":"Qu\u00e9bec Mines + \u00c9nergie","item":"https:\/\/mrnf.gouv.qc.ca\/en\/quebec-mines\/"},{"@type":"ListItem","position":3,"name":"Qu\u00e9bec Mines + \u00c9nergie on the road"}]},{"@type":"WebSite","@id":"https:\/\/mrnf.gouv.qc.ca\/#website","url":"https:\/\/mrnf.gouv.qc.ca\/","name":"Minist\u00e8re des Ressources naturelles et des For\u00eats","description":"Prototype WordPress","potentialAction":[{"@type":"SearchAction","target":{"@type":"EntryPoint","urlTemplate":"https:\/\/mrnf.gouv.qc.ca\/?s={search_term_string}"},"query-input":{"@type":"PropertyValueSpecification","valueRequired":true,"valueName":"search_term_string"}}],"inLanguage":"en-US"}]}},"_links":{"self":[{"href":"https:\/\/mrnf.gouv.qc.ca\/en\/wp-json\/wp\/v2\/pages\/73053","targetHints":{"allow":["GET"]}}],"collection":[{"href":"https:\/\/mrnf.gouv.qc.ca\/en\/wp-json\/wp\/v2\/pages"}],"about":[{"href":"https:\/\/mrnf.gouv.qc.ca\/en\/wp-json\/wp\/v2\/types\/page"}],"author":[{"embeddable":true,"href":"https:\/\/mrnf.gouv.qc.ca\/en\/wp-json\/wp\/v2\/users\/45"}],"replies":[{"embeddable":true,"href":"https:\/\/mrnf.gouv.qc.ca\/en\/wp-json\/wp\/v2\/comments?post=73053"}],"version-history":[{"count":10,"href":"https:\/\/mrnf.gouv.qc.ca\/en\/wp-json\/wp\/v2\/pages\/73053\/revisions"}],"predecessor-version":[{"id":92669,"href":"https:\/\/mrnf.gouv.qc.ca\/en\/wp-json\/wp\/v2\/pages\/73053\/revisions\/92669"}],"up":[{"embeddable":true,"href":"https:\/\/mrnf.gouv.qc.ca\/en\/wp-json\/wp\/v2\/pages\/6823"}],"wp:attachment":[{"href":"https:\/\/mrnf.gouv.qc.ca\/en\/wp-json\/wp\/v2\/media?parent=73053"}],"curies":[{"name":"wp","href":"https:\/\/api.w.org\/{rel}","templated":true}]}}