


{"id":7200,"date":"2016-07-22T10:43:47","date_gmt":"2016-07-22T14:43:47","guid":{"rendered":"http:\/\/mern.gouv.qc.ca\/?page_id=7200&#038;lang=en"},"modified":"2026-02-04T13:58:05","modified_gmt":"2026-02-04T18:58:05","slug":"contact","status":"publish","type":"page","link":"https:\/\/mrnf.gouv.qc.ca\/en\/quebec-mines\/contact\/","title":{"rendered":"Contact us"},"content":{"rendered":"<p>[et_pb_section fb_built=&#8221;1&#8243; specialty=&#8221;on&#8221; _builder_version=&#8221;4.16&#8243; global_colors_info=&#8221;{}&#8221;][et_pb_column type=&#8221;1_4&#8243; _builder_version=&#8221;4.16&#8243; custom_padding=&#8221;|||&#8221; global_colors_info=&#8221;{}&#8221; custom_padding__hover=&#8221;|||&#8221;][et_pb_sidebar area=&#8221;et_pb_widget_area_26&#8243; admin_label=&#8221;Sous-menu \u00c0 propos&#8221; module_class=&#8221;menuSecondaire&#8221; _builder_version=&#8221;4.16&#8243; global_colors_info=&#8221;{}&#8221;][\/et_pb_sidebar][\/et_pb_column][et_pb_column type=&#8221;3_4&#8243; specialty_columns=&#8221;3&#8243; _builder_version=&#8221;4.16&#8243; custom_padding=&#8221;|||&#8221; global_colors_info=&#8221;{}&#8221; custom_padding__hover=&#8221;|||&#8221;][et_pb_row_inner admin_label=&#8221;Ligne&#8221; _builder_version=&#8221;4.16&#8243; global_colors_info=&#8221;{}&#8221;][et_pb_column_inner saved_specialty_column_type=&#8221;3_4&#8243; _builder_version=&#8221;4.16&#8243; custom_padding=&#8221;|||&#8221; global_colors_info=&#8221;{}&#8221; custom_padding__hover=&#8221;|||&#8221;][et_pb_text admin_label=&#8221;Contenu&#8221; _builder_version=&#8221;4.27.5&#8243; hover_enabled=&#8221;0&#8243; border_style=&#8221;solid&#8221; global_colors_info=&#8221;{}&#8221; sticky_enabled=&#8221;0&#8243;]<\/p>\n<h1>Contact us<\/h1>\n<div class=\"encadrer\">\n<h2>Opening hours<\/h2>\n<p><strong>Registration counter<\/strong><br \/>Monday, November 16 &#8211; 7:30 a.m. to 5:30 p.m.<br \/>Tuesday, November 17 &#8211; 7:30 a.m. to 5:30 p.m.<br \/>Wednesday, November 18 &#8211; 8:00 a.m. to 5:30 p.m.<br \/>Thursday, November 19\u00a0&#8211; 8:00 a.m. to 12:00 p.m.<\/p>\n<p><strong>Workshops<\/strong><br \/>Monday, November 16 &#8211; 9:00 a.m. to 4:30 p.m.<\/p>\n<p><strong>Conferences<\/strong><br \/>Tuesday, November 17 &#8211; 9:30 a.m. to 4:00 p.m.<br \/>Wednesday, November 18 &#8211; 9:30 a.m. to 4:00 p.m.<br \/>Thursday, November 19 &#8211; 9:30 a.m. to 12:00 p.m.<\/p>\n<p><strong>Exhibit hall<\/strong><br \/>Monday, November 16 &#8211; 9:00 a.m. to 7:00 p.m. (booth set up in the exhibit hall)<br \/>Tuesday, November 17 &#8211; 7:00 a.m. to 9:00 a.m. (exhibit hall accessible to exhibitors only)<br \/>Tuesday, November 17 &#8211; 9:00 a.m. to 5:00 p.m. (exhibit hall in operation)<br \/>Wednesday, November 18 &#8211; 9:00 a.m. to 5:00 p.m. (exhibit hall in operation)<br \/>Thursday, November 19\u00a0&#8211; 9:00 a.m. to noon (exhibit hall in operation)<\/p>\n<p>The room 400\u2019s doors (exhibit hall) will open at 8:30 a.m. Tuesday, Wednesday and Thursday to access the conferences rooms in the exhibit hall.<\/p>\n<\/div>\n<p><strong>Qu\u00e9bec Mines + \u00c9nergie<br \/><\/strong>5700, 4<sup><span style=\"font-size: small;\">e<\/span><\/sup> Avenue Ouest, D 316<br \/>Qu\u00e9bec (Qu\u00e9bec) G1H 6R1<br \/>Phone (toll free in Canada): 1-866-249-0649<br \/>Elsewhere: 1-418-627-8637<br \/>Email: <a href=\"mailto:QcMinesEnergie@mrnf.gouv.qc.ca\">QcMinesEnergie@mrnf.gouv.qc.ca<\/a><\/p>\n<p><strong>Registration<br \/><\/strong><span>Marie-Claude Bonneau<br \/><\/span>Email: <a href=\"mailto:Marie-Claude.Bonneau@mrnf.gouv.qc.ca\">Marie-Claude.Bonneau@mrnf.gouv.qc.ca<\/a><\/p>\n<p><strong>Reservations (Meeting rooms and Presentations on stage)<\/strong><br \/>Francis Desmarais<br \/>Email: <a href=\"mailto:Francis.Desmarais@mrnf.gouv.qc.ca\">Francis.Desmarais@mrnf.gouv.qc.ca<\/a><\/p>\n<p><strong>Exhibition<br \/><\/strong>Ingrid Metta<br \/>Email: <a href=\"mailto:Ingrid.Metta@mrnf.gouv.qc.ca\">Ingrid.Metta@mrnf.gouv.qc.ca<\/a><\/p>\n<p><strong>Geoscientific exhibition<\/strong><strong><br \/><\/strong>Virginie Daubois<br \/>Email:\u00a0\u00a0<a href=\"mailto:Virginie.Daubois@mrnf.gouv.qc.ca\">Virginie.Daubois@mrnf.gouv.qc.ca<\/a><\/p>\n<p><strong>Qu\u00e9bec Mines + \u00c9nergie D\u00e9couverte<br \/><\/strong>Julie Gagn\u00e9<br \/>Email: <a href=\"mailto:Julie.Gagne@mrnf.gouv.qc.ca\">Julie.Gagne@mrnf.gouv.qc.ca<\/a><\/p>\n<p><strong>Technical program<br \/><\/strong><span>Marie-Claude Bonneau<br \/><\/span>Email: <a href=\"mailto:Marie-Claude.Bonneau@mrnf.gouv.qc.ca\">Marie-Claude.Bonneau@mrnf.gouv.qc.ca<\/a><\/p>\n<p><strong>Coordination<br \/><\/strong>Francis Desmarais<br \/>Email: <a href=\"mailto:Francis.Desmarais@mrnf.gouv.qc.ca\">Francis.Desmarais@mrnf.gouv.qc.ca<\/a><a href=\"mailto:Adeline.Essoh@mern.gouv.qc.ca\"><br \/><\/a><\/p>\n<p>&nbsp;<\/p>\n<p>&nbsp;<\/p>\n<p>[\/et_pb_text][\/et_pb_column_inner][\/et_pb_row_inner][\/et_pb_column][\/et_pb_section]<\/p>\n","protected":false},"excerpt":{"rendered":"<p>Contact us Opening hours Registration counterMonday, November 16 &#8211; 7:30 a.m. to 5:30 p.m.Tuesday, November 17 &#8211; 7:30 a.m. to 5:30 p.m.Wednesday, November 18 &#8211; 8:00 a.m. to 5:30 p.m.Thursday, November 19\u00a0&#8211; 8:00 a.m. to 12:00 p.m. WorkshopsMonday, November 16 &#8211; 9:00 a.m. to 4:30 p.m. ConferencesTuesday, November 17 &#8211; 9:30 a.m. to 4:00 p.m.Wednesday, [&hellip;]<\/p>\n","protected":false},"author":21,"featured_media":0,"parent":6823,"menu_order":51,"comment_status":"closed","ping_status":"closed","template":"quebecMines.php","meta":{"_acf_changed":false,"_et_pb_use_builder":"on","_et_pb_old_content":"","_et_gb_content_width":"","_oasis_is_in_workflow":0,"_oasis_original":0,"_oasis_task_priority":"","footnotes":""},"class_list":["post-7200","page","type-page","status-publish","hentry"],"acf":[],"yoast_head":"<!-- This site is optimized with the Yoast SEO plugin v24.9 - https:\/\/yoast.com\/wordpress\/plugins\/seo\/ -->\n<title>Contact us - Minist\u00e8re des Ressources naturelles et des For\u00eats<\/title>\n<meta name=\"description\" content=\"Consult the full details of Qu\u00e9bec Mines + \u00c9nergie contacts. Contact page for registration, exhibitions, coordination etc.\" \/>\n<meta name=\"robots\" content=\"index, follow, max-snippet:-1, max-image-preview:large, max-video-preview:-1\" \/>\n<link rel=\"canonical\" href=\"https:\/\/mrnf.gouv.qc.ca\/en\/quebec-mines\/contact\/\" \/>\n<meta property=\"og:locale\" content=\"en_US\" \/>\n<meta property=\"og:type\" content=\"article\" \/>\n<meta property=\"og:title\" content=\"Contact Qu\u00e9bec Mines + \u00c9nergie\" \/>\n<meta property=\"og:description\" content=\"Consult the full details of Qu\u00e9bec Mines + \u00c9nergie contacts. Contact page for registration, exhibitions, coordination etc.\" \/>\n<meta property=\"og:url\" content=\"https:\/\/mrnf.gouv.qc.ca\/en\/quebec-mines\/contact\/\" \/>\n<meta property=\"og:site_name\" content=\"Minist\u00e8re des Ressources naturelles et des For\u00eats\" \/>\n<meta property=\"article:publisher\" content=\"https:\/\/www.facebook.com\/RessourcesNaturellesForets\/\" \/>\n<meta property=\"article:modified_time\" content=\"2026-02-04T18:58:05+00:00\" \/>\n<meta property=\"og:image\" content=\"\/wp-content\/uploads\/QME2024_OG-FB_ANG-1024x535.jpg\" \/>\n\t<meta property=\"og:image:width\" content=\"1200\" \/>\n\t<meta property=\"og:image:height\" content=\"627\" \/>\n\t<meta property=\"og:image:type\" content=\"image\/jpeg\" \/>\n<meta name=\"twitter:card\" content=\"summary_large_image\" \/>\n<meta name=\"twitter:title\" content=\"Contact Qu\u00e9bec Mines + \u00c9nergie\" \/>\n<meta name=\"twitter:description\" content=\"Consult the full details of Qu\u00e9bec Mines + \u00c9nergie contacts. Contact page for registration, exhibitions, coordination etc.\" \/>\n<meta name=\"twitter:image\" content=\"https:\/\/mrnf.gouv.qc.ca\/wp-content\/uploads\/QME2024_OG-TW_ANG.jpg\" \/>\n<meta name=\"twitter:site\" content=\"@mrnfqc\" \/>\n<meta name=\"twitter:label1\" content=\"Est. reading time\" \/>\n\t<meta name=\"twitter:data1\" content=\"2 minutes\" \/>\n<script type=\"application\/ld+json\" class=\"yoast-schema-graph\">{\"@context\":\"https:\/\/schema.org\",\"@graph\":[{\"@type\":\"WebPage\",\"@id\":\"https:\/\/mrnf.gouv.qc.ca\/en\/quebec-mines\/contact\/\",\"url\":\"https:\/\/mrnf.gouv.qc.ca\/en\/quebec-mines\/contact\/\",\"name\":\"Contact us - Minist\u00e8re des Ressources naturelles et des For\u00eats\",\"isPartOf\":{\"@id\":\"https:\/\/mrnf.gouv.qc.ca\/#website\"},\"datePublished\":\"2016-07-22T14:43:47+00:00\",\"dateModified\":\"2026-02-04T18:58:05+00:00\",\"description\":\"Consult the full details of Qu\u00e9bec Mines + \u00c9nergie contacts. Contact page for registration, exhibitions, coordination etc.\",\"breadcrumb\":{\"@id\":\"https:\/\/mrnf.gouv.qc.ca\/en\/quebec-mines\/contact\/#breadcrumb\"},\"inLanguage\":\"en-US\",\"potentialAction\":[{\"@type\":\"ReadAction\",\"target\":[\"https:\/\/mrnf.gouv.qc.ca\/en\/quebec-mines\/contact\/\"]}]},{\"@type\":\"BreadcrumbList\",\"@id\":\"https:\/\/mrnf.gouv.qc.ca\/en\/quebec-mines\/contact\/#breadcrumb\",\"itemListElement\":[{\"@type\":\"ListItem\",\"position\":1,\"name\":\"Accueil\",\"item\":\"https:\/\/mrnf.gouv.qc.ca\/en\/\"},{\"@type\":\"ListItem\",\"position\":2,\"name\":\"Qu\u00e9bec Mines + \u00c9nergie\",\"item\":\"https:\/\/mrnf.gouv.qc.ca\/en\/quebec-mines\/\"},{\"@type\":\"ListItem\",\"position\":3,\"name\":\"Contact us\"}]},{\"@type\":\"WebSite\",\"@id\":\"https:\/\/mrnf.gouv.qc.ca\/#website\",\"url\":\"https:\/\/mrnf.gouv.qc.ca\/\",\"name\":\"Minist\u00e8re des Ressources naturelles et des For\u00eats\",\"description\":\"Prototype WordPress\",\"potentialAction\":[{\"@type\":\"SearchAction\",\"target\":{\"@type\":\"EntryPoint\",\"urlTemplate\":\"https:\/\/mrnf.gouv.qc.ca\/?s={search_term_string}\"},\"query-input\":{\"@type\":\"PropertyValueSpecification\",\"valueRequired\":true,\"valueName\":\"search_term_string\"}}],\"inLanguage\":\"en-US\"}]}<\/script>\n<!-- \/ Yoast SEO plugin. -->","yoast_head_json":{"title":"Contact us - Minist\u00e8re des Ressources naturelles et des For\u00eats","description":"Consult the full details of Qu\u00e9bec Mines + \u00c9nergie contacts. Contact page for registration, exhibitions, coordination etc.","robots":{"index":"index","follow":"follow","max-snippet":"max-snippet:-1","max-image-preview":"max-image-preview:large","max-video-preview":"max-video-preview:-1"},"canonical":"https:\/\/mrnf.gouv.qc.ca\/en\/quebec-mines\/contact\/","og_locale":"en_US","og_type":"article","og_title":"Contact Qu\u00e9bec Mines + \u00c9nergie","og_description":"Consult the full details of Qu\u00e9bec Mines + \u00c9nergie contacts. Contact page for registration, exhibitions, coordination etc.","og_url":"https:\/\/mrnf.gouv.qc.ca\/en\/quebec-mines\/contact\/","og_site_name":"Minist\u00e8re des Ressources naturelles et des For\u00eats","article_publisher":"https:\/\/www.facebook.com\/RessourcesNaturellesForets\/","article_modified_time":"2026-02-04T18:58:05+00:00","og_image":[{"width":1200,"height":627,"url":"\/wp-content\/uploads\/QME2024_OG-FB_ANG-1024x535.jpg","type":"image\/jpeg"}],"twitter_card":"summary_large_image","twitter_title":"Contact Qu\u00e9bec Mines + \u00c9nergie","twitter_description":"Consult the full details of Qu\u00e9bec Mines + \u00c9nergie contacts. Contact page for registration, exhibitions, coordination etc.","twitter_image":"https:\/\/mrnf.gouv.qc.ca\/wp-content\/uploads\/QME2024_OG-TW_ANG.jpg","twitter_site":"@mrnfqc","twitter_misc":{"Est. reading time":"2 minutes"},"schema":{"@context":"https:\/\/schema.org","@graph":[{"@type":"WebPage","@id":"https:\/\/mrnf.gouv.qc.ca\/en\/quebec-mines\/contact\/","url":"https:\/\/mrnf.gouv.qc.ca\/en\/quebec-mines\/contact\/","name":"Contact us - Minist\u00e8re des Ressources naturelles et des For\u00eats","isPartOf":{"@id":"https:\/\/mrnf.gouv.qc.ca\/#website"},"datePublished":"2016-07-22T14:43:47+00:00","dateModified":"2026-02-04T18:58:05+00:00","description":"Consult the full details of Qu\u00e9bec Mines + \u00c9nergie contacts. Contact page for registration, exhibitions, coordination etc.","breadcrumb":{"@id":"https:\/\/mrnf.gouv.qc.ca\/en\/quebec-mines\/contact\/#breadcrumb"},"inLanguage":"en-US","potentialAction":[{"@type":"ReadAction","target":["https:\/\/mrnf.gouv.qc.ca\/en\/quebec-mines\/contact\/"]}]},{"@type":"BreadcrumbList","@id":"https:\/\/mrnf.gouv.qc.ca\/en\/quebec-mines\/contact\/#breadcrumb","itemListElement":[{"@type":"ListItem","position":1,"name":"Accueil","item":"https:\/\/mrnf.gouv.qc.ca\/en\/"},{"@type":"ListItem","position":2,"name":"Qu\u00e9bec Mines + \u00c9nergie","item":"https:\/\/mrnf.gouv.qc.ca\/en\/quebec-mines\/"},{"@type":"ListItem","position":3,"name":"Contact us"}]},{"@type":"WebSite","@id":"https:\/\/mrnf.gouv.qc.ca\/#website","url":"https:\/\/mrnf.gouv.qc.ca\/","name":"Minist\u00e8re des Ressources naturelles et des For\u00eats","description":"Prototype WordPress","potentialAction":[{"@type":"SearchAction","target":{"@type":"EntryPoint","urlTemplate":"https:\/\/mrnf.gouv.qc.ca\/?s={search_term_string}"},"query-input":{"@type":"PropertyValueSpecification","valueRequired":true,"valueName":"search_term_string"}}],"inLanguage":"en-US"}]}},"_links":{"self":[{"href":"https:\/\/mrnf.gouv.qc.ca\/en\/wp-json\/wp\/v2\/pages\/7200","targetHints":{"allow":["GET"]}}],"collection":[{"href":"https:\/\/mrnf.gouv.qc.ca\/en\/wp-json\/wp\/v2\/pages"}],"about":[{"href":"https:\/\/mrnf.gouv.qc.ca\/en\/wp-json\/wp\/v2\/types\/page"}],"author":[{"embeddable":true,"href":"https:\/\/mrnf.gouv.qc.ca\/en\/wp-json\/wp\/v2\/users\/21"}],"replies":[{"embeddable":true,"href":"https:\/\/mrnf.gouv.qc.ca\/en\/wp-json\/wp\/v2\/comments?post=7200"}],"version-history":[{"count":9,"href":"https:\/\/mrnf.gouv.qc.ca\/en\/wp-json\/wp\/v2\/pages\/7200\/revisions"}],"predecessor-version":[{"id":92333,"href":"https:\/\/mrnf.gouv.qc.ca\/en\/wp-json\/wp\/v2\/pages\/7200\/revisions\/92333"}],"up":[{"embeddable":true,"href":"https:\/\/mrnf.gouv.qc.ca\/en\/wp-json\/wp\/v2\/pages\/6823"}],"wp:attachment":[{"href":"https:\/\/mrnf.gouv.qc.ca\/en\/wp-json\/wp\/v2\/media?parent=7200"}],"curies":[{"name":"wp","href":"https:\/\/api.w.org\/{rel}","templated":true}]}}