


{"id":69233,"date":"2024-09-23T09:51:21","date_gmt":"2024-09-23T13:51:21","guid":{"rendered":"https:\/\/mrnf.gouv.qc.ca\/?page_id=69233"},"modified":"2024-09-23T10:08:34","modified_gmt":"2024-09-23T14:08:34","slug":"control-mining-activities","status":"publish","type":"page","link":"https:\/\/mrnf.gouv.qc.ca\/en\/mines\/mining-rights\/control-mining-activities\/","title":{"rendered":"Control of mining activities"},"content":{"rendered":"<p>[et_pb_section fb_built=&#8221;1&#8243; specialty=&#8221;on&#8221; admin_label=&#8221;section&#8221; _builder_version=&#8221;4.16&#8243; global_colors_info=&#8221;{}&#8221;][et_pb_column type=&#8221;1_4&#8243; _builder_version=&#8221;4.16&#8243; custom_padding=&#8221;|||&#8221; global_colors_info=&#8221;{}&#8221; custom_padding__hover=&#8221;|||&#8221;][et_pb_sidebar area=&#8221;et_pb_widget_area_46&#8243; admin_label=&#8221;Menu Titres miniers&#8221; module_class=&#8221;menuSecondaire&#8221; _builder_version=&#8221;4.16&#8243; global_colors_info=&#8221;{}&#8221;][\/et_pb_sidebar][\/et_pb_column][et_pb_column type=&#8221;1_2&#8243; specialty_columns=&#8221;2&#8243; _builder_version=&#8221;4.16&#8243; custom_padding=&#8221;|||&#8221; global_colors_info=&#8221;{}&#8221; custom_padding__hover=&#8221;|||&#8221;][et_pb_row_inner _builder_version=&#8221;4.16&#8243; global_colors_info=&#8221;{}&#8221;][et_pb_column_inner saved_specialty_column_type=&#8221;1_2&#8243; _builder_version=&#8221;4.16&#8243; custom_padding=&#8221;|||&#8221; global_colors_info=&#8221;{}&#8221; custom_padding__hover=&#8221;|||&#8221;][et_pb_text _builder_version=&#8221;4.25.2&#8243; module_alignment=&#8221;left&#8221; global_colors_info=&#8221;{}&#8221;]<\/p>\n<h1>Control of mining activities<\/h1>\n<p>The mandate of the Minist\u00e8re des Ressources naturelles et des For\u00eats is to ensure that exploration and mining in Qu\u00e9bec are carried out in accordance with the Mining Act and its Regulation. The MRNF can, therefore, make any decision regarding a notice of map designation under section 53 of the Mining Act and suspend or revoke a mining right under Chapter VIII of the Mining Act.<\/p>\n<p>The MRNF may also take steps to have a criminal offence issued against a person or mining company who contravenes any of the provisions referred to in sections 314 to 318 of the Mining Act.<\/p>\n<h2>Decisions<\/h2>\n<p><a href=\"\/wp-content\/uploads\/Decision_AN_32-22369.pdf\" target=\"_blank\" rel=\"noopener\">32-22369 (sections 65 and 235 of the Mining Act, Afzaal Pirzada)<\/a><img loading=\"lazy\" decoding=\"async\" src=\"\/wp-content\/uploads\/2016\/01\/picto-pdf.png\" alt=\"\" width=\"20\" height=\"16\" \/> (in French)\u00a0<\/p>\n<p>Mr. Pirzada carried out mining activities without prior notification to the municipalities and prior authorization from the landowners. Section 65 of the Mining Act provides that the holder of a mining title may only exercise his right of access in accordance with the provisions of section 235 of that Act. Therefore, the holder must obtain the consent of the owner of private land, or the lessee of land leased by the State.<\/p>\n<p>&nbsp;<\/p>\n<p>&nbsp;<\/p>\n<p>[\/et_pb_text][\/et_pb_column_inner][\/et_pb_row_inner][\/et_pb_column][et_pb_column type=&#8221;1_4&#8243; _builder_version=&#8221;4.16&#8243; custom_padding=&#8221;|||&#8221; global_colors_info=&#8221;{}&#8221; custom_padding__hover=&#8221;|||&#8221;][et_pb_sidebar area=&#8221;et_pb_widget_area_40&#8243; admin_label=&#8221;Liens rapides mines&#8221; module_class=&#8221;liensRapidesInterne&#8221; _builder_version=&#8221;4.16&#8243; global_colors_info=&#8221;{}&#8221;][\/et_pb_sidebar][\/et_pb_column][\/et_pb_section]<\/p>\n","protected":false},"excerpt":{"rendered":"<p>Control of mining activities The mandate of the Minist\u00e8re des Ressources naturelles et des For\u00eats is to ensure that exploration and mining in Qu\u00e9bec are carried out in accordance with the Mining Act and its Regulation. The MRNF can, therefore, make any decision regarding a notice of map designation under section 53 of the Mining [&hellip;]<\/p>\n","protected":false},"author":45,"featured_media":0,"parent":27559,"menu_order":5,"comment_status":"closed","ping_status":"closed","template":"","meta":{"_acf_changed":false,"_et_pb_use_builder":"on","_et_pb_old_content":"[et_pb_section fb_built=\"1\" specialty=\"on\" admin_label=\"section\" _builder_version=\"4.16\" global_colors_info=\"{}\" theme_builder_area=\"post_content\"][et_pb_column type=\"1_4\" _builder_version=\"4.16\" custom_padding=\"|||\" global_colors_info=\"{}\" custom_padding__hover=\"|||\" theme_builder_area=\"post_content\"][et_pb_sidebar area=\"et_pb_widget_area_46\" admin_label=\"Menu Titres miniers\" module_class=\"menuSecondaire\" _builder_version=\"4.16\" global_colors_info=\"{}\" theme_builder_area=\"post_content\"][\/et_pb_sidebar][\/et_pb_column][et_pb_column type=\"1_2\" specialty_columns=\"2\" _builder_version=\"4.16\" custom_padding=\"|||\" global_colors_info=\"{}\" custom_padding__hover=\"|||\" theme_builder_area=\"post_content\"][et_pb_row_inner _builder_version=\"4.16\" global_colors_info=\"{}\" theme_builder_area=\"post_content\"][et_pb_column_inner saved_specialty_column_type=\"1_2\" _builder_version=\"4.16\" custom_padding=\"|||\" global_colors_info=\"{}\" custom_padding__hover=\"|||\" theme_builder_area=\"post_content\"][et_pb_text _builder_version=\"4.27.0\" module_alignment=\"left\" global_colors_info=\"{}\" theme_builder_area=\"post_content\"]\n<h1>Contr\u00f4le de l\u2019activit\u00e9 mini\u00e8re<\/h1>\nLe MRNF a pour mandat de s\u2019assurer que l\u2019exploration et l\u2019exploitation mini\u00e8re au Qu\u00e9bec s\u2019effectuent conform\u00e9ment \u00e0 la Loi sur les mines et \u00e0 son R\u00e8glement. La ministre des Ressources naturelles et des For\u00eats peut donc rendre toute d\u00e9cision concernant un avis de d\u00e9signation sur carte r\u00e9f\u00e9r\u00e9 en vertu de l\u2019article 53 de la Loi sur les mines et suspendre ou r\u00e9voquer un droit minier en vertu du chapitre VIII de la Loi sur les mines.\n\nLe MRNF peut aussi, lorsqu\u2019une personne ou une soci\u00e9t\u00e9 mini\u00e8re contrevient \u00e0 une des dispositions mentionn\u00e9es aux articles 314 \u00e0 318 de la Loi sur les mines, entreprendre des d\u00e9marches pour qu\u2019une infraction p\u00e9nale soit \u00e9mise contre elle.\n<h2>D\u00e9cisions<\/h2>\n<a href=\"\/wp-content\/uploads\/Decision_AN_32-22369.pdf\" target=\"_blank\" rel=\"noopener\">32-22369 (articles 65 et 235 de la Loi sur les mines, Afzaal Pirzada)<\/a><img src=\"\/wp-content\/uploads\/2016\/01\/picto-pdf.png\" alt=\"\" width=\"20\" height=\"16\" \/>\n\nMonsieur Pirzada a effectu\u00e9 des activit\u00e9s mini\u00e8res sans avoir pr\u00e9alablement avis\u00e9 les municipalit\u00e9s et sans avoir obtenu les autorisations pr\u00e9alables des propri\u00e9taires terriens. L\u2019article 65 de la Loi sur les mines pr\u00e9voit que le titulaire d\u2019un titre minier ne peut exercer son droit d\u2019acc\u00e8s que suivant les dispositions de l\u2019article 235 de cette loi. Il doit donc pr\u00e9alablement obtenir le consentement du propri\u00e9taire d\u2019un terrain priv\u00e9 ou du locataire d\u2019un terrain lou\u00e9 par l\u2019\u00c9tat.\n\n&nbsp;\n\n&nbsp;\n\n[\/et_pb_text][\/et_pb_column_inner][\/et_pb_row_inner][\/et_pb_column][et_pb_column type=\"1_4\" _builder_version=\"4.16\" custom_padding=\"|||\" global_colors_info=\"{}\" custom_padding__hover=\"|||\" theme_builder_area=\"post_content\"][et_pb_sidebar area=\"et_pb_widget_area_40\" admin_label=\"Liens rapides mines\" module_class=\"liensRapidesInterne\" _builder_version=\"4.16\" global_colors_info=\"{}\" theme_builder_area=\"post_content\"][\/et_pb_sidebar][\/et_pb_column][\/et_pb_section]","_et_gb_content_width":"","_oasis_is_in_workflow":0,"_oasis_original":0,"_oasis_task_priority":"","footnotes":""},"class_list":["post-69233","page","type-page","status-publish","hentry"],"acf":[],"yoast_head":"<!-- This site is optimized with the Yoast SEO plugin v24.9 - https:\/\/yoast.com\/wordpress\/plugins\/seo\/ -->\n<title>Control of mining activities - Minist\u00e8re des Ressources naturelles et des For\u00eats<\/title>\n<meta name=\"robots\" content=\"index, follow, max-snippet:-1, max-image-preview:large, max-video-preview:-1\" \/>\n<link rel=\"canonical\" href=\"https:\/\/mrnf.gouv.qc.ca\/en\/mines\/mining-rights\/control-mining-activities\/\" \/>\n<meta property=\"og:locale\" content=\"en_US\" \/>\n<meta property=\"og:type\" content=\"article\" \/>\n<meta property=\"og:title\" content=\"Control of mining activities - Minist\u00e8re des Ressources naturelles et des For\u00eats\" \/>\n<meta property=\"og:description\" content=\"Control of mining activities The mandate of the Minist\u00e8re des Ressources naturelles et des For\u00eats is to ensure that exploration and mining in Qu\u00e9bec are carried out in accordance with the Mining Act and its Regulation. The MRNF can, therefore, make any decision regarding a notice of map designation under section 53 of the Mining [&hellip;]\" \/>\n<meta property=\"og:url\" content=\"https:\/\/mrnf.gouv.qc.ca\/en\/mines\/mining-rights\/control-mining-activities\/\" \/>\n<meta property=\"og:site_name\" content=\"Minist\u00e8re des Ressources naturelles et des For\u00eats\" \/>\n<meta property=\"article:publisher\" content=\"https:\/\/www.facebook.com\/RessourcesNaturellesForets\/\" \/>\n<meta property=\"article:modified_time\" content=\"2024-09-23T14:08:34+00:00\" \/>\n<meta property=\"og:image\" content=\"\/wp-content\/uploads\/Image-g%c3%a9n%c3%a9rale-hiver_FB.jpg\" \/>\n\t<meta property=\"og:image:width\" content=\"1200\" \/>\n\t<meta property=\"og:image:height\" content=\"630\" \/>\n\t<meta property=\"og:image:type\" content=\"image\/jpeg\" \/>\n<meta name=\"twitter:card\" content=\"summary_large_image\" \/>\n<meta name=\"twitter:site\" content=\"@mrnfqc\" \/>\n<meta name=\"twitter:label1\" content=\"Est. reading time\" \/>\n\t<meta name=\"twitter:data1\" content=\"2 minutes\" \/>\n<script type=\"application\/ld+json\" class=\"yoast-schema-graph\">{\"@context\":\"https:\/\/schema.org\",\"@graph\":[{\"@type\":\"WebPage\",\"@id\":\"https:\/\/mrnf.gouv.qc.ca\/en\/mines\/mining-rights\/control-mining-activities\/\",\"url\":\"https:\/\/mrnf.gouv.qc.ca\/en\/mines\/mining-rights\/control-mining-activities\/\",\"name\":\"Control of mining activities - Minist\u00e8re des Ressources naturelles et des For\u00eats\",\"isPartOf\":{\"@id\":\"https:\/\/mrnf.gouv.qc.ca\/#website\"},\"datePublished\":\"2024-09-23T13:51:21+00:00\",\"dateModified\":\"2024-09-23T14:08:34+00:00\",\"breadcrumb\":{\"@id\":\"https:\/\/mrnf.gouv.qc.ca\/en\/mines\/mining-rights\/control-mining-activities\/#breadcrumb\"},\"inLanguage\":\"en-US\",\"potentialAction\":[{\"@type\":\"ReadAction\",\"target\":[\"https:\/\/mrnf.gouv.qc.ca\/en\/mines\/mining-rights\/control-mining-activities\/\"]}]},{\"@type\":\"BreadcrumbList\",\"@id\":\"https:\/\/mrnf.gouv.qc.ca\/en\/mines\/mining-rights\/control-mining-activities\/#breadcrumb\",\"itemListElement\":[{\"@type\":\"ListItem\",\"position\":1,\"name\":\"Accueil\",\"item\":\"https:\/\/mrnf.gouv.qc.ca\/en\/\"},{\"@type\":\"ListItem\",\"position\":2,\"name\":\"Mines\",\"item\":\"https:\/\/mrnf.gouv.qc.ca\/en\/?page_id=16461\"},{\"@type\":\"ListItem\",\"position\":3,\"name\":\"Mining Rights\",\"item\":\"https:\/\/mrnf.gouv.qc.ca\/en\/mines\/mining-rights\/\"},{\"@type\":\"ListItem\",\"position\":4,\"name\":\"Control of mining activities\"}]},{\"@type\":\"WebSite\",\"@id\":\"https:\/\/mrnf.gouv.qc.ca\/#website\",\"url\":\"https:\/\/mrnf.gouv.qc.ca\/\",\"name\":\"Minist\u00e8re des Ressources naturelles et des For\u00eats\",\"description\":\"Prototype WordPress\",\"potentialAction\":[{\"@type\":\"SearchAction\",\"target\":{\"@type\":\"EntryPoint\",\"urlTemplate\":\"https:\/\/mrnf.gouv.qc.ca\/?s={search_term_string}\"},\"query-input\":{\"@type\":\"PropertyValueSpecification\",\"valueRequired\":true,\"valueName\":\"search_term_string\"}}],\"inLanguage\":\"en-US\"}]}<\/script>\n<!-- \/ Yoast SEO plugin. -->","yoast_head_json":{"title":"Control of mining activities - Minist\u00e8re des Ressources naturelles et des For\u00eats","robots":{"index":"index","follow":"follow","max-snippet":"max-snippet:-1","max-image-preview":"max-image-preview:large","max-video-preview":"max-video-preview:-1"},"canonical":"https:\/\/mrnf.gouv.qc.ca\/en\/mines\/mining-rights\/control-mining-activities\/","og_locale":"en_US","og_type":"article","og_title":"Control of mining activities - Minist\u00e8re des Ressources naturelles et des For\u00eats","og_description":"Control of mining activities The mandate of the Minist\u00e8re des Ressources naturelles et des For\u00eats is to ensure that exploration and mining in Qu\u00e9bec are carried out in accordance with the Mining Act and its Regulation. The MRNF can, therefore, make any decision regarding a notice of map designation under section 53 of the Mining [&hellip;]","og_url":"https:\/\/mrnf.gouv.qc.ca\/en\/mines\/mining-rights\/control-mining-activities\/","og_site_name":"Minist\u00e8re des Ressources naturelles et des For\u00eats","article_publisher":"https:\/\/www.facebook.com\/RessourcesNaturellesForets\/","article_modified_time":"2024-09-23T14:08:34+00:00","og_image":[{"width":1200,"height":630,"url":"\/wp-content\/uploads\/Image-g%c3%a9n%c3%a9rale-hiver_FB.jpg","type":"image\/jpeg"}],"twitter_card":"summary_large_image","twitter_site":"@mrnfqc","twitter_misc":{"Est. reading time":"2 minutes"},"schema":{"@context":"https:\/\/schema.org","@graph":[{"@type":"WebPage","@id":"https:\/\/mrnf.gouv.qc.ca\/en\/mines\/mining-rights\/control-mining-activities\/","url":"https:\/\/mrnf.gouv.qc.ca\/en\/mines\/mining-rights\/control-mining-activities\/","name":"Control of mining activities - Minist\u00e8re des Ressources naturelles et des For\u00eats","isPartOf":{"@id":"https:\/\/mrnf.gouv.qc.ca\/#website"},"datePublished":"2024-09-23T13:51:21+00:00","dateModified":"2024-09-23T14:08:34+00:00","breadcrumb":{"@id":"https:\/\/mrnf.gouv.qc.ca\/en\/mines\/mining-rights\/control-mining-activities\/#breadcrumb"},"inLanguage":"en-US","potentialAction":[{"@type":"ReadAction","target":["https:\/\/mrnf.gouv.qc.ca\/en\/mines\/mining-rights\/control-mining-activities\/"]}]},{"@type":"BreadcrumbList","@id":"https:\/\/mrnf.gouv.qc.ca\/en\/mines\/mining-rights\/control-mining-activities\/#breadcrumb","itemListElement":[{"@type":"ListItem","position":1,"name":"Accueil","item":"https:\/\/mrnf.gouv.qc.ca\/en\/"},{"@type":"ListItem","position":2,"name":"Mines","item":"https:\/\/mrnf.gouv.qc.ca\/en\/?page_id=16461"},{"@type":"ListItem","position":3,"name":"Mining Rights","item":"https:\/\/mrnf.gouv.qc.ca\/en\/mines\/mining-rights\/"},{"@type":"ListItem","position":4,"name":"Control of mining activities"}]},{"@type":"WebSite","@id":"https:\/\/mrnf.gouv.qc.ca\/#website","url":"https:\/\/mrnf.gouv.qc.ca\/","name":"Minist\u00e8re des Ressources naturelles et des For\u00eats","description":"Prototype WordPress","potentialAction":[{"@type":"SearchAction","target":{"@type":"EntryPoint","urlTemplate":"https:\/\/mrnf.gouv.qc.ca\/?s={search_term_string}"},"query-input":{"@type":"PropertyValueSpecification","valueRequired":true,"valueName":"search_term_string"}}],"inLanguage":"en-US"}]}},"_links":{"self":[{"href":"https:\/\/mrnf.gouv.qc.ca\/en\/wp-json\/wp\/v2\/pages\/69233","targetHints":{"allow":["GET"]}}],"collection":[{"href":"https:\/\/mrnf.gouv.qc.ca\/en\/wp-json\/wp\/v2\/pages"}],"about":[{"href":"https:\/\/mrnf.gouv.qc.ca\/en\/wp-json\/wp\/v2\/types\/page"}],"author":[{"embeddable":true,"href":"https:\/\/mrnf.gouv.qc.ca\/en\/wp-json\/wp\/v2\/users\/45"}],"replies":[{"embeddable":true,"href":"https:\/\/mrnf.gouv.qc.ca\/en\/wp-json\/wp\/v2\/comments?post=69233"}],"version-history":[{"count":8,"href":"https:\/\/mrnf.gouv.qc.ca\/en\/wp-json\/wp\/v2\/pages\/69233\/revisions"}],"predecessor-version":[{"id":69244,"href":"https:\/\/mrnf.gouv.qc.ca\/en\/wp-json\/wp\/v2\/pages\/69233\/revisions\/69244"}],"up":[{"embeddable":true,"href":"https:\/\/mrnf.gouv.qc.ca\/en\/wp-json\/wp\/v2\/pages\/27559"}],"wp:attachment":[{"href":"https:\/\/mrnf.gouv.qc.ca\/en\/wp-json\/wp\/v2\/media?parent=69233"}],"curies":[{"name":"wp","href":"https:\/\/api.w.org\/{rel}","templated":true}]}}