


{"id":60705,"date":"2023-08-13T22:00:00","date_gmt":"2023-08-14T02:00:00","guid":{"rendered":"https:\/\/mrnf.gouv.qc.ca\/?page_id=60705"},"modified":"2024-02-14T09:49:23","modified_gmt":"2024-02-14T14:49:23","slug":"notices-2023","status":"publish","type":"page","link":"https:\/\/mrnf.gouv.qc.ca\/en\/mines\/mining-rights\/directives-notices\/notices-2023\/","title":{"rendered":"Notices 2023"},"content":{"rendered":"<p>[et_pb_section fb_built=&#8221;1&#8243; specialty=&#8221;on&#8221; admin_label=&#8221;section&#8221; _builder_version=&#8221;4.16&#8243; global_colors_info=&#8221;{}&#8221;][et_pb_column type=&#8221;1_4&#8243; _builder_version=&#8221;4.16&#8243; custom_padding=&#8221;|||&#8221; global_colors_info=&#8221;{}&#8221; custom_padding__hover=&#8221;|||&#8221;][et_pb_sidebar area=&#8221;et_pb_widget_area_46&#8243; admin_label=&#8221;Menu Titres miniers&#8221; module_class=&#8221;menuSecondaire&#8221; _builder_version=&#8221;4.16&#8243; global_colors_info=&#8221;{}&#8221;][\/et_pb_sidebar][\/et_pb_column][et_pb_column type=&#8221;1_2&#8243; specialty_columns=&#8221;2&#8243; _builder_version=&#8221;4.16&#8243; custom_padding=&#8221;|||&#8221; global_colors_info=&#8221;{}&#8221; custom_padding__hover=&#8221;|||&#8221;][et_pb_row_inner _builder_version=&#8221;4.16&#8243; global_colors_info=&#8221;{}&#8221;][et_pb_column_inner saved_specialty_column_type=&#8221;1_2&#8243; _builder_version=&#8221;4.16&#8243; custom_padding=&#8221;|||&#8221; global_colors_info=&#8221;{}&#8221; custom_padding__hover=&#8221;|||&#8221;][et_pb_text admin_label=&#8221;Avis 2018&#8243; _builder_version=&#8221;4.24.0&#8243; module_alignment=&#8221;left&#8221; global_colors_info=&#8221;{}&#8221;]<\/p>\n<h1>Notices 2023<\/h1>\n<h2>Suspension of the validity period of certain mining claims affected by forest fires<\/h2>\n<p>In the exceptional context of forest fires that have made it impossible to perform certain mineral exploration work this summer, the Minist\u00e8re des Ressources naturelles et des For\u00eats announces the suspension, effective August 14, 2023, of the validity period of certain mining claims for one year, particularly in the Chibougamau, Lebel-sur-Qu\u00e9villon and Eeyou Istchee James Bay sector. Thus, a 12-month extension will be added to the current expiration date of an eligible claim.<\/p>\n<p>The suspension will concern the claims issued before January 1, 2022 on the territories affected by the prolonged forest access and traffic prohibitions (cumulative 28 days or more) due to forest fires. The suspension does not apply to claims already suspended or lapsed, and is not retroactive.<\/p>\n<p>Claim holders whose helicopters have been requisitioned for use by SOPFEU, and have not been able to carry out exploration work for this reason, may also take advantage of the measure, subject to presentation of vouchers, by writing to the Centre de services des mines at <span><a href=\"mailto:services.mines@mrnf.gouv.qc.ca\">services.mines@mrnf.gouv.qc.ca<\/a><\/span>.<\/p>\n<p>Claim holders who do not wish a suspension of the validity period of their claims or part of their claims must apply for lifting of the suspension to the Centre de services des mines at <span><a href=\"mailto:services.mines@mrnf.gouv.qc.ca\">services.mines@mrnf.gouv.qc.ca<\/a><\/span>, within ten (10)\u00a0business days of receipt of the notice of suspension sent by the MRNF.<\/p>\n<p>However, this decision to suspend the validity period of certain claims does not prevent the performance of work in the field by the holders, when forest access on lands in the domain of the State is possible.<\/p>\n<p>This exceptional support measure applies in accordance with section 63 of the Mining Act and under the powers of the Minister of Natural Resources and Forests.<\/p>\n<p><a href=\"\/wp-content\/uploads\/carte_EN.jpg\" target=\"_blank\" rel=\"noopener\">Consult the map of the sectors affected<\/a>.<\/p>\n<p>&nbsp;<\/p>\n<p>&nbsp;<\/p>\n<p>[\/et_pb_text][\/et_pb_column_inner][\/et_pb_row_inner][\/et_pb_column][et_pb_column type=&#8221;1_4&#8243; _builder_version=&#8221;4.16&#8243; custom_padding=&#8221;|||&#8221; global_colors_info=&#8221;{}&#8221; custom_padding__hover=&#8221;|||&#8221;][et_pb_sidebar area=&#8221;et_pb_widget_area_40&#8243; admin_label=&#8221;Liens rapides mines&#8221; module_class=&#8221;liensRapidesInterne&#8221; _builder_version=&#8221;4.16&#8243; global_colors_info=&#8221;{}&#8221;][\/et_pb_sidebar][\/et_pb_column][\/et_pb_section]<\/p>\n","protected":false},"excerpt":{"rendered":"<p>Notices 2023 Suspension of the validity period of certain mining claims affected by forest fires In the exceptional context of forest fires that have made it impossible to perform certain mineral exploration work this summer, the Minist\u00e8re des Ressources naturelles et des For\u00eats announces the suspension, effective August 14, 2023, of the validity period of [&hellip;]<\/p>\n","protected":false},"author":55,"featured_media":0,"parent":27574,"menu_order":8,"comment_status":"closed","ping_status":"closed","template":"","meta":{"_acf_changed":false,"_et_pb_use_builder":"on","_et_pb_old_content":"[et_pb_section fb_built=\"1\" specialty=\"on\" admin_label=\"section\" _builder_version=\"3.22\" global_colors_info=\"{}\"][et_pb_column type=\"1_4\" _builder_version=\"3.25\" custom_padding=\"|||\" global_colors_info=\"{}\" custom_padding__hover=\"|||\"][et_pb_sidebar area=\"et_pb_widget_area_46\" admin_label=\"Menu Titres miniers\" module_class=\"menuSecondaire\" _builder_version=\"3.0.98\" global_colors_info=\"{}\"][\/et_pb_sidebar][\/et_pb_column][et_pb_column type=\"1_2\" specialty_columns=\"2\" _builder_version=\"3.25\" custom_padding=\"|||\" global_colors_info=\"{}\" custom_padding__hover=\"|||\"][et_pb_row_inner _builder_version=\"3.25\" global_colors_info=\"{}\"][et_pb_column_inner saved_specialty_column_type=\"1_2\" _builder_version=\"3.25\" custom_padding=\"|||\" global_colors_info=\"{}\" custom_padding__hover=\"|||\"][et_pb_text admin_label=\"Avis 2018\" _builder_version=\"4.14.7\" module_alignment=\"left\" hover_enabled=\"0\" global_colors_info=\"{}\" sticky_enabled=\"0\"]\n<h1>Avis 2018<\/h1>\n<h2>Signature des rapports d\u2019\u00e9tudes ou de travaux pr\u00e9vus par la Loi<\/h2>\nCette directive est entr\u00e9e en vigueur le 28 novembre 2005 et mise \u00e0 jour le 31&nbsp;mai&nbsp;2018 afin d\u2019assurer la concordance avec le R\u00e8glement modifiant le R\u00e8glement sur les substances min\u00e9rales autres que le p\u00e9trole, le gaz naturel et la saumure entr\u00e9 en vigueur le 31&nbsp;d\u00e9cembre&nbsp;2015<strong>.&nbsp;<\/strong>Elle rend nulle et sans effet toute autre directive pr\u00e9c\u00e9dente sur le m\u00eame sujet. La directive est adopt\u00e9e en vertu des dispositions du chapitre&nbsp;VII du&nbsp;<u><a href=\"http:\/\/legisquebec.gouv.qc.ca\/fr\/ShowDoc\/cr\/M-13.1,%20r.%202\">R\u00e8glement sur les substances min\u00e9rales autres que le p\u00e9trole, le gaz naturel et la saumure<\/a><\/u> <img src=\"\/wp-content\/uploads\/2016\/01\/picto-fleche.png\" width=\"12\" height=\"12\" alt=\"Ce lien s'ouvrira dans un nouvel fen\u00eatre.\" class=\"wp-image-4814 alignnone size-full\">&nbsp;(RLRQ, chapitre&nbsp;M-13.1, r.&nbsp;2) qui pr\u00e9voient, entre autres, que&nbsp;:\n<ul>\n \t<li>Les rapports d\u2019\u00e9tudes ou de travaux requis par la Loi sur les mines (RLRQ,&nbsp;chapitre&nbsp;M\u201113.1) doivent \u00eatre sign\u00e9s par le professionnel qualifi\u00e9 sous le contr\u00f4le duquel les \u00e9tudes ou les travaux ont \u00e9t\u00e9 effectu\u00e9s;<\/li>\n \t<li>Le professionnel qualifi\u00e9 est un g\u00e9ologue membre de l\u2019Ordre des g\u00e9ologues du Qu\u00e9bec, un ing\u00e9nieur membre de l\u2019Ordre des ing\u00e9nieurs du Qu\u00e9bec ou, dans le cas de la tourbe, un agronome membre de l\u2019Ordre des agronomes du Qu\u00e9bec ou un titulaire d\u2019un baccalaur\u00e9at en biologie;<\/li>\n \t<li>Le professionnel qualifi\u00e9 qui signe un rapport d\u2019\u00e9tudes ou de travaux pr\u00e9vus par la Loi sur les mines doit \u00e9galement inscrire, lorsqu\u2019il doit \u00eatre membre d\u2019un ordre, son num\u00e9ro de membre de l\u2019Ordre des g\u00e9ologues du Qu\u00e9bec, de l\u2019Ordre des ing\u00e9nieurs du Qu\u00e9bec ou de l\u2019Ordre des agronomes du Qu\u00e9bec ou apposer son sceau sur le rapport;<\/li>\n \t<li>Le rapport d\u2019\u00e9tudes ou de travaux qui ne contient pas, lorsque requis, le num\u00e9ro de membre de l\u2019ordre ou le sceau du professionnel qualifi\u00e9, ainsi que sa signature, sera refus\u00e9.<\/li>\n<\/ul>\n<h2><a id=\"moyen\"><\/a>Moyen accept\u00e9 pour le d\u00e9p\u00f4t d\u2019une demande de renouvellement de claims<\/h2>\nCette directive est entr\u00e9e en vigueur le 1<sup>er<\/sup>&nbsp;avril 2011 et mise \u00e0 jour le 31&nbsp;mai&nbsp;2018<strong>,&nbsp;<\/strong>afin d\u2019assurer la concordance avec la Loi modifiant la Loi sur les mines (2013, chapitre 32). Elle rend nulle et sans effet toute autre directive pr\u00e9c\u00e9dente sur le m\u00eame sujet.\n\nLa directive est adopt\u00e9e en vertu des articles&nbsp;61 et 207 de la&nbsp;<u><a href=\"http:\/\/www.legisquebec.gouv.qc.ca\/fr\/ShowDoc\/cs\/M-13.1\">Loi sur les mines<\/a><\/u> <img src=\"\/wp-content\/uploads\/2016\/01\/picto-fleche.png\" width=\"12\" height=\"12\" alt=\"Ce lien s'ouvrira dans un nouvel fen\u00eatre.\" class=\"wp-image-4814 alignnone size-full\">&nbsp;(RLRQ, chapitre&nbsp;M-13.1).\n<ul>\n \t<li>Le seul moyen accept\u00e9 pour pr\u00e9senter une demande de renouvellement de claims au Minist\u00e8re est par le site Web&nbsp;<u><a href=\"http:\/\/gestim.mines.gouv.qc.ca\/\">GESTIM<\/a> <img src=\"\/wp-content\/uploads\/2016\/01\/picto-fleche.png\" width=\"12\" height=\"12\" alt=\"Ce lien s'ouvrira dans un nouvel fen\u00eatre.\" class=\"wp-image-4814 alignnone size-full\"><\/u>, sur le formulaire \u00e9lectronique pr\u00e9vu \u00e0 cet effet.<\/li>\n<\/ul>\n<h3>Pour plus de renseignements<\/h3>\n<strong>Centre de services des mines<\/strong>\nT\u00e9l\u00e9phone : 418 627-6278\nLigne sans frais : 1 800 363-7233 (sans frais au Canada et aux \u00c9tats-Unis)\nCourriel : <a href=\"mailto:service.mines@mern.gouv.qc.ca\">service.mines@mern.gouv.qc.ca<\/a>\nHeures d\u2019ouverture :\nLundi, mardi, jeudi et vendredi : de 8 h 30 \u00e0 12 h et de 13 h \u00e0 16 h 30\nMercredi : de 10 h \u00e0 12 h et de 13 h \u00e0 16 h 30\n\n&nbsp;\n\n&nbsp;\n\n&nbsp;[\/et_pb_text][\/et_pb_column_inner][\/et_pb_row_inner][\/et_pb_column][et_pb_column type=\"1_4\" _builder_version=\"3.25\" custom_padding=\"|||\" global_colors_info=\"{}\" custom_padding__hover=\"|||\"][et_pb_sidebar area=\"et_pb_widget_area_40\" admin_label=\"Liens rapides mines\" module_class=\"liensRapidesInterne\" _builder_version=\"3.0.90\" global_colors_info=\"{}\"][\/et_pb_sidebar][\/et_pb_column][\/et_pb_section]","_et_gb_content_width":"","_oasis_is_in_workflow":0,"_oasis_original":0,"_oasis_task_priority":"","footnotes":""},"class_list":["post-60705","page","type-page","status-publish","hentry"],"acf":[],"yoast_head":"<!-- This site is optimized with the Yoast SEO plugin v24.9 - https:\/\/yoast.com\/wordpress\/plugins\/seo\/ -->\n<title>Notices 2023 - Minist\u00e8re des Ressources naturelles et des For\u00eats<\/title>\n<meta name=\"robots\" content=\"index, follow, max-snippet:-1, max-image-preview:large, max-video-preview:-1\" \/>\n<link rel=\"canonical\" href=\"https:\/\/mrnf.gouv.qc.ca\/en\/mines\/mining-rights\/directives-notices\/notices-2023\/\" \/>\n<meta property=\"og:locale\" content=\"en_US\" \/>\n<meta property=\"og:type\" content=\"article\" \/>\n<meta property=\"og:title\" content=\"Notices 2023 - Minist\u00e8re des Ressources naturelles et des For\u00eats\" \/>\n<meta property=\"og:description\" content=\"Notices 2023 Suspension of the validity period of certain mining claims affected by forest fires In the exceptional context of forest fires that have made it impossible to perform certain mineral exploration work this summer, the Minist\u00e8re des Ressources naturelles et des For\u00eats announces the suspension, effective August 14, 2023, of the validity period of [&hellip;]\" \/>\n<meta property=\"og:url\" content=\"https:\/\/mrnf.gouv.qc.ca\/en\/mines\/mining-rights\/directives-notices\/notices-2023\/\" \/>\n<meta property=\"og:site_name\" content=\"Minist\u00e8re des Ressources naturelles et des For\u00eats\" \/>\n<meta property=\"article:publisher\" content=\"https:\/\/www.facebook.com\/RessourcesNaturellesForets\/\" \/>\n<meta property=\"article:modified_time\" content=\"2024-02-14T14:49:23+00:00\" \/>\n<meta property=\"og:image\" content=\"\/wp-content\/uploads\/Image-g%c3%a9n%c3%a9rale-hiver_FB.jpg\" \/>\n\t<meta property=\"og:image:width\" content=\"1200\" \/>\n\t<meta property=\"og:image:height\" content=\"630\" \/>\n\t<meta property=\"og:image:type\" content=\"image\/jpeg\" \/>\n<meta name=\"twitter:card\" content=\"summary_large_image\" \/>\n<meta name=\"twitter:site\" content=\"@mrnfqc\" \/>\n<meta name=\"twitter:label1\" content=\"Est. reading time\" \/>\n\t<meta name=\"twitter:data1\" content=\"2 minutes\" \/>\n<script type=\"application\/ld+json\" class=\"yoast-schema-graph\">{\"@context\":\"https:\/\/schema.org\",\"@graph\":[{\"@type\":\"WebPage\",\"@id\":\"https:\/\/mrnf.gouv.qc.ca\/en\/mines\/mining-rights\/directives-notices\/notices-2023\/\",\"url\":\"https:\/\/mrnf.gouv.qc.ca\/en\/mines\/mining-rights\/directives-notices\/notices-2023\/\",\"name\":\"Notices 2023 - Minist\u00e8re des Ressources naturelles et des For\u00eats\",\"isPartOf\":{\"@id\":\"https:\/\/mrnf.gouv.qc.ca\/#website\"},\"datePublished\":\"2023-08-14T02:00:00+00:00\",\"dateModified\":\"2024-02-14T14:49:23+00:00\",\"breadcrumb\":{\"@id\":\"https:\/\/mrnf.gouv.qc.ca\/en\/mines\/mining-rights\/directives-notices\/notices-2023\/#breadcrumb\"},\"inLanguage\":\"en-US\",\"potentialAction\":[{\"@type\":\"ReadAction\",\"target\":[\"https:\/\/mrnf.gouv.qc.ca\/en\/mines\/mining-rights\/directives-notices\/notices-2023\/\"]}]},{\"@type\":\"BreadcrumbList\",\"@id\":\"https:\/\/mrnf.gouv.qc.ca\/en\/mines\/mining-rights\/directives-notices\/notices-2023\/#breadcrumb\",\"itemListElement\":[{\"@type\":\"ListItem\",\"position\":1,\"name\":\"Accueil\",\"item\":\"https:\/\/mrnf.gouv.qc.ca\/en\/\"},{\"@type\":\"ListItem\",\"position\":2,\"name\":\"Mines\",\"item\":\"https:\/\/mrnf.gouv.qc.ca\/en\/?page_id=16461\"},{\"@type\":\"ListItem\",\"position\":3,\"name\":\"Mining Rights\",\"item\":\"https:\/\/mrnf.gouv.qc.ca\/en\/mines\/mining-rights\/\"},{\"@type\":\"ListItem\",\"position\":4,\"name\":\"Directives and Notices\",\"item\":\"https:\/\/mrnf.gouv.qc.ca\/en\/mines\/mining-rights\/directives-notices\/\"},{\"@type\":\"ListItem\",\"position\":5,\"name\":\"Notices 2023\"}]},{\"@type\":\"WebSite\",\"@id\":\"https:\/\/mrnf.gouv.qc.ca\/#website\",\"url\":\"https:\/\/mrnf.gouv.qc.ca\/\",\"name\":\"Minist\u00e8re des Ressources naturelles et des For\u00eats\",\"description\":\"Prototype WordPress\",\"potentialAction\":[{\"@type\":\"SearchAction\",\"target\":{\"@type\":\"EntryPoint\",\"urlTemplate\":\"https:\/\/mrnf.gouv.qc.ca\/?s={search_term_string}\"},\"query-input\":{\"@type\":\"PropertyValueSpecification\",\"valueRequired\":true,\"valueName\":\"search_term_string\"}}],\"inLanguage\":\"en-US\"}]}<\/script>\n<!-- \/ Yoast SEO plugin. -->","yoast_head_json":{"title":"Notices 2023 - Minist\u00e8re des Ressources naturelles et des For\u00eats","robots":{"index":"index","follow":"follow","max-snippet":"max-snippet:-1","max-image-preview":"max-image-preview:large","max-video-preview":"max-video-preview:-1"},"canonical":"https:\/\/mrnf.gouv.qc.ca\/en\/mines\/mining-rights\/directives-notices\/notices-2023\/","og_locale":"en_US","og_type":"article","og_title":"Notices 2023 - Minist\u00e8re des Ressources naturelles et des For\u00eats","og_description":"Notices 2023 Suspension of the validity period of certain mining claims affected by forest fires In the exceptional context of forest fires that have made it impossible to perform certain mineral exploration work this summer, the Minist\u00e8re des Ressources naturelles et des For\u00eats announces the suspension, effective August 14, 2023, of the validity period of [&hellip;]","og_url":"https:\/\/mrnf.gouv.qc.ca\/en\/mines\/mining-rights\/directives-notices\/notices-2023\/","og_site_name":"Minist\u00e8re des Ressources naturelles et des For\u00eats","article_publisher":"https:\/\/www.facebook.com\/RessourcesNaturellesForets\/","article_modified_time":"2024-02-14T14:49:23+00:00","og_image":[{"width":1200,"height":630,"url":"\/wp-content\/uploads\/Image-g%c3%a9n%c3%a9rale-hiver_FB.jpg","type":"image\/jpeg"}],"twitter_card":"summary_large_image","twitter_site":"@mrnfqc","twitter_misc":{"Est. reading time":"2 minutes"},"schema":{"@context":"https:\/\/schema.org","@graph":[{"@type":"WebPage","@id":"https:\/\/mrnf.gouv.qc.ca\/en\/mines\/mining-rights\/directives-notices\/notices-2023\/","url":"https:\/\/mrnf.gouv.qc.ca\/en\/mines\/mining-rights\/directives-notices\/notices-2023\/","name":"Notices 2023 - Minist\u00e8re des Ressources naturelles et des For\u00eats","isPartOf":{"@id":"https:\/\/mrnf.gouv.qc.ca\/#website"},"datePublished":"2023-08-14T02:00:00+00:00","dateModified":"2024-02-14T14:49:23+00:00","breadcrumb":{"@id":"https:\/\/mrnf.gouv.qc.ca\/en\/mines\/mining-rights\/directives-notices\/notices-2023\/#breadcrumb"},"inLanguage":"en-US","potentialAction":[{"@type":"ReadAction","target":["https:\/\/mrnf.gouv.qc.ca\/en\/mines\/mining-rights\/directives-notices\/notices-2023\/"]}]},{"@type":"BreadcrumbList","@id":"https:\/\/mrnf.gouv.qc.ca\/en\/mines\/mining-rights\/directives-notices\/notices-2023\/#breadcrumb","itemListElement":[{"@type":"ListItem","position":1,"name":"Accueil","item":"https:\/\/mrnf.gouv.qc.ca\/en\/"},{"@type":"ListItem","position":2,"name":"Mines","item":"https:\/\/mrnf.gouv.qc.ca\/en\/?page_id=16461"},{"@type":"ListItem","position":3,"name":"Mining Rights","item":"https:\/\/mrnf.gouv.qc.ca\/en\/mines\/mining-rights\/"},{"@type":"ListItem","position":4,"name":"Directives and Notices","item":"https:\/\/mrnf.gouv.qc.ca\/en\/mines\/mining-rights\/directives-notices\/"},{"@type":"ListItem","position":5,"name":"Notices 2023"}]},{"@type":"WebSite","@id":"https:\/\/mrnf.gouv.qc.ca\/#website","url":"https:\/\/mrnf.gouv.qc.ca\/","name":"Minist\u00e8re des Ressources naturelles et des For\u00eats","description":"Prototype WordPress","potentialAction":[{"@type":"SearchAction","target":{"@type":"EntryPoint","urlTemplate":"https:\/\/mrnf.gouv.qc.ca\/?s={search_term_string}"},"query-input":{"@type":"PropertyValueSpecification","valueRequired":true,"valueName":"search_term_string"}}],"inLanguage":"en-US"}]}},"_links":{"self":[{"href":"https:\/\/mrnf.gouv.qc.ca\/en\/wp-json\/wp\/v2\/pages\/60705","targetHints":{"allow":["GET"]}}],"collection":[{"href":"https:\/\/mrnf.gouv.qc.ca\/en\/wp-json\/wp\/v2\/pages"}],"about":[{"href":"https:\/\/mrnf.gouv.qc.ca\/en\/wp-json\/wp\/v2\/types\/page"}],"author":[{"embeddable":true,"href":"https:\/\/mrnf.gouv.qc.ca\/en\/wp-json\/wp\/v2\/users\/55"}],"replies":[{"embeddable":true,"href":"https:\/\/mrnf.gouv.qc.ca\/en\/wp-json\/wp\/v2\/comments?post=60705"}],"version-history":[{"count":10,"href":"https:\/\/mrnf.gouv.qc.ca\/en\/wp-json\/wp\/v2\/pages\/60705\/revisions"}],"predecessor-version":[{"id":66625,"href":"https:\/\/mrnf.gouv.qc.ca\/en\/wp-json\/wp\/v2\/pages\/60705\/revisions\/66625"}],"up":[{"embeddable":true,"href":"https:\/\/mrnf.gouv.qc.ca\/en\/wp-json\/wp\/v2\/pages\/27574"}],"wp:attachment":[{"href":"https:\/\/mrnf.gouv.qc.ca\/en\/wp-json\/wp\/v2\/media?parent=60705"}],"curies":[{"name":"wp","href":"https:\/\/api.w.org\/{rel}","templated":true}]}}