


{"id":50398,"date":"2022-03-10T13:53:25","date_gmt":"2022-03-10T18:53:25","guid":{"rendered":"https:\/\/mern.gouv.qc.ca\/?page_id=50398"},"modified":"2022-09-26T14:07:51","modified_gmt":"2022-09-26T18:07:51","slug":"notices-2002","status":"publish","type":"page","link":"https:\/\/mrnf.gouv.qc.ca\/en\/mines\/mining-rights\/directives-notices\/notices-2002\/","title":{"rendered":"Notices 2002"},"content":{"rendered":"<p>[et_pb_section fb_built=&#8221;1&#8243; specialty=&#8221;on&#8221; admin_label=&#8221;section&#8221; _builder_version=&#8221;4.16&#8243; global_colors_info=&#8221;{}&#8221;][et_pb_column type=&#8221;1_4&#8243; _builder_version=&#8221;4.16&#8243; custom_padding=&#8221;|||&#8221; global_colors_info=&#8221;{}&#8221; custom_padding__hover=&#8221;|||&#8221;][et_pb_sidebar area=&#8221;et_pb_widget_area_46&#8243; admin_label=&#8221;Menu Titres miniers&#8221; module_class=&#8221;menuSecondaire&#8221; _builder_version=&#8221;4.16&#8243; global_colors_info=&#8221;{}&#8221;][\/et_pb_sidebar][\/et_pb_column][et_pb_column type=&#8221;1_2&#8243; specialty_columns=&#8221;2&#8243; _builder_version=&#8221;4.16&#8243; custom_padding=&#8221;|||&#8221; global_colors_info=&#8221;{}&#8221; custom_padding__hover=&#8221;|||&#8221;][et_pb_row_inner _builder_version=&#8221;4.16&#8243; global_colors_info=&#8221;{}&#8221;][et_pb_column_inner saved_specialty_column_type=&#8221;1_2&#8243; _builder_version=&#8221;4.16&#8243; custom_padding=&#8221;|||&#8221; global_colors_info=&#8221;{}&#8221; custom_padding__hover=&#8221;|||&#8221;][et_pb_text _builder_version=&#8221;4.18.0&#8243; module_alignment=&#8221;left&#8221; hover_enabled=&#8221;0&#8243; global_colors_info=&#8221;{}&#8221; sticky_enabled=&#8221;0&#8243;]<\/p>\n<h1>Notices 2002<\/h1>\n<h2 id=\"abandon\">Abandon of a Mining Lease (BM), a Mining Concession (CM) and an Exclusive Lease to Mine Surface Mineral Substances (BEX)<\/h2>\n<p><strong>This directive has been in force since December\u00a012,\u00a02002.<\/strong>\u00a0It voids any other prior directive pertaining to the given subject and has been adopted pursuant to sections 122, 156 and 231 of the\u00a0<em>Mining Act<\/em>\u00a0(R.S.Q.,\u00a0c.\u00a0M-13.1).<\/p>\n<p>It is stated in section 122(5)* and section 156(4)** of the\u00a0<em>Mining Act<\/em>\u00a0that the provisions and regulations must be complied with. These provisions deal with: lease payment, production of reports and payment of mining royalties, if applicable.<\/p>\n<ul>\n<li>In the case where a\u00a0<strong>Mining lease<\/strong>\u00a0has been issued to mine surface mineral substances, the production of reports and payment of mining royalties are due and payable unless an abandonment or suspension authorization is granted by the Minister. Reports, plans and any other document may also be required.<\/li>\n<li>In the case where a\u00a0<strong>Mining concession<\/strong>\u00a0has been issued, an annual work declaration or, in default of work performed, payment in lieu is required unless an abandonment or suspension authorization is granted by the Minister. Reports, plans and any other document may also be required.<\/li>\n<li>In the case where a\u00a0<strong>Exclusive lease to mine surface mineral substances<\/strong>\u00a0has been issued, a declaration of the extracted or alienated quantities of surface mineral substances and the payment of mining royalties, if applicable, are required unless an abandonment or suspension authorization is granted by the Minister.<\/li>\n<\/ul>\n<h2>Rehabilitation and protective measures<\/h2>\n<ul>\n<li>If the holder of a BM or a CM fails to comply with the rehabilitation obligations or fails to take the protective measures, the Minister may proceed to the work performance, pursuant to subsection 2 of section 231*** of the\u00a0<em>Mining Act<\/em>, at the holder\u2019s or operator\u2019s expense. In the case of a BEX, it is the authorization certificate obtained from the Minist\u00e8re du D\u00e9veloppement durable, de l&#8217;Environnement, de la Faune et des Parcs that prevails.<\/li>\n<\/ul>\n<p><strong>Selected sections of the Mining Act<\/strong><\/p>\n<p>*122 A lessee or grantee may abandon his right in respect of all or part of the land subject to his lease or concession provided that:<br \/>5\u00b0 he has complied with the other provisions of this Act and the regulations.<\/p>\n<p>**156 The lessee under an exclusive lease may abandon his right in all or part of the parcel of land that is subject to his lease, provided that:<br \/>4\u00b0 he has complied with the other provisions of this Act and the regulations.<\/p>\n<p>***231 2<sup>e\u00a0<\/sup>subsection 2<br \/>If the holder of mining rights of the operation fails to comply with the orders of the Minister within the prescribed time, the Minister may cause the work to be done at the expense of the holder or operator.<\/p>\n<h2 id=\"autorisation\">Authorization to Erect or Maintain a Construction on the Lands of the Public Domain<\/h2>\n<p><strong>This directive aims to ensure that the constructions erected or maintained by a claim holder on the land regarding his right on the lands of public domain are only used for the purpose of mining exploration.<\/strong><\/p>\n<p>Those modes of enforcement are designed to avoid the administrative red tape for mining exploration claim holder. Indeed, the directive is as flexible as the necessity justifies. Otherwise, those modes of enforcement will avoid the squatters to make use of the law for erecting constructions on the lands of the public domain.<\/p>\n<p>The section\u00a066 of the\u00a0<em>Mining Act<\/em>\u00a0defines the limits of the right of the claim holder to erect or maintain construction on the lands of the public domain:<\/p>\n<div class=\"encadrer\">\n<p>\u201cThe claim holder may not erect or maintain any construction on lands of the public domain without first obtaining authorization from the Minister, except if the construction is located on the parcel of land subject to the claim and is a construction of a type defined by a ministerial order made under subparagraph 2.1 of the first paragraph of section 304.<\/p>\n<p>When the claim holder becomes aware that a third person is erecting a construction on such lands, he shall immediately notify the Minister in writing. 1987, c. 64, s. 66; 1999, c. 40, s. 178; 1998, c. 24, s. 35.\u201d<\/p>\n<\/div>\n<p>The ministerial order 2000-441 dated October 24th 2000, describes constructions that could be erected or maintained without authorization near the minister:<\/p>\n<div class=\"encadrer\">\n<p>\u00ab On the lands of the public domain, a claim holder, a mineral exploration permit holder or a surface mineral substances research permit holder on the land concerning his right, may erect, without authorization of the minister, a temporary, portable or dismountable shelter made of supple fabric stretched on rigid poles.<\/p>\n<p>(Gazette officielle du Qu\u00e9bec, November 1st 2000, No 44, p. 6782)<\/p>\n<\/div>\n<h2>Request of authorization for erecting or maintaining a temporary construction<\/h2>\n<p>The applicant for a request of authorization other than those described in the Ministerial Order, 2000-441 must fill in the <a href=\"\/wp-content\/uploads\/FO_authorization_public_domain.pdf\" title=\"form Request for Authorization to Erect or Maintain Construction on the Lands of the Public Domain\">form Request for Authorization to Erect or Maintain Construction on the Lands of the Public Domain<\/a><img loading=\"lazy\" decoding=\"async\" title=\"\" src=\"\/wp-content\/uploads\/2016\/01\/picto-pdf.png\" alt=\"\" width=\"20\" height=\"16\" \/>.<\/p>\n<h3>Processing of Request<\/h3>\n<p>The request of authorization to erect or maintain a construction is processed as following:<\/p>\n<a href=\"\/wp-content\/uploads\/titres-directive-eriger-construire-ang.gif\" target=\"_blank\" rel=\"noopener\"><img loading=\"lazy\" decoding=\"async\" class=\"wp-image-54082 size-full\" src=\"\/wp-content\/uploads\/titres-directive-eriger-construire-ang.gif\" alt=\"Localisation des ravages de cerfs de Virginie au Qu\u00e9bec. \" width=\"225\" height=\"300\" \/><\/a>\n<p>The\u00a0<em>ad hoc<\/em>\u00a0committee is composed of:<\/p>\n<ul>\n<li>a representative of the Direction g\u00e9n\u00e9rale de G\u00e9ologie Qu\u00e9bec;<\/li>\n<li>a representative of the Direction des titres miniers;<\/li>\n<li>a representative of the Bureau de la conversion des litiges miniers.<\/li>\n<\/ul>\n<p>In some cases, the Secteur du territoire of the\u00a0<span>Department<\/span>\u00a0will be consulted before authorization is granted.<\/p>\n<p>&nbsp;<\/p>\n<p>[\/et_pb_text][\/et_pb_column_inner][\/et_pb_row_inner][\/et_pb_column][et_pb_column type=&#8221;1_4&#8243; _builder_version=&#8221;4.16&#8243; custom_padding=&#8221;|||&#8221; global_colors_info=&#8221;{}&#8221; custom_padding__hover=&#8221;|||&#8221;][et_pb_sidebar area=&#8221;et_pb_widget_area_40&#8243; admin_label=&#8221;Liens rapides mines&#8221; module_class=&#8221;liensRapidesInterne&#8221; _builder_version=&#8221;4.16&#8243; global_colors_info=&#8221;{}&#8221;][\/et_pb_sidebar][\/et_pb_column][\/et_pb_section]<\/p>\n","protected":false},"excerpt":{"rendered":"<p>Notices 2002 Abandon of a Mining Lease (BM), a Mining Concession (CM) and an Exclusive Lease to Mine Surface Mineral Substances (BEX) This directive has been in force since December\u00a012,\u00a02002.\u00a0It voids any other prior directive pertaining to the given subject and has been adopted pursuant to sections 122, 156 and 231 of the\u00a0Mining Act\u00a0(R.S.Q.,\u00a0c.\u00a0M-13.1). It [&hellip;]<\/p>\n","protected":false},"author":60,"featured_media":0,"parent":27574,"menu_order":1,"comment_status":"closed","ping_status":"closed","template":"","meta":{"_acf_changed":false,"_et_pb_use_builder":"on","_et_pb_old_content":"","_et_gb_content_width":"","_oasis_is_in_workflow":0,"_oasis_original":0,"_oasis_task_priority":"","footnotes":""},"class_list":["post-50398","page","type-page","status-publish","hentry"],"acf":[],"yoast_head":"<!-- This site is optimized with the Yoast SEO plugin v24.9 - https:\/\/yoast.com\/wordpress\/plugins\/seo\/ -->\n<title>Notices 2002 - Minist\u00e8re des Ressources naturelles et des For\u00eats<\/title>\n<meta name=\"robots\" content=\"index, follow, max-snippet:-1, max-image-preview:large, max-video-preview:-1\" \/>\n<link rel=\"canonical\" href=\"https:\/\/mrnf.gouv.qc.ca\/en\/mines\/mining-rights\/directives-notices\/notices-2002\/\" \/>\n<meta property=\"og:locale\" content=\"en_US\" \/>\n<meta property=\"og:type\" content=\"article\" \/>\n<meta property=\"og:title\" content=\"Notices 2002 - Minist\u00e8re des Ressources naturelles et des For\u00eats\" \/>\n<meta property=\"og:description\" content=\"Notices 2002 Abandon of a Mining Lease (BM), a Mining Concession (CM) and an Exclusive Lease to Mine Surface Mineral Substances (BEX) This directive has been in force since December\u00a012,\u00a02002.\u00a0It voids any other prior directive pertaining to the given subject and has been adopted pursuant to sections 122, 156 and 231 of the\u00a0Mining Act\u00a0(R.S.Q.,\u00a0c.\u00a0M-13.1). It [&hellip;]\" \/>\n<meta property=\"og:url\" content=\"https:\/\/mrnf.gouv.qc.ca\/en\/mines\/mining-rights\/directives-notices\/notices-2002\/\" \/>\n<meta property=\"og:site_name\" content=\"Minist\u00e8re des Ressources naturelles et des For\u00eats\" \/>\n<meta property=\"article:publisher\" content=\"https:\/\/www.facebook.com\/RessourcesNaturellesForets\/\" \/>\n<meta property=\"article:modified_time\" content=\"2022-09-26T18:07:51+00:00\" \/>\n<meta property=\"og:image\" content=\"\/wp-content\/uploads\/Image-g%c3%a9n%c3%a9rale-hiver_FB.jpg\" \/>\n\t<meta property=\"og:image:width\" content=\"1200\" \/>\n\t<meta property=\"og:image:height\" content=\"630\" \/>\n\t<meta property=\"og:image:type\" content=\"image\/jpeg\" \/>\n<meta name=\"twitter:card\" content=\"summary_large_image\" \/>\n<meta name=\"twitter:site\" content=\"@mrnfqc\" \/>\n<script type=\"application\/ld+json\" class=\"yoast-schema-graph\">{\"@context\":\"https:\/\/schema.org\",\"@graph\":[{\"@type\":\"WebPage\",\"@id\":\"https:\/\/mrnf.gouv.qc.ca\/en\/mines\/mining-rights\/directives-notices\/notices-2002\/\",\"url\":\"https:\/\/mrnf.gouv.qc.ca\/en\/mines\/mining-rights\/directives-notices\/notices-2002\/\",\"name\":\"Notices 2002 - Minist\u00e8re des Ressources naturelles et des For\u00eats\",\"isPartOf\":{\"@id\":\"https:\/\/mrnf.gouv.qc.ca\/#website\"},\"datePublished\":\"2022-03-10T18:53:25+00:00\",\"dateModified\":\"2022-09-26T18:07:51+00:00\",\"breadcrumb\":{\"@id\":\"https:\/\/mrnf.gouv.qc.ca\/en\/mines\/mining-rights\/directives-notices\/notices-2002\/#breadcrumb\"},\"inLanguage\":\"en-US\",\"potentialAction\":[{\"@type\":\"ReadAction\",\"target\":[\"https:\/\/mrnf.gouv.qc.ca\/en\/mines\/mining-rights\/directives-notices\/notices-2002\/\"]}]},{\"@type\":\"BreadcrumbList\",\"@id\":\"https:\/\/mrnf.gouv.qc.ca\/en\/mines\/mining-rights\/directives-notices\/notices-2002\/#breadcrumb\",\"itemListElement\":[{\"@type\":\"ListItem\",\"position\":1,\"name\":\"Accueil\",\"item\":\"https:\/\/mrnf.gouv.qc.ca\/en\/\"},{\"@type\":\"ListItem\",\"position\":2,\"name\":\"Mines\",\"item\":\"https:\/\/mrnf.gouv.qc.ca\/en\/?page_id=16461\"},{\"@type\":\"ListItem\",\"position\":3,\"name\":\"Mining Rights\",\"item\":\"https:\/\/mrnf.gouv.qc.ca\/en\/mines\/mining-rights\/\"},{\"@type\":\"ListItem\",\"position\":4,\"name\":\"Directives and Notices\",\"item\":\"https:\/\/mrnf.gouv.qc.ca\/en\/mines\/mining-rights\/directives-notices\/\"},{\"@type\":\"ListItem\",\"position\":5,\"name\":\"Notices 2002\"}]},{\"@type\":\"WebSite\",\"@id\":\"https:\/\/mrnf.gouv.qc.ca\/#website\",\"url\":\"https:\/\/mrnf.gouv.qc.ca\/\",\"name\":\"Minist\u00e8re des Ressources naturelles et des For\u00eats\",\"description\":\"Prototype WordPress\",\"potentialAction\":[{\"@type\":\"SearchAction\",\"target\":{\"@type\":\"EntryPoint\",\"urlTemplate\":\"https:\/\/mrnf.gouv.qc.ca\/?s={search_term_string}\"},\"query-input\":{\"@type\":\"PropertyValueSpecification\",\"valueRequired\":true,\"valueName\":\"search_term_string\"}}],\"inLanguage\":\"en-US\"}]}<\/script>\n<!-- \/ Yoast SEO plugin. -->","yoast_head_json":{"title":"Notices 2002 - Minist\u00e8re des Ressources naturelles et des For\u00eats","robots":{"index":"index","follow":"follow","max-snippet":"max-snippet:-1","max-image-preview":"max-image-preview:large","max-video-preview":"max-video-preview:-1"},"canonical":"https:\/\/mrnf.gouv.qc.ca\/en\/mines\/mining-rights\/directives-notices\/notices-2002\/","og_locale":"en_US","og_type":"article","og_title":"Notices 2002 - Minist\u00e8re des Ressources naturelles et des For\u00eats","og_description":"Notices 2002 Abandon of a Mining Lease (BM), a Mining Concession (CM) and an Exclusive Lease to Mine Surface Mineral Substances (BEX) This directive has been in force since December\u00a012,\u00a02002.\u00a0It voids any other prior directive pertaining to the given subject and has been adopted pursuant to sections 122, 156 and 231 of the\u00a0Mining Act\u00a0(R.S.Q.,\u00a0c.\u00a0M-13.1). It [&hellip;]","og_url":"https:\/\/mrnf.gouv.qc.ca\/en\/mines\/mining-rights\/directives-notices\/notices-2002\/","og_site_name":"Minist\u00e8re des Ressources naturelles et des For\u00eats","article_publisher":"https:\/\/www.facebook.com\/RessourcesNaturellesForets\/","article_modified_time":"2022-09-26T18:07:51+00:00","og_image":[{"width":1200,"height":630,"url":"\/wp-content\/uploads\/Image-g%c3%a9n%c3%a9rale-hiver_FB.jpg","type":"image\/jpeg"}],"twitter_card":"summary_large_image","twitter_site":"@mrnfqc","schema":{"@context":"https:\/\/schema.org","@graph":[{"@type":"WebPage","@id":"https:\/\/mrnf.gouv.qc.ca\/en\/mines\/mining-rights\/directives-notices\/notices-2002\/","url":"https:\/\/mrnf.gouv.qc.ca\/en\/mines\/mining-rights\/directives-notices\/notices-2002\/","name":"Notices 2002 - Minist\u00e8re des Ressources naturelles et des For\u00eats","isPartOf":{"@id":"https:\/\/mrnf.gouv.qc.ca\/#website"},"datePublished":"2022-03-10T18:53:25+00:00","dateModified":"2022-09-26T18:07:51+00:00","breadcrumb":{"@id":"https:\/\/mrnf.gouv.qc.ca\/en\/mines\/mining-rights\/directives-notices\/notices-2002\/#breadcrumb"},"inLanguage":"en-US","potentialAction":[{"@type":"ReadAction","target":["https:\/\/mrnf.gouv.qc.ca\/en\/mines\/mining-rights\/directives-notices\/notices-2002\/"]}]},{"@type":"BreadcrumbList","@id":"https:\/\/mrnf.gouv.qc.ca\/en\/mines\/mining-rights\/directives-notices\/notices-2002\/#breadcrumb","itemListElement":[{"@type":"ListItem","position":1,"name":"Accueil","item":"https:\/\/mrnf.gouv.qc.ca\/en\/"},{"@type":"ListItem","position":2,"name":"Mines","item":"https:\/\/mrnf.gouv.qc.ca\/en\/?page_id=16461"},{"@type":"ListItem","position":3,"name":"Mining Rights","item":"https:\/\/mrnf.gouv.qc.ca\/en\/mines\/mining-rights\/"},{"@type":"ListItem","position":4,"name":"Directives and Notices","item":"https:\/\/mrnf.gouv.qc.ca\/en\/mines\/mining-rights\/directives-notices\/"},{"@type":"ListItem","position":5,"name":"Notices 2002"}]},{"@type":"WebSite","@id":"https:\/\/mrnf.gouv.qc.ca\/#website","url":"https:\/\/mrnf.gouv.qc.ca\/","name":"Minist\u00e8re des Ressources naturelles et des For\u00eats","description":"Prototype WordPress","potentialAction":[{"@type":"SearchAction","target":{"@type":"EntryPoint","urlTemplate":"https:\/\/mrnf.gouv.qc.ca\/?s={search_term_string}"},"query-input":{"@type":"PropertyValueSpecification","valueRequired":true,"valueName":"search_term_string"}}],"inLanguage":"en-US"}]}},"_links":{"self":[{"href":"https:\/\/mrnf.gouv.qc.ca\/en\/wp-json\/wp\/v2\/pages\/50398","targetHints":{"allow":["GET"]}}],"collection":[{"href":"https:\/\/mrnf.gouv.qc.ca\/en\/wp-json\/wp\/v2\/pages"}],"about":[{"href":"https:\/\/mrnf.gouv.qc.ca\/en\/wp-json\/wp\/v2\/types\/page"}],"author":[{"embeddable":true,"href":"https:\/\/mrnf.gouv.qc.ca\/en\/wp-json\/wp\/v2\/users\/60"}],"replies":[{"embeddable":true,"href":"https:\/\/mrnf.gouv.qc.ca\/en\/wp-json\/wp\/v2\/comments?post=50398"}],"version-history":[{"count":5,"href":"https:\/\/mrnf.gouv.qc.ca\/en\/wp-json\/wp\/v2\/pages\/50398\/revisions"}],"predecessor-version":[{"id":54085,"href":"https:\/\/mrnf.gouv.qc.ca\/en\/wp-json\/wp\/v2\/pages\/50398\/revisions\/54085"}],"up":[{"embeddable":true,"href":"https:\/\/mrnf.gouv.qc.ca\/en\/wp-json\/wp\/v2\/pages\/27574"}],"wp:attachment":[{"href":"https:\/\/mrnf.gouv.qc.ca\/en\/wp-json\/wp\/v2\/media?parent=50398"}],"curies":[{"name":"wp","href":"https:\/\/api.w.org\/{rel}","templated":true}]}}