


{"id":50350,"date":"2022-03-07T09:52:28","date_gmt":"2022-03-07T14:52:28","guid":{"rendered":"https:\/\/mern.gouv.qc.ca\/?page_id=50350"},"modified":"2022-03-10T14:14:23","modified_gmt":"2022-03-10T19:14:23","slug":"notices-2018","status":"publish","type":"page","link":"https:\/\/mrnf.gouv.qc.ca\/en\/mines\/mining-rights\/directives-notices\/notices-2018\/","title":{"rendered":"Notices 2018"},"content":{"rendered":"<p>[et_pb_section fb_built=&#8221;1&#8243; specialty=&#8221;on&#8221; admin_label=&#8221;section&#8221; _builder_version=&#8221;3.22&#8243; global_colors_info=&#8221;{}&#8221;][et_pb_column type=&#8221;1_4&#8243; _builder_version=&#8221;3.25&#8243; custom_padding=&#8221;|||&#8221; global_colors_info=&#8221;{}&#8221; custom_padding__hover=&#8221;|||&#8221;][et_pb_sidebar area=&#8221;et_pb_widget_area_46&#8243; admin_label=&#8221;Menu Titres miniers&#8221; module_class=&#8221;menuSecondaire&#8221; _builder_version=&#8221;3.0.98&#8243; global_colors_info=&#8221;{}&#8221;][\/et_pb_sidebar][\/et_pb_column][et_pb_column type=&#8221;1_2&#8243; specialty_columns=&#8221;2&#8243; _builder_version=&#8221;3.25&#8243; custom_padding=&#8221;|||&#8221; global_colors_info=&#8221;{}&#8221; custom_padding__hover=&#8221;|||&#8221;][et_pb_row_inner _builder_version=&#8221;3.25&#8243; global_colors_info=&#8221;{}&#8221;][et_pb_column_inner saved_specialty_column_type=&#8221;1_2&#8243; _builder_version=&#8221;3.25&#8243; custom_padding=&#8221;|||&#8221; global_colors_info=&#8221;{}&#8221; custom_padding__hover=&#8221;|||&#8221;][et_pb_text admin_label=&#8221;Avis 2018&#8243; _builder_version=&#8221;4.14.7&#8243; module_alignment=&#8221;left&#8221; hover_enabled=&#8221;0&#8243; global_colors_info=&#8221;{}&#8221; sticky_enabled=&#8221;0&#8243;]<\/p>\n<h1>Notices 2018<\/h1>\n<h2 id=\"h_17205299161644956835564\">Filing of an application for the renewal of claims<\/h2>\n<p>This directive came into force on 1 April 2011 and was updated on 31 May 2018, to ensure concordance with the\u00a0<em>Act to amend the Mining Act<\/em>\u00a0(2013, chapter 32). Any previous directive on the same subject is null and void.<\/p>\n<p>The directive is made pursuant to sections 61 and 207 of the\u00a0<a href=\"http:\/\/www.legisquebec.gouv.qc.ca\/fr\/ShowDoc\/cs\/M-13.1\" target=\"_blank\" rel=\"noopener\">Mining Act<\/a> <img loading=\"lazy\" decoding=\"async\" src=\"\/wp-content\/uploads\/lien_externe.png\" width=\"9\" height=\"9\" alt=\"\" class=\"wp-image-21104 alignnone size-full\" \/> (CQLR, chapter M-13.1).<\/p>\n<p>The only acceptable way to file an application for the renewal of claims with the Minist\u00e8re is via the GESTIM website, using the electronic form provided for that purpose.<\/p>\n<h2>For more information<\/h2>\n<p><strong>Centre de services des mines<br \/>\n<\/strong>Phone: 418 627-6278<br \/>\nToll free: 1 800 363-7233 (from Canada and the United States)<br \/>\nE-mail: <a href=\"mailto:service.mines@mern.gouv.qc.ca\">service.mines@mern.gouv.qc.ca<\/a><br \/>\nBusiness hours:<br \/>\nMonday, Tuesday, Thursday and Friday: 8:30 a.m. to 12 noon and 1 p.m. to 4:30 p.m.<br \/>\nWednesday: 10 a.m. to 12 noon and 1 p.m. to 4:30 p.m.<\/p>\n<h2 id=\"h_40797496021644956829114\">Signing of study or work reports required by the Act<\/h2>\n<p>This directive came into force on 28 November 2005 and was updated on 31 May 2018 to ensure concordance with the Regulation to amend the Regulation respecting mineral substances other than petroleum, natural gas and brine, which came into force on 31 December 2015. It makes any previous directive on the same subject null and void.<\/p>\n<p>The directive is made pursuant to the provisions of Chapter VII of the\u00a0<a href=\"http:\/\/legisquebec.gouv.qc.ca\/en\/ShowDoc\/cr\/M-13.1,%20r.%202\" target=\"_blank\" rel=\"noopener\">Regulation respecting mineral substances other than petroleum, natural gas and brine<\/a> <img loading=\"lazy\" decoding=\"async\" src=\"\/wp-content\/uploads\/lien_externe.png\" width=\"9\" height=\"9\" alt=\"\" class=\"wp-image-21104 alignnone size-full\" \/>\u00a0(CQLR, chapter M-13.1, r. 2) which, among other things, provide that:<\/p>\n<ul>\n<li>The study or work report required by the Mining Act (CQLR, chapter M 13.1) must be signed by the qualified professional under whose supervision the studies or work were carried out;<\/li>\n<li>A qualified professional is a geologist who is a member of the Ordre des g\u00e9ologues du Qu\u00e9bec, an engineer who is a member of the Ordre des ing\u00e9nieurs du Qu\u00e9bec or, in the case of peat moss, an agrologist who is a member of the Order des agronomes du Qu\u00e9bec or a holder of a bachelor\u2019s degree in biology;<\/li>\n<li>A qualified professional who signs a study or work report provided for in the Mining Act must also, when required to be a member of an order, enter his or her number as a member of the Ordre des g\u00e9ologues du Qu\u00e9bec, the Ordre des ing\u00e9nieurs du Qu\u00e9bec or the Ordre des agronomes du Qu\u00e9bec, or affix his or her seal to the report;<\/li>\n<li>A study or work report that does not contain, when required, the member&#8217;s number or seal of the qualified professional and the professional&#8217;s signature will be rejected.<\/li>\n<\/ul>\n<p>&nbsp;<\/p>\n<p>&nbsp;[\/et_pb_text][\/et_pb_column_inner][\/et_pb_row_inner][\/et_pb_column][et_pb_column type=&#8221;1_4&#8243; _builder_version=&#8221;3.25&#8243; custom_padding=&#8221;|||&#8221; global_colors_info=&#8221;{}&#8221; custom_padding__hover=&#8221;|||&#8221;][et_pb_sidebar area=&#8221;et_pb_widget_area_40&#8243; admin_label=&#8221;Liens rapides mines&#8221; module_class=&#8221;liensRapidesInterne&#8221; _builder_version=&#8221;3.0.90&#8243; global_colors_info=&#8221;{}&#8221;][\/et_pb_sidebar][\/et_pb_column][\/et_pb_section]<\/p>\n","protected":false},"excerpt":{"rendered":"<p>Notices 2018 Filing of an application for the renewal of claims This directive came into force on 1 April 2011 and was updated on 31 May 2018, to ensure concordance with the\u00a0Act to amend the Mining Act\u00a0(2013, chapter 32). Any previous directive on the same subject is null and void. The directive is made pursuant [&hellip;]<\/p>\n","protected":false},"author":45,"featured_media":0,"parent":27574,"menu_order":8,"comment_status":"closed","ping_status":"closed","template":"","meta":{"_acf_changed":false,"_et_pb_use_builder":"on","_et_pb_old_content":"[et_pb_section fb_built=\"1\" specialty=\"on\" admin_label=\"section\" _builder_version=\"3.22\" global_colors_info=\"{}\"][et_pb_column type=\"1_4\" _builder_version=\"3.25\" custom_padding=\"|||\" global_colors_info=\"{}\" custom_padding__hover=\"|||\"][et_pb_sidebar area=\"et_pb_widget_area_46\" admin_label=\"Menu Titres miniers\" module_class=\"menuSecondaire\" _builder_version=\"3.0.98\" global_colors_info=\"{}\"][\/et_pb_sidebar][\/et_pb_column][et_pb_column type=\"1_2\" specialty_columns=\"2\" _builder_version=\"3.25\" custom_padding=\"|||\" global_colors_info=\"{}\" custom_padding__hover=\"|||\"][et_pb_row_inner _builder_version=\"3.25\" global_colors_info=\"{}\"][et_pb_column_inner saved_specialty_column_type=\"1_2\" _builder_version=\"3.25\" custom_padding=\"|||\" global_colors_info=\"{}\" custom_padding__hover=\"|||\"][et_pb_text admin_label=\"Avis 2018\" _builder_version=\"4.14.7\" module_alignment=\"left\" hover_enabled=\"0\" global_colors_info=\"{}\" sticky_enabled=\"0\"]\n<h1>Avis 2018<\/h1>\n<h2>Signature des rapports d\u2019\u00e9tudes ou de travaux pr\u00e9vus par la Loi<\/h2>\nCette directive est entr\u00e9e en vigueur le 28 novembre 2005 et mise \u00e0 jour le 31&nbsp;mai&nbsp;2018 afin d\u2019assurer la concordance avec le R\u00e8glement modifiant le R\u00e8glement sur les substances min\u00e9rales autres que le p\u00e9trole, le gaz naturel et la saumure entr\u00e9 en vigueur le 31&nbsp;d\u00e9cembre&nbsp;2015<strong>.&nbsp;<\/strong>Elle rend nulle et sans effet toute autre directive pr\u00e9c\u00e9dente sur le m\u00eame sujet. La directive est adopt\u00e9e en vertu des dispositions du chapitre&nbsp;VII du&nbsp;<u><a href=\"http:\/\/legisquebec.gouv.qc.ca\/fr\/ShowDoc\/cr\/M-13.1,%20r.%202\">R\u00e8glement sur les substances min\u00e9rales autres que le p\u00e9trole, le gaz naturel et la saumure<\/a><\/u> <img src=\"\/wp-content\/uploads\/2016\/01\/picto-fleche.png\" width=\"12\" height=\"12\" alt=\"Ce lien s'ouvrira dans un nouvel fen\u00eatre.\" class=\"wp-image-4814 alignnone size-full\">&nbsp;(RLRQ, chapitre&nbsp;M-13.1, r.&nbsp;2) qui pr\u00e9voient, entre autres, que&nbsp;:\n<ul>\n \t<li>Les rapports d\u2019\u00e9tudes ou de travaux requis par la Loi sur les mines (RLRQ,&nbsp;chapitre&nbsp;M\u201113.1) doivent \u00eatre sign\u00e9s par le professionnel qualifi\u00e9 sous le contr\u00f4le duquel les \u00e9tudes ou les travaux ont \u00e9t\u00e9 effectu\u00e9s;<\/li>\n \t<li>Le professionnel qualifi\u00e9 est un g\u00e9ologue membre de l\u2019Ordre des g\u00e9ologues du Qu\u00e9bec, un ing\u00e9nieur membre de l\u2019Ordre des ing\u00e9nieurs du Qu\u00e9bec ou, dans le cas de la tourbe, un agronome membre de l\u2019Ordre des agronomes du Qu\u00e9bec ou un titulaire d\u2019un baccalaur\u00e9at en biologie;<\/li>\n \t<li>Le professionnel qualifi\u00e9 qui signe un rapport d\u2019\u00e9tudes ou de travaux pr\u00e9vus par la Loi sur les mines doit \u00e9galement inscrire, lorsqu\u2019il doit \u00eatre membre d\u2019un ordre, son num\u00e9ro de membre de l\u2019Ordre des g\u00e9ologues du Qu\u00e9bec, de l\u2019Ordre des ing\u00e9nieurs du Qu\u00e9bec ou de l\u2019Ordre des agronomes du Qu\u00e9bec ou apposer son sceau sur le rapport;<\/li>\n \t<li>Le rapport d\u2019\u00e9tudes ou de travaux qui ne contient pas, lorsque requis, le num\u00e9ro de membre de l\u2019ordre ou le sceau du professionnel qualifi\u00e9, ainsi que sa signature, sera refus\u00e9.<\/li>\n<\/ul>\n<h2><a id=\"moyen\"><\/a>Moyen accept\u00e9 pour le d\u00e9p\u00f4t d\u2019une demande de renouvellement de claims<\/h2>\nCette directive est entr\u00e9e en vigueur le 1<sup>er<\/sup>&nbsp;avril 2011 et mise \u00e0 jour le 31&nbsp;mai&nbsp;2018<strong>,&nbsp;<\/strong>afin d\u2019assurer la concordance avec la Loi modifiant la Loi sur les mines (2013, chapitre 32). Elle rend nulle et sans effet toute autre directive pr\u00e9c\u00e9dente sur le m\u00eame sujet.\n\nLa directive est adopt\u00e9e en vertu des articles&nbsp;61 et 207 de la&nbsp;<u><a href=\"http:\/\/www.legisquebec.gouv.qc.ca\/fr\/ShowDoc\/cs\/M-13.1\">Loi sur les mines<\/a><\/u> <img src=\"\/wp-content\/uploads\/2016\/01\/picto-fleche.png\" width=\"12\" height=\"12\" alt=\"Ce lien s'ouvrira dans un nouvel fen\u00eatre.\" class=\"wp-image-4814 alignnone size-full\">&nbsp;(RLRQ, chapitre&nbsp;M-13.1).\n<ul>\n \t<li>Le seul moyen accept\u00e9 pour pr\u00e9senter une demande de renouvellement de claims au Minist\u00e8re est par le site Web&nbsp;<u><a href=\"http:\/\/gestim.mines.gouv.qc.ca\/\">GESTIM<\/a> <img src=\"\/wp-content\/uploads\/2016\/01\/picto-fleche.png\" width=\"12\" height=\"12\" alt=\"Ce lien s'ouvrira dans un nouvel fen\u00eatre.\" class=\"wp-image-4814 alignnone size-full\"><\/u>, sur le formulaire \u00e9lectronique pr\u00e9vu \u00e0 cet effet.<\/li>\n<\/ul>\n<h3>Pour plus de renseignements<\/h3>\n<strong>Centre de services des mines<\/strong>\nT\u00e9l\u00e9phone : 418 627-6278\nLigne sans frais : 1 800 363-7233 (sans frais au Canada et aux \u00c9tats-Unis)\nCourriel : <a href=\"mailto:service.mines@mern.gouv.qc.ca\">service.mines@mern.gouv.qc.ca<\/a>\nHeures d\u2019ouverture :\nLundi, mardi, jeudi et vendredi : de 8 h 30 \u00e0 12 h et de 13 h \u00e0 16 h 30\nMercredi : de 10 h \u00e0 12 h et de 13 h \u00e0 16 h 30\n\n&nbsp;\n\n&nbsp;\n\n&nbsp;[\/et_pb_text][\/et_pb_column_inner][\/et_pb_row_inner][\/et_pb_column][et_pb_column type=\"1_4\" _builder_version=\"3.25\" custom_padding=\"|||\" global_colors_info=\"{}\" custom_padding__hover=\"|||\"][et_pb_sidebar area=\"et_pb_widget_area_40\" admin_label=\"Liens rapides mines\" module_class=\"liensRapidesInterne\" _builder_version=\"3.0.90\" global_colors_info=\"{}\"][\/et_pb_sidebar][\/et_pb_column][\/et_pb_section]","_et_gb_content_width":"","_oasis_is_in_workflow":0,"_oasis_original":0,"_oasis_task_priority":"","footnotes":""},"class_list":["post-50350","page","type-page","status-publish","hentry"],"acf":[],"yoast_head":"<!-- This site is optimized with the Yoast SEO plugin v24.9 - https:\/\/yoast.com\/wordpress\/plugins\/seo\/ -->\n<title>Notices 2018 - Minist\u00e8re des Ressources naturelles et des For\u00eats<\/title>\n<meta name=\"robots\" content=\"index, follow, max-snippet:-1, max-image-preview:large, max-video-preview:-1\" \/>\n<link rel=\"canonical\" href=\"https:\/\/mrnf.gouv.qc.ca\/en\/mines\/mining-rights\/directives-notices\/notices-2018\/\" \/>\n<meta property=\"og:locale\" content=\"en_US\" \/>\n<meta property=\"og:type\" content=\"article\" \/>\n<meta property=\"og:title\" content=\"Notices 2018 - Minist\u00e8re des Ressources naturelles et des For\u00eats\" \/>\n<meta property=\"og:description\" content=\"Notices 2018 Filing of an application for the renewal of claims This directive came into force on 1 April 2011 and was updated on 31 May 2018, to ensure concordance with the\u00a0Act to amend the Mining Act\u00a0(2013, chapter 32). Any previous directive on the same subject is null and void. The directive is made pursuant [&hellip;]\" \/>\n<meta property=\"og:url\" content=\"https:\/\/mrnf.gouv.qc.ca\/en\/mines\/mining-rights\/directives-notices\/notices-2018\/\" \/>\n<meta property=\"og:site_name\" content=\"Minist\u00e8re des Ressources naturelles et des For\u00eats\" \/>\n<meta property=\"article:publisher\" content=\"https:\/\/www.facebook.com\/RessourcesNaturellesForets\/\" \/>\n<meta property=\"article:modified_time\" content=\"2022-03-10T19:14:23+00:00\" \/>\n<meta property=\"og:image\" content=\"\/wp-content\/uploads\/Image-g%c3%a9n%c3%a9rale-hiver_FB.jpg\" \/>\n\t<meta property=\"og:image:width\" content=\"1200\" \/>\n\t<meta property=\"og:image:height\" content=\"630\" \/>\n\t<meta property=\"og:image:type\" content=\"image\/jpeg\" \/>\n<meta name=\"twitter:card\" content=\"summary_large_image\" \/>\n<meta name=\"twitter:site\" content=\"@mrnfqc\" \/>\n<meta name=\"twitter:label1\" content=\"Est. reading time\" \/>\n\t<meta name=\"twitter:data1\" content=\"4 minutes\" \/>\n<script type=\"application\/ld+json\" class=\"yoast-schema-graph\">{\"@context\":\"https:\/\/schema.org\",\"@graph\":[{\"@type\":\"WebPage\",\"@id\":\"https:\/\/mrnf.gouv.qc.ca\/en\/mines\/mining-rights\/directives-notices\/notices-2018\/\",\"url\":\"https:\/\/mrnf.gouv.qc.ca\/en\/mines\/mining-rights\/directives-notices\/notices-2018\/\",\"name\":\"Notices 2018 - Minist\u00e8re des Ressources naturelles et des For\u00eats\",\"isPartOf\":{\"@id\":\"https:\/\/mrnf.gouv.qc.ca\/#website\"},\"datePublished\":\"2022-03-07T14:52:28+00:00\",\"dateModified\":\"2022-03-10T19:14:23+00:00\",\"breadcrumb\":{\"@id\":\"https:\/\/mrnf.gouv.qc.ca\/en\/mines\/mining-rights\/directives-notices\/notices-2018\/#breadcrumb\"},\"inLanguage\":\"en-US\",\"potentialAction\":[{\"@type\":\"ReadAction\",\"target\":[\"https:\/\/mrnf.gouv.qc.ca\/en\/mines\/mining-rights\/directives-notices\/notices-2018\/\"]}]},{\"@type\":\"BreadcrumbList\",\"@id\":\"https:\/\/mrnf.gouv.qc.ca\/en\/mines\/mining-rights\/directives-notices\/notices-2018\/#breadcrumb\",\"itemListElement\":[{\"@type\":\"ListItem\",\"position\":1,\"name\":\"Accueil\",\"item\":\"https:\/\/mrnf.gouv.qc.ca\/en\/\"},{\"@type\":\"ListItem\",\"position\":2,\"name\":\"Mines\",\"item\":\"https:\/\/mrnf.gouv.qc.ca\/en\/?page_id=16461\"},{\"@type\":\"ListItem\",\"position\":3,\"name\":\"Mining Rights\",\"item\":\"https:\/\/mrnf.gouv.qc.ca\/en\/mines\/mining-rights\/\"},{\"@type\":\"ListItem\",\"position\":4,\"name\":\"Directives and Notices\",\"item\":\"https:\/\/mrnf.gouv.qc.ca\/en\/mines\/mining-rights\/directives-notices\/\"},{\"@type\":\"ListItem\",\"position\":5,\"name\":\"Notices 2018\"}]},{\"@type\":\"WebSite\",\"@id\":\"https:\/\/mrnf.gouv.qc.ca\/#website\",\"url\":\"https:\/\/mrnf.gouv.qc.ca\/\",\"name\":\"Minist\u00e8re des Ressources naturelles et des For\u00eats\",\"description\":\"Prototype WordPress\",\"potentialAction\":[{\"@type\":\"SearchAction\",\"target\":{\"@type\":\"EntryPoint\",\"urlTemplate\":\"https:\/\/mrnf.gouv.qc.ca\/?s={search_term_string}\"},\"query-input\":{\"@type\":\"PropertyValueSpecification\",\"valueRequired\":true,\"valueName\":\"search_term_string\"}}],\"inLanguage\":\"en-US\"}]}<\/script>\n<!-- \/ Yoast SEO plugin. -->","yoast_head_json":{"title":"Notices 2018 - Minist\u00e8re des Ressources naturelles et des For\u00eats","robots":{"index":"index","follow":"follow","max-snippet":"max-snippet:-1","max-image-preview":"max-image-preview:large","max-video-preview":"max-video-preview:-1"},"canonical":"https:\/\/mrnf.gouv.qc.ca\/en\/mines\/mining-rights\/directives-notices\/notices-2018\/","og_locale":"en_US","og_type":"article","og_title":"Notices 2018 - Minist\u00e8re des Ressources naturelles et des For\u00eats","og_description":"Notices 2018 Filing of an application for the renewal of claims This directive came into force on 1 April 2011 and was updated on 31 May 2018, to ensure concordance with the\u00a0Act to amend the Mining Act\u00a0(2013, chapter 32). Any previous directive on the same subject is null and void. The directive is made pursuant [&hellip;]","og_url":"https:\/\/mrnf.gouv.qc.ca\/en\/mines\/mining-rights\/directives-notices\/notices-2018\/","og_site_name":"Minist\u00e8re des Ressources naturelles et des For\u00eats","article_publisher":"https:\/\/www.facebook.com\/RessourcesNaturellesForets\/","article_modified_time":"2022-03-10T19:14:23+00:00","og_image":[{"width":1200,"height":630,"url":"\/wp-content\/uploads\/Image-g%c3%a9n%c3%a9rale-hiver_FB.jpg","type":"image\/jpeg"}],"twitter_card":"summary_large_image","twitter_site":"@mrnfqc","twitter_misc":{"Est. reading time":"4 minutes"},"schema":{"@context":"https:\/\/schema.org","@graph":[{"@type":"WebPage","@id":"https:\/\/mrnf.gouv.qc.ca\/en\/mines\/mining-rights\/directives-notices\/notices-2018\/","url":"https:\/\/mrnf.gouv.qc.ca\/en\/mines\/mining-rights\/directives-notices\/notices-2018\/","name":"Notices 2018 - Minist\u00e8re des Ressources naturelles et des For\u00eats","isPartOf":{"@id":"https:\/\/mrnf.gouv.qc.ca\/#website"},"datePublished":"2022-03-07T14:52:28+00:00","dateModified":"2022-03-10T19:14:23+00:00","breadcrumb":{"@id":"https:\/\/mrnf.gouv.qc.ca\/en\/mines\/mining-rights\/directives-notices\/notices-2018\/#breadcrumb"},"inLanguage":"en-US","potentialAction":[{"@type":"ReadAction","target":["https:\/\/mrnf.gouv.qc.ca\/en\/mines\/mining-rights\/directives-notices\/notices-2018\/"]}]},{"@type":"BreadcrumbList","@id":"https:\/\/mrnf.gouv.qc.ca\/en\/mines\/mining-rights\/directives-notices\/notices-2018\/#breadcrumb","itemListElement":[{"@type":"ListItem","position":1,"name":"Accueil","item":"https:\/\/mrnf.gouv.qc.ca\/en\/"},{"@type":"ListItem","position":2,"name":"Mines","item":"https:\/\/mrnf.gouv.qc.ca\/en\/?page_id=16461"},{"@type":"ListItem","position":3,"name":"Mining Rights","item":"https:\/\/mrnf.gouv.qc.ca\/en\/mines\/mining-rights\/"},{"@type":"ListItem","position":4,"name":"Directives and Notices","item":"https:\/\/mrnf.gouv.qc.ca\/en\/mines\/mining-rights\/directives-notices\/"},{"@type":"ListItem","position":5,"name":"Notices 2018"}]},{"@type":"WebSite","@id":"https:\/\/mrnf.gouv.qc.ca\/#website","url":"https:\/\/mrnf.gouv.qc.ca\/","name":"Minist\u00e8re des Ressources naturelles et des For\u00eats","description":"Prototype WordPress","potentialAction":[{"@type":"SearchAction","target":{"@type":"EntryPoint","urlTemplate":"https:\/\/mrnf.gouv.qc.ca\/?s={search_term_string}"},"query-input":{"@type":"PropertyValueSpecification","valueRequired":true,"valueName":"search_term_string"}}],"inLanguage":"en-US"}]}},"_links":{"self":[{"href":"https:\/\/mrnf.gouv.qc.ca\/en\/wp-json\/wp\/v2\/pages\/50350","targetHints":{"allow":["GET"]}}],"collection":[{"href":"https:\/\/mrnf.gouv.qc.ca\/en\/wp-json\/wp\/v2\/pages"}],"about":[{"href":"https:\/\/mrnf.gouv.qc.ca\/en\/wp-json\/wp\/v2\/types\/page"}],"author":[{"embeddable":true,"href":"https:\/\/mrnf.gouv.qc.ca\/en\/wp-json\/wp\/v2\/users\/45"}],"replies":[{"embeddable":true,"href":"https:\/\/mrnf.gouv.qc.ca\/en\/wp-json\/wp\/v2\/comments?post=50350"}],"version-history":[{"count":5,"href":"https:\/\/mrnf.gouv.qc.ca\/en\/wp-json\/wp\/v2\/pages\/50350\/revisions"}],"predecessor-version":[{"id":50422,"href":"https:\/\/mrnf.gouv.qc.ca\/en\/wp-json\/wp\/v2\/pages\/50350\/revisions\/50422"}],"up":[{"embeddable":true,"href":"https:\/\/mrnf.gouv.qc.ca\/en\/wp-json\/wp\/v2\/pages\/27574"}],"wp:attachment":[{"href":"https:\/\/mrnf.gouv.qc.ca\/en\/wp-json\/wp\/v2\/media?parent=50350"}],"curies":[{"name":"wp","href":"https:\/\/api.w.org\/{rel}","templated":true}]}}