


{"id":50306,"date":"2022-03-01T15:50:44","date_gmt":"2022-03-01T20:50:44","guid":{"rendered":"https:\/\/mern.gouv.qc.ca\/?page_id=50306"},"modified":"2022-09-16T11:52:09","modified_gmt":"2022-09-16T15:52:09","slug":"notices-2015","status":"publish","type":"page","link":"https:\/\/mrnf.gouv.qc.ca\/en\/mines\/mining-rights\/directives-notices\/notices-2015\/","title":{"rendered":"Notices 2015"},"content":{"rendered":"<p>[et_pb_section fb_built=&#8221;1&#8243; specialty=&#8221;on&#8221; admin_label=&#8221;section&#8221; _builder_version=&#8221;3.22&#8243; global_colors_info=&#8221;{}&#8221;][et_pb_column type=&#8221;1_4&#8243; _builder_version=&#8221;3.25&#8243; custom_padding=&#8221;|||&#8221; global_colors_info=&#8221;{}&#8221; custom_padding__hover=&#8221;|||&#8221;][et_pb_sidebar area=&#8221;et_pb_widget_area_46&#8243; admin_label=&#8221;Menu Titres miniers&#8221; module_class=&#8221;menuSecondaire&#8221; _builder_version=&#8221;3.0.98&#8243; global_colors_info=&#8221;{}&#8221;][\/et_pb_sidebar][\/et_pb_column][et_pb_column type=&#8221;1_2&#8243; specialty_columns=&#8221;2&#8243; _builder_version=&#8221;3.25&#8243; custom_padding=&#8221;|||&#8221; global_colors_info=&#8221;{}&#8221; custom_padding__hover=&#8221;|||&#8221;][et_pb_row_inner _builder_version=&#8221;3.25&#8243; global_colors_info=&#8221;{}&#8221;][et_pb_column_inner saved_specialty_column_type=&#8221;1_2&#8243; _builder_version=&#8221;3.25&#8243; custom_padding=&#8221;|||&#8221; global_colors_info=&#8221;{}&#8221; custom_padding__hover=&#8221;|||&#8221;][et_pb_text _builder_version=&#8221;4.14.7&#8243; module_alignment=&#8221;left&#8221; hover_enabled=&#8221;0&#8243; global_colors_info=&#8221;{}&#8221; sticky_enabled=&#8221;0&#8243;]<\/p>\n<h1>Notices 2015<\/h1>\n<h2 id=\"h_49299057221644862545041\">New Declaration Form for Work on a Claim Work Report on claims<\/h2>\n<p><strong>October, 5<strong style=\"font-family: inherit; font-size: inherit;\"><sup>th<\/sup><\/strong>, 2015<\/strong><\/p>\n<p>According to section 72 of the Mining Act, the holder of a claim must produce a report for all work performed on a claim. Since July, 17<sup>th<\/sup> 2015, this report must be submitted using the new version of the <a href=\"\/wp-content\/uploads\/FO_work-declaration.pdf\" target=\"_blank\" rel=\"noopener\" title=\"Work declaration form\">Work declaration form<\/a> <img loading=\"lazy\" decoding=\"async\" src=\"\/wp-content\/uploads\/picto-pdf.png\" width=\"20\" height=\"16\" alt=\"\" class=\"wp-image-26549 alignnone size-full\" \/>. New requirements are requested in sections 1 to 4 (Applicant, Operators, Properties \/ Projects, Statement) of the form to ensure concordance with the Mining Tax Act.<\/p>\n<h2 id=\"h_80310787861644862549960\">Additional Amount for Late Filing Of Work Report on a Claim<\/h2>\n<p><strong>August 1<strong style=\"font-family: inherit; font-size: inherit;\"><sup>st<\/sup><\/strong>, 2015<\/strong><\/p>\n<p>This notice is published pursuant to Section 72 of the <a href=\"https:\/\/www.legisquebec.gouv.qc.ca\/en\/document\/cs\/M-13.1\" target=\"_blank\" rel=\"noopener noreferrer\">Mining Act (Chapter M-13.1)<\/a>\u00a0<img decoding=\"async\" src=\"\/wp-content\/uploads\/2016\/01\/picto-fleche.png\" \/>.<\/p>\n<p>Any claim holder may, regardless of the excess amount spent for work on the title, within sixty days of the expiry date of his claim, report to the Minister on all the work performed. However, for an additional amount prescribed by regulation, send, according to the section 72 of the Mining Act, chapter M-13.1, his report after that date provided he does so before the expiry date of his claim (S. 13 of the <a href=\"https:\/\/www.legisquebec.gouv.qc.ca\/en\/document\/cr\/M-13.1,%20r.%202\" target=\"_blank\" rel=\"noopener\">Regulation respecting mineral substances other than petroleum, natural gas and brine<\/a>\u00a0<img decoding=\"async\" src=\"\/wp-content\/uploads\/2016\/01\/picto-fleche.png\" \/>)<\/p>\n<h2 id=\"h_370474053211645210196370\">Limit of postponement of the Amount of Excess Work on a Claim<\/h2>\n<p><strong>May 6<sup>th<\/sup>, 2015<\/strong><\/p>\n<p>As of May 6<sup>th<\/sup>, 2015, the amount of excess work spent on a claim cannot be applied for more than the six subsequent terms of the claim unless work is performed on the claim to be renewed before terms expire (Section 75, <em>Mining Act<\/em>,\u00a0c. M-13.1)<\/p>\n<p><strong>May 6<sup>th<\/sup>, 2015<\/strong><\/p>\n<p>As of May 6<sup>th<\/sup>, 2015, the amount of excess work spent on a claim cannot be applied for more than the six subsequent terms of the claim unless work is performed on the claim to be renewed before terms expire (Section 75,\u00a0<em>Mining Act<\/em>,\u00a0c. M-13.1)<\/p>\n<h2 id=\"h_947186646171645209995219\">Credit card payment<\/h2>\n<p><strong>This Directive shall come into force on April 1, 2015.\u00a0<\/strong>It renders any previous directive on the same topic null and void.<\/p>\n<p>In order to comply with new safety standards set by credit card companies and to ensure the security and confidentiality of your bank transactions, the\u00a0<em>Direction des titres miniers et des syst\u00e8mes\u00a0<\/em>must revise its payment options.<\/p>\n<p>Any transmission of credit card data by the following means \u2013 mail, e-mail, fax and telephone \u2013 is now prohibited.<\/p>\n<p>Customers who would like to make credit card payments must do so via Internet through the GESTIM website at the following address: gestim.mines.gouv.qc.ca. You must be a privilege member to have this option.<\/p>\n<p>Any banking information received in a prohibited manner after April 1, 2015, will be destroyed.<\/p>\n<p>N.B.: Cheques are accepted.<\/p>\n<p>You will find an updated version of <a href=\"\/en\/mines\/forms\/\">our forms<\/a> on the website of the Minist\u00e8re de l\u2019\u00c9nergie et des Ressources naturelles.<\/p>\n<p>For further information, please contact customer service at\u00a01-800-363-7233.<\/p>\n<p>&nbsp;<\/p>\n<p>&nbsp;<\/p>\n<p>[\/et_pb_text][\/et_pb_column_inner][\/et_pb_row_inner][\/et_pb_column][et_pb_column type=&#8221;1_4&#8243; _builder_version=&#8221;3.25&#8243; custom_padding=&#8221;|||&#8221; global_colors_info=&#8221;{}&#8221; custom_padding__hover=&#8221;|||&#8221;][et_pb_sidebar area=&#8221;et_pb_widget_area_40&#8243; admin_label=&#8221;Liens rapides mines&#8221; module_class=&#8221;liensRapidesInterne&#8221; _builder_version=&#8221;3.0.90&#8243; global_colors_info=&#8221;{}&#8221;][\/et_pb_sidebar][\/et_pb_column][\/et_pb_section]<\/p>\n","protected":false},"excerpt":{"rendered":"<p>Notices 2015 New Declaration Form for Work on a Claim Work Report on claims October, 5th, 2015 According to section 72 of the Mining Act, the holder of a claim must produce a report for all work performed on a claim. Since July, 17th 2015, this report must be submitted using the new version of [&hellip;]<\/p>\n","protected":false},"author":45,"featured_media":0,"parent":27574,"menu_order":6,"comment_status":"closed","ping_status":"closed","template":"","meta":{"_acf_changed":false,"_et_pb_use_builder":"on","_et_pb_old_content":"[et_pb_section fb_built=\"1\" specialty=\"on\" admin_label=\"section\" _builder_version=\"3.22\" global_colors_info=\"{}\"][et_pb_column type=\"1_4\" _builder_version=\"3.25\" custom_padding=\"|||\" global_colors_info=\"{}\" custom_padding__hover=\"|||\"][et_pb_sidebar area=\"et_pb_widget_area_46\" admin_label=\"Menu Titres miniers\" module_class=\"menuSecondaire\" _builder_version=\"3.0.98\" global_colors_info=\"{}\"][\/et_pb_sidebar][\/et_pb_column][et_pb_column type=\"1_2\" specialty_columns=\"2\" _builder_version=\"3.25\" custom_padding=\"|||\" global_colors_info=\"{}\" custom_padding__hover=\"|||\"][et_pb_row_inner _builder_version=\"3.25\" global_colors_info=\"{}\"][et_pb_column_inner saved_specialty_column_type=\"1_2\" _builder_version=\"3.25\" custom_padding=\"|||\" global_colors_info=\"{}\" custom_padding__hover=\"|||\"][et_pb_text _builder_version=\"4.14.7\" module_alignment=\"left\" hover_enabled=\"0\" global_colors_info=\"{}\" sticky_enabled=\"0\"]\n<h1>Avis 2015<\/h1>\n<h2 id=\"h_49299057221644862545041\">Montant suppl\u00e9mentaire pour retard de d\u00e9p\u00f4t de rapport de travaux sur un claim<\/h2>\nCet avis est publi\u00e9 en vertu de l\u2019article 72 de la&nbsp;<em>Loi sur les mines<\/em>&nbsp;(chapitre M-13.1).\n\nTout titulaire de claim qui remet le rapport de ses travaux sur un claim dans les soixante jours pr\u00e9c\u00e9dant l\u2019expiration du titre, doit,&nbsp;sans \u00e9gard \u00e0 l\u2019exc\u00e9dent des sommes d\u00e9pens\u00e9es pour les travaux sur le titre, verser le montant suppl\u00e9mentaire r\u00e9sultant de l\u2019application de l\u2019article 72 de la&nbsp;<a href=\"https:\/\/www.legisquebec.gouv.qc.ca\/fr\/document\/lc\/M-13.1\" target=\"_blank\" rel=\"noopener\">Loi sur les mines<\/a> <img src=\"\/wp-content\/uploads\/2016\/01\/picto-fleche.png\" alt=\"\" width=\"12\" height=\"12\">, chapitre M-13.1 (article 13 du&nbsp;<a href=\"https:\/\/www.legisquebec.gouv.qc.ca\/fr\/document\/rc\/M-13.1,%20r.%202\" target=\"_blank\" rel=\"noopener\">R\u00e8glement sur les substances min\u00e9rales autres que le p\u00e9trole, le gaz naturel et la saumure<\/a> <img src=\"\/wp-content\/uploads\/2016\/01\/picto-fleche.png\" alt=\"\" width=\"12\" height=\"12\">).\n<h2 id=\"h_80310787861644862549960\">Paiement par carte de cr\u00e9dit<\/h2>\nCette directive entre en vigueur le 1<sup>er<\/sup> avril 2015. Elle rend nulle et sans effet toute autre directive pr\u00e9c\u00e9dente sur le m\u00eame sujet.\n\nAfin de se conformer aux nouvelles normes de s\u00e9curit\u00e9 \u00e9tablies par les compagnies de carte de cr\u00e9dit et afin de garantir la s\u00e9curit\u00e9 et la confidentialit\u00e9 de vos transactions bancaires, la Direction du d\u00e9veloppement et du contr\u00f4le de l\u2019activit\u00e9 mini\u00e8re doit r\u00e9viser son offre de solutions de paiement.\n\nToute transmission de donn\u00e9es de carte de cr\u00e9dit par les moyens suivants&nbsp;: poste, courriel, t\u00e9l\u00e9copieur et par t\u00e9l\u00e9phone, est d\u00e9sormais interdite.\n\nLes clients d\u00e9sirant faire leur paiement par carte de cr\u00e9dit doivent obligatoirement le faire par le site Web&nbsp;<a href=\"https:\/\/gestim.mines.gouv.qc.ca\/MRN_GestimP_Presentation\/ODM02101_login.aspx\" target=\"_blank\" rel=\"noopener noreferrer\">GESTIM<\/a>&nbsp;<img src=\"\/wp-content\/uploads\/2016\/01\/picto-fleche.png\">. Vous devez \u00eatre membre privil\u00e8ge afin d\u2019acc\u00e9der \u00e0 cette option.\n\nToute information bancaire re\u00e7ue de mani\u00e8re proscrite apr\u00e8s le 1<sup>er<\/sup> avril 2015 sera d\u00e9truite.\n\nNote&nbsp;: Les ch\u00e8ques sont accept\u00e9s.\n\nVous trouverez une version mise \u00e0 jour de nos <a href=\"\/mines\/formulaires\/\">formulaires<\/a> sur le site Web du minist\u00e8re de l\u2019\u00c9nergie et des Ressources naturelles.\n<h2>Pour de plus de renseignements<\/h2>\n<strong>Centre de services des mines<\/strong>\nT\u00e9l\u00e9phone : 418 627-6278\nLigne sans frais : 1 800 363-7233 (sans frais au Canada et aux \u00c9tats-Unis)\nCourriel :&nbsp;<a href=\"mailto:service.mines@mern.gouv.qc.ca\">service.mines@mern.gouv.qc.ca<\/a>\nHeures d\u2019ouverture :\nLundi, mardi, jeudi et vendredi : de 8 h 30 \u00e0 12 h et de 13 h \u00e0 16 h 30\nMercredi : de 10 h \u00e0 12 h et de 13 h \u00e0 16 h 30\n\n&nbsp;\n\n&nbsp;\n\n&nbsp;[\/et_pb_text][\/et_pb_column_inner][\/et_pb_row_inner][\/et_pb_column][et_pb_column type=\"1_4\" _builder_version=\"3.25\" custom_padding=\"|||\" global_colors_info=\"{}\" custom_padding__hover=\"|||\"][et_pb_sidebar area=\"et_pb_widget_area_40\" admin_label=\"Liens rapides mines\" module_class=\"liensRapidesInterne\" _builder_version=\"3.0.90\" global_colors_info=\"{}\"][\/et_pb_sidebar][\/et_pb_column][\/et_pb_section]","_et_gb_content_width":"","_oasis_is_in_workflow":0,"_oasis_original":0,"_oasis_task_priority":"","footnotes":""},"class_list":["post-50306","page","type-page","status-publish","hentry"],"acf":[],"yoast_head":"<!-- This site is optimized with the Yoast SEO plugin v24.9 - https:\/\/yoast.com\/wordpress\/plugins\/seo\/ -->\n<title>Notices 2015 - Minist\u00e8re des Ressources naturelles et des For\u00eats<\/title>\n<meta name=\"robots\" content=\"index, follow, max-snippet:-1, max-image-preview:large, max-video-preview:-1\" \/>\n<link rel=\"canonical\" href=\"https:\/\/mrnf.gouv.qc.ca\/en\/mines\/mining-rights\/directives-notices\/notices-2015\/\" \/>\n<meta property=\"og:locale\" content=\"en_US\" \/>\n<meta property=\"og:type\" content=\"article\" \/>\n<meta property=\"og:title\" content=\"Notices 2015 - Minist\u00e8re des Ressources naturelles et des For\u00eats\" \/>\n<meta property=\"og:description\" content=\"Notices 2015 New Declaration Form for Work on a Claim Work Report on claims October, 5th, 2015 According to section 72 of the Mining Act, the holder of a claim must produce a report for all work performed on a claim. Since July, 17th 2015, this report must be submitted using the new version of [&hellip;]\" \/>\n<meta property=\"og:url\" content=\"https:\/\/mrnf.gouv.qc.ca\/en\/mines\/mining-rights\/directives-notices\/notices-2015\/\" \/>\n<meta property=\"og:site_name\" content=\"Minist\u00e8re des Ressources naturelles et des For\u00eats\" \/>\n<meta property=\"article:publisher\" content=\"https:\/\/www.facebook.com\/RessourcesNaturellesForets\/\" \/>\n<meta property=\"article:modified_time\" content=\"2022-09-16T15:52:09+00:00\" \/>\n<meta property=\"og:image\" content=\"\/wp-content\/uploads\/Image-g%c3%a9n%c3%a9rale-hiver_FB.jpg\" \/>\n\t<meta property=\"og:image:width\" content=\"1200\" \/>\n\t<meta property=\"og:image:height\" content=\"630\" \/>\n\t<meta property=\"og:image:type\" content=\"image\/jpeg\" \/>\n<meta name=\"twitter:card\" content=\"summary_large_image\" \/>\n<meta name=\"twitter:site\" content=\"@mrnfqc\" \/>\n<meta name=\"twitter:label1\" content=\"Est. reading time\" \/>\n\t<meta name=\"twitter:data1\" content=\"3 minutes\" \/>\n<script type=\"application\/ld+json\" class=\"yoast-schema-graph\">{\"@context\":\"https:\/\/schema.org\",\"@graph\":[{\"@type\":\"WebPage\",\"@id\":\"https:\/\/mrnf.gouv.qc.ca\/en\/mines\/mining-rights\/directives-notices\/notices-2015\/\",\"url\":\"https:\/\/mrnf.gouv.qc.ca\/en\/mines\/mining-rights\/directives-notices\/notices-2015\/\",\"name\":\"Notices 2015 - Minist\u00e8re des Ressources naturelles et des For\u00eats\",\"isPartOf\":{\"@id\":\"https:\/\/mrnf.gouv.qc.ca\/#website\"},\"datePublished\":\"2022-03-01T20:50:44+00:00\",\"dateModified\":\"2022-09-16T15:52:09+00:00\",\"breadcrumb\":{\"@id\":\"https:\/\/mrnf.gouv.qc.ca\/en\/mines\/mining-rights\/directives-notices\/notices-2015\/#breadcrumb\"},\"inLanguage\":\"en-US\",\"potentialAction\":[{\"@type\":\"ReadAction\",\"target\":[\"https:\/\/mrnf.gouv.qc.ca\/en\/mines\/mining-rights\/directives-notices\/notices-2015\/\"]}]},{\"@type\":\"BreadcrumbList\",\"@id\":\"https:\/\/mrnf.gouv.qc.ca\/en\/mines\/mining-rights\/directives-notices\/notices-2015\/#breadcrumb\",\"itemListElement\":[{\"@type\":\"ListItem\",\"position\":1,\"name\":\"Accueil\",\"item\":\"https:\/\/mrnf.gouv.qc.ca\/en\/\"},{\"@type\":\"ListItem\",\"position\":2,\"name\":\"Mines\",\"item\":\"https:\/\/mrnf.gouv.qc.ca\/en\/?page_id=16461\"},{\"@type\":\"ListItem\",\"position\":3,\"name\":\"Mining Rights\",\"item\":\"https:\/\/mrnf.gouv.qc.ca\/en\/mines\/mining-rights\/\"},{\"@type\":\"ListItem\",\"position\":4,\"name\":\"Directives and Notices\",\"item\":\"https:\/\/mrnf.gouv.qc.ca\/en\/mines\/mining-rights\/directives-notices\/\"},{\"@type\":\"ListItem\",\"position\":5,\"name\":\"Notices 2015\"}]},{\"@type\":\"WebSite\",\"@id\":\"https:\/\/mrnf.gouv.qc.ca\/#website\",\"url\":\"https:\/\/mrnf.gouv.qc.ca\/\",\"name\":\"Minist\u00e8re des Ressources naturelles et des For\u00eats\",\"description\":\"Prototype WordPress\",\"potentialAction\":[{\"@type\":\"SearchAction\",\"target\":{\"@type\":\"EntryPoint\",\"urlTemplate\":\"https:\/\/mrnf.gouv.qc.ca\/?s={search_term_string}\"},\"query-input\":{\"@type\":\"PropertyValueSpecification\",\"valueRequired\":true,\"valueName\":\"search_term_string\"}}],\"inLanguage\":\"en-US\"}]}<\/script>\n<!-- \/ Yoast SEO plugin. -->","yoast_head_json":{"title":"Notices 2015 - Minist\u00e8re des Ressources naturelles et des For\u00eats","robots":{"index":"index","follow":"follow","max-snippet":"max-snippet:-1","max-image-preview":"max-image-preview:large","max-video-preview":"max-video-preview:-1"},"canonical":"https:\/\/mrnf.gouv.qc.ca\/en\/mines\/mining-rights\/directives-notices\/notices-2015\/","og_locale":"en_US","og_type":"article","og_title":"Notices 2015 - Minist\u00e8re des Ressources naturelles et des For\u00eats","og_description":"Notices 2015 New Declaration Form for Work on a Claim Work Report on claims October, 5th, 2015 According to section 72 of the Mining Act, the holder of a claim must produce a report for all work performed on a claim. Since July, 17th 2015, this report must be submitted using the new version of [&hellip;]","og_url":"https:\/\/mrnf.gouv.qc.ca\/en\/mines\/mining-rights\/directives-notices\/notices-2015\/","og_site_name":"Minist\u00e8re des Ressources naturelles et des For\u00eats","article_publisher":"https:\/\/www.facebook.com\/RessourcesNaturellesForets\/","article_modified_time":"2022-09-16T15:52:09+00:00","og_image":[{"width":1200,"height":630,"url":"\/wp-content\/uploads\/Image-g%c3%a9n%c3%a9rale-hiver_FB.jpg","type":"image\/jpeg"}],"twitter_card":"summary_large_image","twitter_site":"@mrnfqc","twitter_misc":{"Est. reading time":"3 minutes"},"schema":{"@context":"https:\/\/schema.org","@graph":[{"@type":"WebPage","@id":"https:\/\/mrnf.gouv.qc.ca\/en\/mines\/mining-rights\/directives-notices\/notices-2015\/","url":"https:\/\/mrnf.gouv.qc.ca\/en\/mines\/mining-rights\/directives-notices\/notices-2015\/","name":"Notices 2015 - Minist\u00e8re des Ressources naturelles et des For\u00eats","isPartOf":{"@id":"https:\/\/mrnf.gouv.qc.ca\/#website"},"datePublished":"2022-03-01T20:50:44+00:00","dateModified":"2022-09-16T15:52:09+00:00","breadcrumb":{"@id":"https:\/\/mrnf.gouv.qc.ca\/en\/mines\/mining-rights\/directives-notices\/notices-2015\/#breadcrumb"},"inLanguage":"en-US","potentialAction":[{"@type":"ReadAction","target":["https:\/\/mrnf.gouv.qc.ca\/en\/mines\/mining-rights\/directives-notices\/notices-2015\/"]}]},{"@type":"BreadcrumbList","@id":"https:\/\/mrnf.gouv.qc.ca\/en\/mines\/mining-rights\/directives-notices\/notices-2015\/#breadcrumb","itemListElement":[{"@type":"ListItem","position":1,"name":"Accueil","item":"https:\/\/mrnf.gouv.qc.ca\/en\/"},{"@type":"ListItem","position":2,"name":"Mines","item":"https:\/\/mrnf.gouv.qc.ca\/en\/?page_id=16461"},{"@type":"ListItem","position":3,"name":"Mining Rights","item":"https:\/\/mrnf.gouv.qc.ca\/en\/mines\/mining-rights\/"},{"@type":"ListItem","position":4,"name":"Directives and Notices","item":"https:\/\/mrnf.gouv.qc.ca\/en\/mines\/mining-rights\/directives-notices\/"},{"@type":"ListItem","position":5,"name":"Notices 2015"}]},{"@type":"WebSite","@id":"https:\/\/mrnf.gouv.qc.ca\/#website","url":"https:\/\/mrnf.gouv.qc.ca\/","name":"Minist\u00e8re des Ressources naturelles et des For\u00eats","description":"Prototype WordPress","potentialAction":[{"@type":"SearchAction","target":{"@type":"EntryPoint","urlTemplate":"https:\/\/mrnf.gouv.qc.ca\/?s={search_term_string}"},"query-input":{"@type":"PropertyValueSpecification","valueRequired":true,"valueName":"search_term_string"}}],"inLanguage":"en-US"}]}},"_links":{"self":[{"href":"https:\/\/mrnf.gouv.qc.ca\/en\/wp-json\/wp\/v2\/pages\/50306","targetHints":{"allow":["GET"]}}],"collection":[{"href":"https:\/\/mrnf.gouv.qc.ca\/en\/wp-json\/wp\/v2\/pages"}],"about":[{"href":"https:\/\/mrnf.gouv.qc.ca\/en\/wp-json\/wp\/v2\/types\/page"}],"author":[{"embeddable":true,"href":"https:\/\/mrnf.gouv.qc.ca\/en\/wp-json\/wp\/v2\/users\/45"}],"replies":[{"embeddable":true,"href":"https:\/\/mrnf.gouv.qc.ca\/en\/wp-json\/wp\/v2\/comments?post=50306"}],"version-history":[{"count":4,"href":"https:\/\/mrnf.gouv.qc.ca\/en\/wp-json\/wp\/v2\/pages\/50306\/revisions"}],"predecessor-version":[{"id":53758,"href":"https:\/\/mrnf.gouv.qc.ca\/en\/wp-json\/wp\/v2\/pages\/50306\/revisions\/53758"}],"up":[{"embeddable":true,"href":"https:\/\/mrnf.gouv.qc.ca\/en\/wp-json\/wp\/v2\/pages\/27574"}],"wp:attachment":[{"href":"https:\/\/mrnf.gouv.qc.ca\/en\/wp-json\/wp\/v2\/media?parent=50306"}],"curies":[{"name":"wp","href":"https:\/\/api.w.org\/{rel}","templated":true}]}}