


{"id":50297,"date":"2022-03-01T14:33:42","date_gmt":"2022-03-01T19:33:42","guid":{"rendered":"https:\/\/mern.gouv.qc.ca\/?page_id=50297"},"modified":"2022-03-01T14:52:33","modified_gmt":"2022-03-01T19:52:33","slug":"notices-2013","status":"publish","type":"page","link":"https:\/\/mrnf.gouv.qc.ca\/en\/mines\/mining-rights\/directives-notices\/notices-2013\/","title":{"rendered":"Notices 2013"},"content":{"rendered":"<p>[et_pb_section fb_built=&#8221;1&#8243; specialty=&#8221;on&#8221; admin_label=&#8221;section&#8221; _builder_version=&#8221;3.22&#8243; global_colors_info=&#8221;{}&#8221;][et_pb_column type=&#8221;1_4&#8243; _builder_version=&#8221;3.25&#8243; custom_padding=&#8221;|||&#8221; global_colors_info=&#8221;{}&#8221; custom_padding__hover=&#8221;|||&#8221;][et_pb_sidebar area=&#8221;et_pb_widget_area_46&#8243; admin_label=&#8221;Menu Titres miniers&#8221; module_class=&#8221;menuSecondaire&#8221; _builder_version=&#8221;3.0.98&#8243; global_colors_info=&#8221;{}&#8221;][\/et_pb_sidebar][\/et_pb_column][et_pb_column type=&#8221;1_2&#8243; specialty_columns=&#8221;2&#8243; _builder_version=&#8221;3.25&#8243; custom_padding=&#8221;|||&#8221; global_colors_info=&#8221;{}&#8221; custom_padding__hover=&#8221;|||&#8221;][et_pb_row_inner _builder_version=&#8221;3.25&#8243; global_colors_info=&#8221;{}&#8221;][et_pb_column_inner saved_specialty_column_type=&#8221;1_2&#8243; _builder_version=&#8221;3.25&#8243; custom_padding=&#8221;|||&#8221; global_colors_info=&#8221;{}&#8221; custom_padding__hover=&#8221;|||&#8221;][et_pb_text admin_label=&#8221;Avis 2013&#8243; _builder_version=&#8221;4.14.7&#8243; module_alignment=&#8221;left&#8221; global_colors_info=&#8221;{}&#8221;]<\/p>\n<h1>Notices 2013<\/h1>\n<h2 id=\"h_44762901521645551740666\">Amounts Spent to a Mining against a Claim to be Renewed<\/h2>\n<p>December 18, 2013<\/p>\n<p>Since December 10, 2013, it is no longer possible to apply all or a part of amounts spent to perform work in respect of a mining lease or mining concession against a claim to be renewed.<\/p>\n<p>Repeal of the Section 77 of the\u00a0<em>Mining Act<\/em>, chapter M-13.1.<\/p>\n<h2 id=\"h_22096796171645551754288\">Disclosure Requirement of Discovery of Triuranium Octoxide<\/h2>\n<p>December 18, 2013<\/p>\n<p>A claim holder shall notify the Minister of Natural Ressources and the Minister of Sustainable Development, Environment, Wildlife and Parks, of any discovery of substances containing 0.1% or more of triuranium octoxide , within 90 days of this discovery.<\/p>\n<h2 id=\"h_279759249111645551761421\">Disclosure Requirement of Acquisition of a Claim<\/h2>\n<p>December 18, 2013<\/p>\n<p>On lands of the domain of the State, the claim holder shall, within 60 days after obtaining a claim, notify the owner of the land, the lessee, the holder of an exclusive lease to mine surface mineral substances and the municipality in which the claim is located.<\/p>\n<h2 id=\"h_925840357161645551783445\">Regional offices<\/h2>\n<p>Because of the changes to the Mining Act, references to regional offices designated by ministerial order have been removed. Since December 10, 2013, regional offices can no longer receive documents and provide services of a legal nature relating to the Mining Act. Accordingly, the following Mines services have been discontinued:<\/p>\n<ul>\n<li>Reception of legal documents: work declarations, lease applications, title transfer applications and related instruments<\/li>\n<li>Issuance and renewal of prospecting licenses<\/li>\n<li>Any financial transaction or request for information in the client account<\/li>\n<\/ul>\n<p>All legal documents must be sent directly by the client to the Direction des titres miniers et des syst\u00e8mes (DTMS), in Qu\u00e9bec. The date of receipt is the official date of filing of the document.<\/p>\n<p>Keep in mind that many services are available on the\u00a0<a href=\"https:\/\/gestim.mines.gouv.qc.ca\/MRN_GestimP_Presentation\/ODM02101_login.aspx\" target=\"_blank\" rel=\"noopener\">GESTIM Plus website<\/a> <img decoding=\"async\" loading=\"lazy\" src=\"\/wp-content\/uploads\/2016\/01\/picto-fleche.png\" width=\"12\" height=\"12\" alt=\"Ce lien s'ouvrira dans un nouvel fen\u00eatre.\" class=\"wp-image-4814 alignnone size-full\" \/>. They include electronic forms to apply for staking tags and exploration licenses. You can check your account balance under My Documents and My Balance and Profile. To become a privileged member, fill out the form on the GESTIM Plus website. For more information, contact client services at\u00a01 800 363 7233, ext. 5451.<\/p>\n<p>This reorganization is part of the Online Government policy initiated a few years ago. Its objectives include administrative simplification and self-management by the Government\u2019s clients.<\/p>\n<p><strong>Address of the Direction des titres miniers et des syst\u00e8mes in Qu\u00e9bec:<\/strong><\/p>\n<p>Minist\u00e8re des Ressources naturelles<br \/>\nDirection des titres miniers et des syst\u00e8mes<br \/>\nBureau du registraire<br \/>\n5700, 4<sup>e<\/sup>\u00a0Avenue Ouest, local C-320<br \/>\nQu\u00e9bec (Qu\u00e9bec) G1H 6R1<\/p>\n<p>&nbsp;<\/p>\n<p>&nbsp;<\/p>\n<p>[\/et_pb_text][\/et_pb_column_inner][\/et_pb_row_inner][\/et_pb_column][et_pb_column type=&#8221;1_4&#8243; _builder_version=&#8221;3.25&#8243; custom_padding=&#8221;|||&#8221; global_colors_info=&#8221;{}&#8221; custom_padding__hover=&#8221;|||&#8221;][et_pb_sidebar area=&#8221;et_pb_widget_area_40&#8243; admin_label=&#8221;Liens rapides mines&#8221; module_class=&#8221;liensRapidesInterne&#8221; _builder_version=&#8221;3.0.90&#8243; global_colors_info=&#8221;{}&#8221;][\/et_pb_sidebar][\/et_pb_column][\/et_pb_section]<\/p>\n","protected":false},"excerpt":{"rendered":"<p>Notices 2013 Amounts Spent to a Mining against a Claim to be Renewed December 18, 2013 Since December 10, 2013, it is no longer possible to apply all or a part of amounts spent to perform work in respect of a mining lease or mining concession against a claim to be renewed. Repeal of the [&hellip;]<\/p>\n","protected":false},"author":45,"featured_media":0,"parent":27574,"menu_order":8,"comment_status":"closed","ping_status":"closed","template":"","meta":{"_acf_changed":false,"_et_pb_use_builder":"on","_et_pb_old_content":"<!-- wp:divi\/placeholder -->\n[et_pb_section fb_built=\"1\" specialty=\"on\" admin_label=\"section\" _builder_version=\"3.22\" global_colors_info=\"{}\"][et_pb_column type=\"1_4\" _builder_version=\"3.25\" custom_padding=\"|||\" global_colors_info=\"{}\" custom_padding__hover=\"|||\"][et_pb_sidebar area=\"et_pb_widget_area_46\" admin_label=\"Menu Titres miniers\" module_class=\"menuSecondaire\" _builder_version=\"3.0.98\" global_colors_info=\"{}\"][\/et_pb_sidebar][\/et_pb_column][et_pb_column type=\"1_2\" specialty_columns=\"2\" _builder_version=\"3.25\" custom_padding=\"|||\" global_colors_info=\"{}\" custom_padding__hover=\"|||\"][et_pb_row_inner _builder_version=\"3.25\" global_colors_info=\"{}\"][et_pb_column_inner saved_specialty_column_type=\"1_2\" _builder_version=\"3.25\" custom_padding=\"|||\" global_colors_info=\"{}\" custom_padding__hover=\"|||\"][et_pb_text admin_label=\"Avis 2013\" _builder_version=\"4.14.7\" module_alignment=\"left\" global_colors_info=\"{}\"]<h1>Avis 2013<\/h1>\n<h2 id=\"h_44762901521645551740666\">Tir\u00e9 des exc\u00e9dents d'un bail minier ou d'une concession mini\u00e8re<\/h2>\n18 d\u00e9cembre 2013 - En vertu des modifications apport\u00e9es \u00e0 la Loi sur les mines, depuis le 10 d\u00e9cembre 2013, il n'est d\u00e9sormais plus possible d'appliquer tout ou partie des sommes d\u00e9pens\u00e9es pour les travaux d'un bail minier ou d'une concession mini\u00e8re \u00e0 un claim pour son renouvellement.\n\nAbrogation de l'article 77 de la Loi sur les mines, chapitre M-13.1.\n<h2 id=\"h_925840357161645551783445\">Bureaux r\u00e9gionaux<\/h2>\nEn raison des modifications apport\u00e9es \u00e0 la Loi sur les mines, les mentions aux \u00ab bureaux r\u00e9gionaux d\u00e9sign\u00e9s par arr\u00eat\u00e9 minist\u00e9riel \u00bb ont \u00e9t\u00e9 retir\u00e9es. Depuis le 10 d\u00e9cembre 2013, les bureaux r\u00e9gionaux ne sont plus habilit\u00e9s \u00e0 recevoir et \u00e0 traiter des dossiers de nature l\u00e9gale relatifs \u00e0 la Loi sur les mines. De ce fait, les services li\u00e9s aux mines suivants ont \u00e9t\u00e9 retir\u00e9s :\n<ul>\n\t<li>R\u00e9ception de documents l\u00e9gaux : d\u00e9clarations de travaux, demandes de baux, demandes de transfert de titres et actes relatifs;<\/li>\n\t<li>D\u00e9livrance et renouvellement de permis de prospection;<\/li>\n\t<li>Toute transaction financi\u00e8re ou demande d'information dans le compte client.<\/li>\n\t<li>Tous les documents l\u00e9gaux doivent \u00eatre exp\u00e9di\u00e9s directement par le client \u00e0 la Direction des titres miniers et des syst\u00e8mes (DTMS) \u00e0 Qu\u00e9bec. La date de r\u00e9ception constitue la date officielle du d\u00e9p\u00f4t du document.<\/li>\n<\/ul>\nRappelons que plusieurs services sont offerts dans le site Internet de <span><a href=\"https:\/\/gestim.mines.gouv.qc.ca\/MRN_GestimP_Presentation\/ODM02101_login.aspx\" target=\"_blank\" rel=\"noopener\" title=\"GESTIM Plus\">GESTIM Plus<\/a> <img src=\"\/wp-content\/uploads\/2016\/01\/picto-fleche.png\" width=\"12\" height=\"12\" alt=\"Ce lien s'ouvrira dans un nouvel fen\u00eatre.\" class=\"wp-image-4814 alignnone size-full\" \/><\/span>. On y trouve, notamment, les formulaires \u00e9lectroniques pour les demandes de plaques de jalonnement et les demandes de permis de prospection. Consultez le solde de votre compte sous la rubrique \u00ab Mes documents \u00bb et \u00ab Mon Profil et solde \u00bb. Pour devenir membre privil\u00e9gi\u00e9 gratuitement, remplissez le formulaire dans le site de GESTIM Plus. Pour plus d'information, communiquez avec le service \u00e0 la client\u00e8le au 1 800 363-7233, poste 5451.\n\nCette r\u00e9organisation s'inscrit dans la politique du \u00ab Gouvernement en ligne \u00bb entreprise il y a quelques ann\u00e9es. Les objectifs vis\u00e9s sont, entre autres, la simplification administrative et l'autonomie de la client\u00e8le du gouvernement.\n\n&nbsp;\n\n&nbsp;[\/et_pb_text][\/et_pb_column_inner][\/et_pb_row_inner][\/et_pb_column][et_pb_column type=\"1_4\" _builder_version=\"3.25\" custom_padding=\"|||\" global_colors_info=\"{}\" custom_padding__hover=\"|||\"][et_pb_sidebar area=\"et_pb_widget_area_40\" admin_label=\"Liens rapides mines\" module_class=\"liensRapidesInterne\" _builder_version=\"3.0.90\" global_colors_info=\"{}\"][\/et_pb_sidebar][\/et_pb_column][\/et_pb_section]\n<!-- \/wp:divi\/placeholder -->","_et_gb_content_width":"","_oasis_is_in_workflow":0,"_oasis_original":0,"_oasis_task_priority":"","footnotes":""},"class_list":["post-50297","page","type-page","status-publish","hentry"],"acf":[],"yoast_head":"<!-- This site is optimized with the Yoast SEO plugin v24.9 - https:\/\/yoast.com\/wordpress\/plugins\/seo\/ -->\n<title>Notices 2013 - Minist\u00e8re des Ressources naturelles et des For\u00eats<\/title>\n<meta name=\"robots\" content=\"index, follow, max-snippet:-1, max-image-preview:large, max-video-preview:-1\" \/>\n<link rel=\"canonical\" href=\"https:\/\/mrnf.gouv.qc.ca\/en\/mines\/mining-rights\/directives-notices\/notices-2013\/\" \/>\n<meta property=\"og:locale\" content=\"en_US\" \/>\n<meta property=\"og:type\" content=\"article\" \/>\n<meta property=\"og:title\" content=\"Notices 2013 - Minist\u00e8re des Ressources naturelles et des For\u00eats\" \/>\n<meta property=\"og:description\" content=\"Notices 2013 Amounts Spent to a Mining against a Claim to be Renewed December 18, 2013 Since December 10, 2013, it is no longer possible to apply all or a part of amounts spent to perform work in respect of a mining lease or mining concession against a claim to be renewed. Repeal of the [&hellip;]\" \/>\n<meta property=\"og:url\" content=\"https:\/\/mrnf.gouv.qc.ca\/en\/mines\/mining-rights\/directives-notices\/notices-2013\/\" \/>\n<meta property=\"og:site_name\" content=\"Minist\u00e8re des Ressources naturelles et des For\u00eats\" \/>\n<meta property=\"article:publisher\" content=\"https:\/\/www.facebook.com\/RessourcesNaturellesForets\/\" \/>\n<meta property=\"article:modified_time\" content=\"2022-03-01T19:52:33+00:00\" \/>\n<meta property=\"og:image\" content=\"\/wp-content\/uploads\/Image-g%c3%a9n%c3%a9rale-hiver_FB.jpg\" \/>\n\t<meta property=\"og:image:width\" content=\"1200\" \/>\n\t<meta property=\"og:image:height\" content=\"630\" \/>\n\t<meta property=\"og:image:type\" content=\"image\/jpeg\" \/>\n<meta name=\"twitter:card\" content=\"summary_large_image\" \/>\n<meta name=\"twitter:site\" content=\"@mrnfqc\" \/>\n<meta name=\"twitter:label1\" content=\"Est. reading time\" \/>\n\t<meta name=\"twitter:data1\" content=\"3 minutes\" \/>\n<script type=\"application\/ld+json\" class=\"yoast-schema-graph\">{\"@context\":\"https:\/\/schema.org\",\"@graph\":[{\"@type\":\"WebPage\",\"@id\":\"https:\/\/mrnf.gouv.qc.ca\/en\/mines\/mining-rights\/directives-notices\/notices-2013\/\",\"url\":\"https:\/\/mrnf.gouv.qc.ca\/en\/mines\/mining-rights\/directives-notices\/notices-2013\/\",\"name\":\"Notices 2013 - Minist\u00e8re des Ressources naturelles et des For\u00eats\",\"isPartOf\":{\"@id\":\"https:\/\/mrnf.gouv.qc.ca\/#website\"},\"datePublished\":\"2022-03-01T19:33:42+00:00\",\"dateModified\":\"2022-03-01T19:52:33+00:00\",\"breadcrumb\":{\"@id\":\"https:\/\/mrnf.gouv.qc.ca\/en\/mines\/mining-rights\/directives-notices\/notices-2013\/#breadcrumb\"},\"inLanguage\":\"en-US\",\"potentialAction\":[{\"@type\":\"ReadAction\",\"target\":[\"https:\/\/mrnf.gouv.qc.ca\/en\/mines\/mining-rights\/directives-notices\/notices-2013\/\"]}]},{\"@type\":\"BreadcrumbList\",\"@id\":\"https:\/\/mrnf.gouv.qc.ca\/en\/mines\/mining-rights\/directives-notices\/notices-2013\/#breadcrumb\",\"itemListElement\":[{\"@type\":\"ListItem\",\"position\":1,\"name\":\"Accueil\",\"item\":\"https:\/\/mrnf.gouv.qc.ca\/en\/\"},{\"@type\":\"ListItem\",\"position\":2,\"name\":\"Mines\",\"item\":\"https:\/\/mrnf.gouv.qc.ca\/en\/?page_id=16461\"},{\"@type\":\"ListItem\",\"position\":3,\"name\":\"Mining Rights\",\"item\":\"https:\/\/mrnf.gouv.qc.ca\/en\/mines\/mining-rights\/\"},{\"@type\":\"ListItem\",\"position\":4,\"name\":\"Directives and Notices\",\"item\":\"https:\/\/mrnf.gouv.qc.ca\/en\/mines\/mining-rights\/directives-notices\/\"},{\"@type\":\"ListItem\",\"position\":5,\"name\":\"Notices 2013\"}]},{\"@type\":\"WebSite\",\"@id\":\"https:\/\/mrnf.gouv.qc.ca\/#website\",\"url\":\"https:\/\/mrnf.gouv.qc.ca\/\",\"name\":\"Minist\u00e8re des Ressources naturelles et des For\u00eats\",\"description\":\"Prototype WordPress\",\"potentialAction\":[{\"@type\":\"SearchAction\",\"target\":{\"@type\":\"EntryPoint\",\"urlTemplate\":\"https:\/\/mrnf.gouv.qc.ca\/?s={search_term_string}\"},\"query-input\":{\"@type\":\"PropertyValueSpecification\",\"valueRequired\":true,\"valueName\":\"search_term_string\"}}],\"inLanguage\":\"en-US\"}]}<\/script>\n<!-- \/ Yoast SEO plugin. -->","yoast_head_json":{"title":"Notices 2013 - Minist\u00e8re des Ressources naturelles et des For\u00eats","robots":{"index":"index","follow":"follow","max-snippet":"max-snippet:-1","max-image-preview":"max-image-preview:large","max-video-preview":"max-video-preview:-1"},"canonical":"https:\/\/mrnf.gouv.qc.ca\/en\/mines\/mining-rights\/directives-notices\/notices-2013\/","og_locale":"en_US","og_type":"article","og_title":"Notices 2013 - Minist\u00e8re des Ressources naturelles et des For\u00eats","og_description":"Notices 2013 Amounts Spent to a Mining against a Claim to be Renewed December 18, 2013 Since December 10, 2013, it is no longer possible to apply all or a part of amounts spent to perform work in respect of a mining lease or mining concession against a claim to be renewed. Repeal of the [&hellip;]","og_url":"https:\/\/mrnf.gouv.qc.ca\/en\/mines\/mining-rights\/directives-notices\/notices-2013\/","og_site_name":"Minist\u00e8re des Ressources naturelles et des For\u00eats","article_publisher":"https:\/\/www.facebook.com\/RessourcesNaturellesForets\/","article_modified_time":"2022-03-01T19:52:33+00:00","og_image":[{"width":1200,"height":630,"url":"\/wp-content\/uploads\/Image-g%c3%a9n%c3%a9rale-hiver_FB.jpg","type":"image\/jpeg"}],"twitter_card":"summary_large_image","twitter_site":"@mrnfqc","twitter_misc":{"Est. reading time":"3 minutes"},"schema":{"@context":"https:\/\/schema.org","@graph":[{"@type":"WebPage","@id":"https:\/\/mrnf.gouv.qc.ca\/en\/mines\/mining-rights\/directives-notices\/notices-2013\/","url":"https:\/\/mrnf.gouv.qc.ca\/en\/mines\/mining-rights\/directives-notices\/notices-2013\/","name":"Notices 2013 - Minist\u00e8re des Ressources naturelles et des For\u00eats","isPartOf":{"@id":"https:\/\/mrnf.gouv.qc.ca\/#website"},"datePublished":"2022-03-01T19:33:42+00:00","dateModified":"2022-03-01T19:52:33+00:00","breadcrumb":{"@id":"https:\/\/mrnf.gouv.qc.ca\/en\/mines\/mining-rights\/directives-notices\/notices-2013\/#breadcrumb"},"inLanguage":"en-US","potentialAction":[{"@type":"ReadAction","target":["https:\/\/mrnf.gouv.qc.ca\/en\/mines\/mining-rights\/directives-notices\/notices-2013\/"]}]},{"@type":"BreadcrumbList","@id":"https:\/\/mrnf.gouv.qc.ca\/en\/mines\/mining-rights\/directives-notices\/notices-2013\/#breadcrumb","itemListElement":[{"@type":"ListItem","position":1,"name":"Accueil","item":"https:\/\/mrnf.gouv.qc.ca\/en\/"},{"@type":"ListItem","position":2,"name":"Mines","item":"https:\/\/mrnf.gouv.qc.ca\/en\/?page_id=16461"},{"@type":"ListItem","position":3,"name":"Mining Rights","item":"https:\/\/mrnf.gouv.qc.ca\/en\/mines\/mining-rights\/"},{"@type":"ListItem","position":4,"name":"Directives and Notices","item":"https:\/\/mrnf.gouv.qc.ca\/en\/mines\/mining-rights\/directives-notices\/"},{"@type":"ListItem","position":5,"name":"Notices 2013"}]},{"@type":"WebSite","@id":"https:\/\/mrnf.gouv.qc.ca\/#website","url":"https:\/\/mrnf.gouv.qc.ca\/","name":"Minist\u00e8re des Ressources naturelles et des For\u00eats","description":"Prototype WordPress","potentialAction":[{"@type":"SearchAction","target":{"@type":"EntryPoint","urlTemplate":"https:\/\/mrnf.gouv.qc.ca\/?s={search_term_string}"},"query-input":{"@type":"PropertyValueSpecification","valueRequired":true,"valueName":"search_term_string"}}],"inLanguage":"en-US"}]}},"_links":{"self":[{"href":"https:\/\/mrnf.gouv.qc.ca\/en\/wp-json\/wp\/v2\/pages\/50297","targetHints":{"allow":["GET"]}}],"collection":[{"href":"https:\/\/mrnf.gouv.qc.ca\/en\/wp-json\/wp\/v2\/pages"}],"about":[{"href":"https:\/\/mrnf.gouv.qc.ca\/en\/wp-json\/wp\/v2\/types\/page"}],"author":[{"embeddable":true,"href":"https:\/\/mrnf.gouv.qc.ca\/en\/wp-json\/wp\/v2\/users\/45"}],"replies":[{"embeddable":true,"href":"https:\/\/mrnf.gouv.qc.ca\/en\/wp-json\/wp\/v2\/comments?post=50297"}],"version-history":[{"count":3,"href":"https:\/\/mrnf.gouv.qc.ca\/en\/wp-json\/wp\/v2\/pages\/50297\/revisions"}],"predecessor-version":[{"id":50303,"href":"https:\/\/mrnf.gouv.qc.ca\/en\/wp-json\/wp\/v2\/pages\/50297\/revisions\/50303"}],"up":[{"embeddable":true,"href":"https:\/\/mrnf.gouv.qc.ca\/en\/wp-json\/wp\/v2\/pages\/27574"}],"wp:attachment":[{"href":"https:\/\/mrnf.gouv.qc.ca\/en\/wp-json\/wp\/v2\/media?parent=50297"}],"curies":[{"name":"wp","href":"https:\/\/api.w.org\/{rel}","templated":true}]}}