


{"id":45431,"date":"2021-09-21T13:33:04","date_gmt":"2021-09-21T17:33:04","guid":{"rendered":"https:\/\/mern.gouv.qc.ca\/?page_id=45431"},"modified":"2026-02-04T13:39:27","modified_gmt":"2026-02-04T18:39:27","slug":"about-us","status":"publish","type":"page","link":"https:\/\/mrnf.gouv.qc.ca\/en\/quebec-mines\/about-us\/","title":{"rendered":"About us"},"content":{"rendered":"<p>[et_pb_section fb_built=&#8221;1&#8243; specialty=&#8221;on&#8221; _builder_version=&#8221;4.16&#8243; global_colors_info=&#8221;{}&#8221;][et_pb_column type=&#8221;1_4&#8243; _builder_version=&#8221;4.16&#8243; custom_padding=&#8221;|||&#8221; global_colors_info=&#8221;{}&#8221; custom_padding__hover=&#8221;|||&#8221;][et_pb_sidebar area=&#8221;et_pb_widget_area_26&#8243; admin_label=&#8221;Sous-menu \u00c0 propos QCMines&#8221; module_class=&#8221;menuSecondaire&#8221; _builder_version=&#8221;4.16&#8243; locked=&#8221;off&#8221; global_colors_info=&#8221;{}&#8221;][\/et_pb_sidebar][\/et_pb_column][et_pb_column type=&#8221;3_4&#8243; specialty_columns=&#8221;3&#8243; _builder_version=&#8221;4.16&#8243; custom_padding=&#8221;|||&#8221; global_colors_info=&#8221;{}&#8221; custom_padding__hover=&#8221;|||&#8221;][et_pb_row_inner admin_label=&#8221;Ligne&#8221; _builder_version=&#8221;4.16&#8243; global_colors_info=&#8221;{}&#8221;][et_pb_column_inner saved_specialty_column_type=&#8221;3_4&#8243; _builder_version=&#8221;4.16&#8243; custom_padding=&#8221;|||&#8221; global_colors_info=&#8221;{}&#8221; custom_padding__hover=&#8221;|||&#8221;][et_pb_text admin_label=&#8221;Contenu&#8221; _builder_version=&#8221;4.27.5&#8243; module_alignment=&#8221;left&#8221; hover_enabled=&#8221;0&#8243; global_colors_info=&#8221;{}&#8221; sticky_enabled=&#8221;0&#8243;]<\/p>\n<h1>About us<\/h1>\n<p>Qu\u00e9bec Mines + \u00c9nergie\u2019s mission is to promote and develop Qu\u00e9bec\u2019s rich mining and energy potential from a sustainable development perspective. Gathering professionals from all sectors for 47 years, Qu\u00e9bec Mines + \u00c9nergie is a gathering event for synergy and exchanges, while putting geoscience knowledge and innovation at the forefront.<\/p>\n<p>Our team is working hard to prepare an event that will meet your expectations. Stay tuned and follow us on social media for the latest news from Qu\u00e9bec Mines + \u00c9nergie!\u00a0<\/p>\n<p>[\/et_pb_text][\/et_pb_column_inner][\/et_pb_row_inner][\/et_pb_column][\/et_pb_section]<\/p>\n","protected":false},"excerpt":{"rendered":"<p>About us Qu\u00e9bec Mines + \u00c9nergie\u2019s mission is to promote and develop Qu\u00e9bec\u2019s rich mining and energy potential from a sustainable development perspective. Gathering professionals from all sectors for 47 years, Qu\u00e9bec Mines + \u00c9nergie is a gathering event for synergy and exchanges, while putting geoscience knowledge and innovation at the forefront. Our team is [&hellip;]<\/p>\n","protected":false},"author":45,"featured_media":0,"parent":6823,"menu_order":44,"comment_status":"closed","ping_status":"closed","template":"quebecMines.php","meta":{"_acf_changed":false,"_et_pb_use_builder":"on","_et_pb_old_content":"","_et_gb_content_width":"","_oasis_is_in_workflow":0,"_oasis_original":0,"_oasis_task_priority":"","footnotes":""},"class_list":["post-45431","page","type-page","status-publish","hentry"],"acf":[],"yoast_head":"<!-- This site is optimized with the Yoast SEO plugin v24.9 - https:\/\/yoast.com\/wordpress\/plugins\/seo\/ -->\n<title>About us - Minist\u00e8re des Ressources naturelles et des For\u00eats<\/title>\n<meta name=\"description\" content=\"Qu\u00e9bec Mines + \u00c9nergie is an annual congress organized by the MRNF to promote Qu\u00e9bec\u2019s mineral potential and energy sector.\" \/>\n<meta name=\"robots\" content=\"index, follow, max-snippet:-1, max-image-preview:large, max-video-preview:-1\" \/>\n<link rel=\"canonical\" href=\"https:\/\/mrnf.gouv.qc.ca\/en\/quebec-mines\/about-us\/\" \/>\n<meta property=\"og:locale\" content=\"en_US\" \/>\n<meta property=\"og:type\" content=\"article\" \/>\n<meta property=\"og:title\" content=\"About Qu\u00e9bec Mines + \u00c9nergie\" \/>\n<meta property=\"og:description\" content=\"Learn about Qu\u00e9bec Mines + \u00c9nergie, an annual congress organized by the Minist\u00e8re des Ressources naturelles et des For\u00eats.\" \/>\n<meta property=\"og:url\" content=\"https:\/\/mrnf.gouv.qc.ca\/en\/quebec-mines\/about-us\/\" \/>\n<meta property=\"og:site_name\" content=\"Minist\u00e8re des Ressources naturelles et des For\u00eats\" \/>\n<meta property=\"article:publisher\" content=\"https:\/\/www.facebook.com\/RessourcesNaturellesForets\/\" \/>\n<meta property=\"article:modified_time\" content=\"2026-02-04T18:39:27+00:00\" \/>\n<meta property=\"og:image\" content=\"\/wp-content\/uploads\/QME2024_OG-FB_ANG-1024x535.jpg\" \/>\n\t<meta property=\"og:image:width\" content=\"1200\" \/>\n\t<meta property=\"og:image:height\" content=\"627\" \/>\n\t<meta property=\"og:image:type\" content=\"image\/jpeg\" \/>\n<meta name=\"twitter:card\" content=\"summary_large_image\" \/>\n<meta name=\"twitter:title\" content=\"About Qu\u00e9bec Mines + \u00c9nergie\" \/>\n<meta name=\"twitter:description\" content=\"Learn about Qu\u00e9bec Mines + \u00c9nergie, an annual congress organized by the Minist\u00e8re des Ressources naturelles et des For\u00eats.\" \/>\n<meta name=\"twitter:image\" content=\"https:\/\/mrnf.gouv.qc.ca\/wp-content\/uploads\/QME2024_OG-FB_ANG.jpg\" \/>\n<meta name=\"twitter:site\" content=\"@mrnfqc\" \/>\n<meta name=\"twitter:label1\" content=\"Est. reading time\" \/>\n\t<meta name=\"twitter:data1\" content=\"1 minute\" \/>\n<script type=\"application\/ld+json\" class=\"yoast-schema-graph\">{\"@context\":\"https:\/\/schema.org\",\"@graph\":[{\"@type\":\"WebPage\",\"@id\":\"https:\/\/mrnf.gouv.qc.ca\/en\/quebec-mines\/about-us\/\",\"url\":\"https:\/\/mrnf.gouv.qc.ca\/en\/quebec-mines\/about-us\/\",\"name\":\"About us - Minist\u00e8re des Ressources naturelles et des For\u00eats\",\"isPartOf\":{\"@id\":\"https:\/\/mrnf.gouv.qc.ca\/#website\"},\"datePublished\":\"2021-09-21T17:33:04+00:00\",\"dateModified\":\"2026-02-04T18:39:27+00:00\",\"description\":\"Qu\u00e9bec Mines + \u00c9nergie is an annual congress organized by the MRNF to promote Qu\u00e9bec\u2019s mineral potential and energy sector.\",\"breadcrumb\":{\"@id\":\"https:\/\/mrnf.gouv.qc.ca\/en\/quebec-mines\/about-us\/#breadcrumb\"},\"inLanguage\":\"en-US\",\"potentialAction\":[{\"@type\":\"ReadAction\",\"target\":[\"https:\/\/mrnf.gouv.qc.ca\/en\/quebec-mines\/about-us\/\"]}]},{\"@type\":\"BreadcrumbList\",\"@id\":\"https:\/\/mrnf.gouv.qc.ca\/en\/quebec-mines\/about-us\/#breadcrumb\",\"itemListElement\":[{\"@type\":\"ListItem\",\"position\":1,\"name\":\"Accueil\",\"item\":\"https:\/\/mrnf.gouv.qc.ca\/en\/\"},{\"@type\":\"ListItem\",\"position\":2,\"name\":\"Qu\u00e9bec Mines + \u00c9nergie\",\"item\":\"https:\/\/mrnf.gouv.qc.ca\/en\/quebec-mines\/\"},{\"@type\":\"ListItem\",\"position\":3,\"name\":\"About us\"}]},{\"@type\":\"WebSite\",\"@id\":\"https:\/\/mrnf.gouv.qc.ca\/#website\",\"url\":\"https:\/\/mrnf.gouv.qc.ca\/\",\"name\":\"Minist\u00e8re des Ressources naturelles et des For\u00eats\",\"description\":\"Prototype WordPress\",\"potentialAction\":[{\"@type\":\"SearchAction\",\"target\":{\"@type\":\"EntryPoint\",\"urlTemplate\":\"https:\/\/mrnf.gouv.qc.ca\/?s={search_term_string}\"},\"query-input\":{\"@type\":\"PropertyValueSpecification\",\"valueRequired\":true,\"valueName\":\"search_term_string\"}}],\"inLanguage\":\"en-US\"}]}<\/script>\n<!-- \/ Yoast SEO plugin. -->","yoast_head_json":{"title":"About us - Minist\u00e8re des Ressources naturelles et des For\u00eats","description":"Qu\u00e9bec Mines + \u00c9nergie is an annual congress organized by the MRNF to promote Qu\u00e9bec\u2019s mineral potential and energy sector.","robots":{"index":"index","follow":"follow","max-snippet":"max-snippet:-1","max-image-preview":"max-image-preview:large","max-video-preview":"max-video-preview:-1"},"canonical":"https:\/\/mrnf.gouv.qc.ca\/en\/quebec-mines\/about-us\/","og_locale":"en_US","og_type":"article","og_title":"About Qu\u00e9bec Mines + \u00c9nergie","og_description":"Learn about Qu\u00e9bec Mines + \u00c9nergie, an annual congress organized by the Minist\u00e8re des Ressources naturelles et des For\u00eats.","og_url":"https:\/\/mrnf.gouv.qc.ca\/en\/quebec-mines\/about-us\/","og_site_name":"Minist\u00e8re des Ressources naturelles et des For\u00eats","article_publisher":"https:\/\/www.facebook.com\/RessourcesNaturellesForets\/","article_modified_time":"2026-02-04T18:39:27+00:00","og_image":[{"width":1200,"height":627,"url":"\/wp-content\/uploads\/QME2024_OG-FB_ANG-1024x535.jpg","type":"image\/jpeg"}],"twitter_card":"summary_large_image","twitter_title":"About Qu\u00e9bec Mines + \u00c9nergie","twitter_description":"Learn about Qu\u00e9bec Mines + \u00c9nergie, an annual congress organized by the Minist\u00e8re des Ressources naturelles et des For\u00eats.","twitter_image":"https:\/\/mrnf.gouv.qc.ca\/wp-content\/uploads\/QME2024_OG-FB_ANG.jpg","twitter_site":"@mrnfqc","twitter_misc":{"Est. reading time":"1 minute"},"schema":{"@context":"https:\/\/schema.org","@graph":[{"@type":"WebPage","@id":"https:\/\/mrnf.gouv.qc.ca\/en\/quebec-mines\/about-us\/","url":"https:\/\/mrnf.gouv.qc.ca\/en\/quebec-mines\/about-us\/","name":"About us - Minist\u00e8re des Ressources naturelles et des For\u00eats","isPartOf":{"@id":"https:\/\/mrnf.gouv.qc.ca\/#website"},"datePublished":"2021-09-21T17:33:04+00:00","dateModified":"2026-02-04T18:39:27+00:00","description":"Qu\u00e9bec Mines + \u00c9nergie is an annual congress organized by the MRNF to promote Qu\u00e9bec\u2019s mineral potential and energy sector.","breadcrumb":{"@id":"https:\/\/mrnf.gouv.qc.ca\/en\/quebec-mines\/about-us\/#breadcrumb"},"inLanguage":"en-US","potentialAction":[{"@type":"ReadAction","target":["https:\/\/mrnf.gouv.qc.ca\/en\/quebec-mines\/about-us\/"]}]},{"@type":"BreadcrumbList","@id":"https:\/\/mrnf.gouv.qc.ca\/en\/quebec-mines\/about-us\/#breadcrumb","itemListElement":[{"@type":"ListItem","position":1,"name":"Accueil","item":"https:\/\/mrnf.gouv.qc.ca\/en\/"},{"@type":"ListItem","position":2,"name":"Qu\u00e9bec Mines + \u00c9nergie","item":"https:\/\/mrnf.gouv.qc.ca\/en\/quebec-mines\/"},{"@type":"ListItem","position":3,"name":"About us"}]},{"@type":"WebSite","@id":"https:\/\/mrnf.gouv.qc.ca\/#website","url":"https:\/\/mrnf.gouv.qc.ca\/","name":"Minist\u00e8re des Ressources naturelles et des For\u00eats","description":"Prototype WordPress","potentialAction":[{"@type":"SearchAction","target":{"@type":"EntryPoint","urlTemplate":"https:\/\/mrnf.gouv.qc.ca\/?s={search_term_string}"},"query-input":{"@type":"PropertyValueSpecification","valueRequired":true,"valueName":"search_term_string"}}],"inLanguage":"en-US"}]}},"_links":{"self":[{"href":"https:\/\/mrnf.gouv.qc.ca\/en\/wp-json\/wp\/v2\/pages\/45431","targetHints":{"allow":["GET"]}}],"collection":[{"href":"https:\/\/mrnf.gouv.qc.ca\/en\/wp-json\/wp\/v2\/pages"}],"about":[{"href":"https:\/\/mrnf.gouv.qc.ca\/en\/wp-json\/wp\/v2\/types\/page"}],"author":[{"embeddable":true,"href":"https:\/\/mrnf.gouv.qc.ca\/en\/wp-json\/wp\/v2\/users\/45"}],"replies":[{"embeddable":true,"href":"https:\/\/mrnf.gouv.qc.ca\/en\/wp-json\/wp\/v2\/comments?post=45431"}],"version-history":[{"count":10,"href":"https:\/\/mrnf.gouv.qc.ca\/en\/wp-json\/wp\/v2\/pages\/45431\/revisions"}],"predecessor-version":[{"id":92325,"href":"https:\/\/mrnf.gouv.qc.ca\/en\/wp-json\/wp\/v2\/pages\/45431\/revisions\/92325"}],"up":[{"embeddable":true,"href":"https:\/\/mrnf.gouv.qc.ca\/en\/wp-json\/wp\/v2\/pages\/6823"}],"wp:attachment":[{"href":"https:\/\/mrnf.gouv.qc.ca\/en\/wp-json\/wp\/v2\/media?parent=45431"}],"curies":[{"name":"wp","href":"https:\/\/api.w.org\/{rel}","templated":true}]}}