


{"id":41451,"date":"2021-01-20T13:30:13","date_gmt":"2021-01-20T18:30:13","guid":{"rendered":"https:\/\/mern.gouv.qc.ca\/?page_id=41451"},"modified":"2026-03-24T10:49:28","modified_gmt":"2026-03-24T14:49:28","slug":"rates-indexing-dues-rents-royalties-fees","status":"publish","type":"page","link":"https:\/\/mrnf.gouv.qc.ca\/en\/mines\/mining-rights\/extraction-rights\/rates-indexing-dues-rents-royalties-fees\/","title":{"rendered":"Rates and indexing of dues, rents royalties and fees: january 1, 2026"},"content":{"rendered":"<p>[et_pb_section fb_built=&#8221;1&#8243; specialty=&#8221;on&#8221; admin_label=&#8221;section&#8221; _builder_version=&#8221;4.16&#8243; global_colors_info=&#8221;{}&#8221;][et_pb_column type=&#8221;1_4&#8243; _builder_version=&#8221;4.16&#8243; custom_padding=&#8221;|||&#8221; global_colors_info=&#8221;{}&#8221; custom_padding__hover=&#8221;|||&#8221;][et_pb_sidebar area=&#8221;et_pb_widget_area_46&#8243; admin_label=&#8221;Menu Titres miniers&#8221; module_class=&#8221;menuSecondaire&#8221; _builder_version=&#8221;4.16&#8243; global_colors_info=&#8221;{}&#8221;][\/et_pb_sidebar][\/et_pb_column][et_pb_column type=&#8221;1_2&#8243; specialty_columns=&#8221;2&#8243; _builder_version=&#8221;4.16&#8243; custom_padding=&#8221;|||&#8221; global_colors_info=&#8221;{}&#8221; custom_padding__hover=&#8221;|||&#8221;][et_pb_row_inner _builder_version=&#8221;4.16&#8243; global_colors_info=&#8221;{}&#8221;][et_pb_column_inner saved_specialty_column_type=&#8221;1_2&#8243; _builder_version=&#8221;4.16&#8243; custom_padding=&#8221;|||&#8221; global_colors_info=&#8221;{}&#8221; custom_padding__hover=&#8221;|||&#8221;][et_pb_text _builder_version=&#8221;4.27.4&#8243; module_alignment=&#8221;left&#8221; hover_enabled=&#8221;0&#8243; global_colors_info=&#8221;{}&#8221; sticky_enabled=&#8221;0&#8243;]<\/p>\n<h1>Rates and indexing of dues, rents royalties and fees: January 1, 2026<\/h1>\n<p>Pursuant to section 83.3 of the <a href=\"http:\/\/legisquebec.gouv.qc.ca\/en\/showDoc\/cs\/A-6.001?&amp;digest=\" target=\"_blank\" rel=\"noopener noreferrer\">Financial Administration Act<\/a>\u00a0<img loading=\"lazy\" decoding=\"async\" src=\"\/wp-content\/uploads\/picto-fleche.png\" alt=\"\" width=\"12\" height=\"12\" \/> (CQLR, c. A-6.001), these fees are indexed automatically every year on January 1 to reflect the annual change in the Consumer Price Index for Qu\u00e9bec. The indexation factor for this year is set at \u00e0 2.05 %*.<\/p>\n<p>In accordance with section 83.6 of the Financial Administration Act, the Minister of Natural Resources and Forests hereby publishes the 2026 indexation for fees set under the <a href=\"http:\/\/legisquebec.gouv.qc.ca\/en\/ShowDoc\/cr\/M-13.1,%20r.%202\" target=\"_blank\" rel=\"noopener noreferrer\">Regulation respecting mineral substances other than petroleum, natural gas and brine<\/a>\u00a0<img loading=\"lazy\" decoding=\"async\" src=\"\/wp-content\/uploads\/picto-fleche.png\" alt=\"\" width=\"12\" height=\"12\" \/> (chapter M-13.1, r. 2).<\/p>\n<p>Accordingly, the fees as of January 1, 2026, are as shown below.<\/p>\n<ul>\n<li><a href=\"\/wp-content\/uploads\/LI_Indexation_Tarification_Exploitation_ANG.pdf\" target=\"_blank\" rel=\"noopener noreferrer\" title=\"Rates and indexing\">Rates and indexing of dues, rents royalties and fees: january 1, 2026<\/a>\u00a0<img loading=\"lazy\" decoding=\"async\" src=\"\/wp-content\/uploads\/picto-pdf.png\" alt=\"\" width=\"20\" height=\"16\" \/><\/li>\n<\/ul>\n<p style=\"font-size: 12px;\">* \u201cIndexing of the parameters of the personal income tax system, social assistance benefits and certain government fees for the 2026 tax year\u201d published on the website of the Minist\u00e8re des Finances du Qu\u00e9bec, as well as in the <a href=\"https:\/\/www.quebec.ca\/en\/news\/actualites\/detail\/indexing-of-the-parameters-of-the-personal-income-tax-system-social-assistance-benefits-and-certain-government-fees-for-the-2026-taxation-year-67249\" target=\"_blank\" rel=\"noopener\">press release issued on November 25, 2025<\/a> <img loading=\"lazy\" decoding=\"async\" src=\"\/wp-content\/uploads\/picto-fleche.png\" alt=\"\" width=\"12\" height=\"12\" \/>.<\/p>\n<p>[\/et_pb_text][\/et_pb_column_inner][\/et_pb_row_inner][\/et_pb_column][et_pb_column type=&#8221;1_4&#8243; _builder_version=&#8221;4.16&#8243; custom_padding=&#8221;|||&#8221; global_colors_info=&#8221;{}&#8221; custom_padding__hover=&#8221;|||&#8221;][et_pb_sidebar area=&#8221;et_pb_widget_area_40&#8243; admin_label=&#8221;Liens rapides mines&#8221; module_class=&#8221;liensRapidesInterne&#8221; _builder_version=&#8221;4.16&#8243; global_colors_info=&#8221;{}&#8221;][\/et_pb_sidebar][\/et_pb_column][\/et_pb_section]<\/p>\n","protected":false},"excerpt":{"rendered":"<p>Rates and indexing of dues, rents royalties and fees: January 1, 2026 Pursuant to section 83.3 of the Financial Administration Act\u00a0 (CQLR, c. A-6.001), these fees are indexed automatically every year on January 1 to reflect the annual change in the Consumer Price Index for Qu\u00e9bec. The indexation factor for this year is set at [&hellip;]<\/p>\n","protected":false},"author":45,"featured_media":0,"parent":27596,"menu_order":0,"comment_status":"closed","ping_status":"closed","template":"","meta":{"_acf_changed":false,"_et_pb_use_builder":"on","_et_pb_old_content":"[et_pb_section fb_built=\"1\" specialty=\"on\" admin_label=\"section\" _builder_version=\"3.22\"][et_pb_column type=\"1_4\" _builder_version=\"3.25\" custom_padding=\"|||\" custom_padding__hover=\"|||\"][et_pb_sidebar area=\"et_pb_widget_area_46\" admin_label=\"Menu Titres miniers\" module_class=\"menuSecondaire\" _builder_version=\"3.0.98\"][\/et_pb_sidebar][\/et_pb_column][et_pb_column type=\"1_2\" specialty_columns=\"2\" _builder_version=\"3.25\" custom_padding=\"|||\" custom_padding__hover=\"|||\"][et_pb_row_inner _builder_version=\"3.25\"][et_pb_column_inner saved_specialty_column_type=\"1_2\" _builder_version=\"3.25\" custom_padding=\"|||\" custom_padding__hover=\"|||\"][et_pb_text _builder_version=\"4.6.3\" module_alignment=\"left\" hover_enabled=\"0\" sticky_enabled=\"0\"]\n<h1>Tarification et indexation des droits, loyers, redevances et frais au 1<sup>er<\/sup> janvier 2021<\/h1>\nEn vertu de l\u2019article 83.3 de la <a href=\"http:\/\/legisquebec.gouv.qc.ca\/fr\/showdoc\/cs\/A-6.001\" target=\"_blank\" rel=\"noopener noreferrer\">Loi sur l\u2019administration financi\u00e8re<\/a> <img src=\"\/wp-content\/uploads\/2016\/01\/picto-fleche.png\" alt=\"\" width=\"12\" height=\"12\">&nbsp;(RLRQ, c. A-6.001), ces tarifs sont index\u00e9s de plein droit, au 1er janvier de chaque ann\u00e9e, selon le taux correspondant \u00e0 la variation annuelle de l\u2019indice moyen des prix \u00e0 la consommation pour le Qu\u00e9bec. Le taux correspondant \u00e0 cette variation annuelle est \u00e9tabli \u00e0 1,26 %.\n\nConform\u00e9ment \u00e0 l\u2019article 83.6 de la Loi sur l\u2019administration financi\u00e8re, le ministre de l\u2019\u00c9nergie et des ressources naturelles publie, par la pr\u00e9sente, le r\u00e9sultat de l\u2019indexation pour l\u2019ann\u00e9e 2021 des tarifs qu\u2019ils ont fix\u00e9s, en vertu du <a href=\"http:\/\/legisquebec.gouv.qc.ca\/fr\/ShowDoc\/cr\/M-13.1%2C%20r.%202\" target=\"_blank\" rel=\"noopener noreferrer\">R\u00e8glement sur les substances min\u00e9rales autres que le p\u00e9trole, le gaz naturel et la saumure<\/a> <img src=\"\/wp-content\/uploads\/2016\/01\/picto-fleche.png\" alt=\"\" width=\"12\" height=\"12\"> (chapitre M-13.1, r. 2).\n\nEn cons\u00e9quence, \u00e0 compter du 1<sup>er<\/sup> janvier 2021, les tarifs sont ceux qui apparaissent ci-apr\u00e8s.\n<ul>\n \t<li><a href=\"\/wp-content\/uploads\/LI_Indexation-Tarification-2021-Exploitation-FR.pdf\" target=\"_blank\" rel=\"noopener noreferrer\">Taux d\u2019indexation du r\u00e9gime fiscal qu\u00e9b\u00e9cois et des tarifs au 1<sup>er<\/sup> janvier 2021<\/a>&nbsp;<img src=\"\/wp-content\/uploads\/2016\/01\/picto-pdf.png\" alt=\"\" width=\"20\" height=\"16\"><\/li>\n<\/ul>\n&nbsp;\n\n&nbsp;\n\n[\/et_pb_text][\/et_pb_column_inner][\/et_pb_row_inner][\/et_pb_column][et_pb_column type=\"1_4\" _builder_version=\"3.25\" custom_padding=\"|||\" custom_padding__hover=\"|||\"][et_pb_sidebar area=\"et_pb_widget_area_40\" admin_label=\"Liens rapides mines\" module_class=\"liensRapidesInterne\" _builder_version=\"3.0.90\"][\/et_pb_sidebar][\/et_pb_column][\/et_pb_section]","_et_gb_content_width":"","_oasis_is_in_workflow":0,"_oasis_original":0,"_oasis_task_priority":"","footnotes":""},"class_list":["post-41451","page","type-page","status-publish","hentry"],"acf":[],"yoast_head":"<!-- This site is optimized with the Yoast SEO plugin v24.9 - https:\/\/yoast.com\/wordpress\/plugins\/seo\/ -->\n<title>Rates and indexing of dues, rents royalties and fees: january 1, 2026 - Minist\u00e8re des Ressources naturelles et des For\u00eats<\/title>\n<meta name=\"robots\" content=\"index, follow, max-snippet:-1, max-image-preview:large, max-video-preview:-1\" \/>\n<link rel=\"canonical\" href=\"https:\/\/mrnf.gouv.qc.ca\/en\/mines\/mining-rights\/extraction-rights\/rates-indexing-dues-rents-royalties-fees\/\" \/>\n<meta property=\"og:locale\" content=\"en_US\" \/>\n<meta property=\"og:type\" content=\"article\" \/>\n<meta property=\"og:title\" content=\"Rates and indexing of dues, rents royalties and fees: january 1, 2026 - Minist\u00e8re des Ressources naturelles et des For\u00eats\" \/>\n<meta property=\"og:description\" content=\"Rates and indexing of dues, rents royalties and fees: January 1, 2026 Pursuant to section 83.3 of the Financial Administration Act\u00a0 (CQLR, c. A-6.001), these fees are indexed automatically every year on January 1 to reflect the annual change in the Consumer Price Index for Qu\u00e9bec. The indexation factor for this year is set at [&hellip;]\" \/>\n<meta property=\"og:url\" content=\"https:\/\/mrnf.gouv.qc.ca\/en\/mines\/mining-rights\/extraction-rights\/rates-indexing-dues-rents-royalties-fees\/\" \/>\n<meta property=\"og:site_name\" content=\"Minist\u00e8re des Ressources naturelles et des For\u00eats\" \/>\n<meta property=\"article:publisher\" content=\"https:\/\/www.facebook.com\/RessourcesNaturellesForets\/\" \/>\n<meta property=\"article:modified_time\" content=\"2026-03-24T14:49:28+00:00\" \/>\n<meta property=\"og:image\" content=\"\/wp-content\/uploads\/Image-g%c3%a9n%c3%a9rale-hiver_FB.jpg\" \/>\n\t<meta property=\"og:image:width\" content=\"1200\" \/>\n\t<meta property=\"og:image:height\" content=\"630\" \/>\n\t<meta property=\"og:image:type\" content=\"image\/jpeg\" \/>\n<meta name=\"twitter:card\" content=\"summary_large_image\" \/>\n<meta name=\"twitter:site\" content=\"@mrnfqc\" \/>\n<meta name=\"twitter:label1\" content=\"Est. reading time\" \/>\n\t<meta name=\"twitter:data1\" content=\"3 minutes\" \/>\n<script type=\"application\/ld+json\" class=\"yoast-schema-graph\">{\"@context\":\"https:\/\/schema.org\",\"@graph\":[{\"@type\":\"WebPage\",\"@id\":\"https:\/\/mrnf.gouv.qc.ca\/en\/mines\/mining-rights\/extraction-rights\/rates-indexing-dues-rents-royalties-fees\/\",\"url\":\"https:\/\/mrnf.gouv.qc.ca\/en\/mines\/mining-rights\/extraction-rights\/rates-indexing-dues-rents-royalties-fees\/\",\"name\":\"Rates and indexing of dues, rents royalties and fees: january 1, 2026 - Minist\u00e8re des Ressources naturelles et des For\u00eats\",\"isPartOf\":{\"@id\":\"https:\/\/mrnf.gouv.qc.ca\/#website\"},\"datePublished\":\"2021-01-20T18:30:13+00:00\",\"dateModified\":\"2026-03-24T14:49:28+00:00\",\"breadcrumb\":{\"@id\":\"https:\/\/mrnf.gouv.qc.ca\/en\/mines\/mining-rights\/extraction-rights\/rates-indexing-dues-rents-royalties-fees\/#breadcrumb\"},\"inLanguage\":\"en-US\",\"potentialAction\":[{\"@type\":\"ReadAction\",\"target\":[\"https:\/\/mrnf.gouv.qc.ca\/en\/mines\/mining-rights\/extraction-rights\/rates-indexing-dues-rents-royalties-fees\/\"]}]},{\"@type\":\"BreadcrumbList\",\"@id\":\"https:\/\/mrnf.gouv.qc.ca\/en\/mines\/mining-rights\/extraction-rights\/rates-indexing-dues-rents-royalties-fees\/#breadcrumb\",\"itemListElement\":[{\"@type\":\"ListItem\",\"position\":1,\"name\":\"Accueil\",\"item\":\"https:\/\/mrnf.gouv.qc.ca\/en\/\"},{\"@type\":\"ListItem\",\"position\":2,\"name\":\"Mines\",\"item\":\"https:\/\/mrnf.gouv.qc.ca\/en\/?page_id=16461\"},{\"@type\":\"ListItem\",\"position\":3,\"name\":\"Mining Rights\",\"item\":\"https:\/\/mrnf.gouv.qc.ca\/en\/mines\/mining-rights\/\"},{\"@type\":\"ListItem\",\"position\":4,\"name\":\"Extraction Rights\",\"item\":\"https:\/\/mrnf.gouv.qc.ca\/en\/mines\/mining-rights\/extraction-rights\/\"},{\"@type\":\"ListItem\",\"position\":5,\"name\":\"Rates and indexing of dues, rents royalties and fees: january 1, 2026\"}]},{\"@type\":\"WebSite\",\"@id\":\"https:\/\/mrnf.gouv.qc.ca\/#website\",\"url\":\"https:\/\/mrnf.gouv.qc.ca\/\",\"name\":\"Minist\u00e8re des Ressources naturelles et des For\u00eats\",\"description\":\"Prototype WordPress\",\"potentialAction\":[{\"@type\":\"SearchAction\",\"target\":{\"@type\":\"EntryPoint\",\"urlTemplate\":\"https:\/\/mrnf.gouv.qc.ca\/?s={search_term_string}\"},\"query-input\":{\"@type\":\"PropertyValueSpecification\",\"valueRequired\":true,\"valueName\":\"search_term_string\"}}],\"inLanguage\":\"en-US\"}]}<\/script>\n<!-- \/ Yoast SEO plugin. -->","yoast_head_json":{"title":"Rates and indexing of dues, rents royalties and fees: january 1, 2026 - Minist\u00e8re des Ressources naturelles et des For\u00eats","robots":{"index":"index","follow":"follow","max-snippet":"max-snippet:-1","max-image-preview":"max-image-preview:large","max-video-preview":"max-video-preview:-1"},"canonical":"https:\/\/mrnf.gouv.qc.ca\/en\/mines\/mining-rights\/extraction-rights\/rates-indexing-dues-rents-royalties-fees\/","og_locale":"en_US","og_type":"article","og_title":"Rates and indexing of dues, rents royalties and fees: january 1, 2026 - Minist\u00e8re des Ressources naturelles et des For\u00eats","og_description":"Rates and indexing of dues, rents royalties and fees: January 1, 2026 Pursuant to section 83.3 of the Financial Administration Act\u00a0 (CQLR, c. A-6.001), these fees are indexed automatically every year on January 1 to reflect the annual change in the Consumer Price Index for Qu\u00e9bec. The indexation factor for this year is set at [&hellip;]","og_url":"https:\/\/mrnf.gouv.qc.ca\/en\/mines\/mining-rights\/extraction-rights\/rates-indexing-dues-rents-royalties-fees\/","og_site_name":"Minist\u00e8re des Ressources naturelles et des For\u00eats","article_publisher":"https:\/\/www.facebook.com\/RessourcesNaturellesForets\/","article_modified_time":"2026-03-24T14:49:28+00:00","og_image":[{"width":1200,"height":630,"url":"\/wp-content\/uploads\/Image-g%c3%a9n%c3%a9rale-hiver_FB.jpg","type":"image\/jpeg"}],"twitter_card":"summary_large_image","twitter_site":"@mrnfqc","twitter_misc":{"Est. reading time":"3 minutes"},"schema":{"@context":"https:\/\/schema.org","@graph":[{"@type":"WebPage","@id":"https:\/\/mrnf.gouv.qc.ca\/en\/mines\/mining-rights\/extraction-rights\/rates-indexing-dues-rents-royalties-fees\/","url":"https:\/\/mrnf.gouv.qc.ca\/en\/mines\/mining-rights\/extraction-rights\/rates-indexing-dues-rents-royalties-fees\/","name":"Rates and indexing of dues, rents royalties and fees: january 1, 2026 - Minist\u00e8re des Ressources naturelles et des For\u00eats","isPartOf":{"@id":"https:\/\/mrnf.gouv.qc.ca\/#website"},"datePublished":"2021-01-20T18:30:13+00:00","dateModified":"2026-03-24T14:49:28+00:00","breadcrumb":{"@id":"https:\/\/mrnf.gouv.qc.ca\/en\/mines\/mining-rights\/extraction-rights\/rates-indexing-dues-rents-royalties-fees\/#breadcrumb"},"inLanguage":"en-US","potentialAction":[{"@type":"ReadAction","target":["https:\/\/mrnf.gouv.qc.ca\/en\/mines\/mining-rights\/extraction-rights\/rates-indexing-dues-rents-royalties-fees\/"]}]},{"@type":"BreadcrumbList","@id":"https:\/\/mrnf.gouv.qc.ca\/en\/mines\/mining-rights\/extraction-rights\/rates-indexing-dues-rents-royalties-fees\/#breadcrumb","itemListElement":[{"@type":"ListItem","position":1,"name":"Accueil","item":"https:\/\/mrnf.gouv.qc.ca\/en\/"},{"@type":"ListItem","position":2,"name":"Mines","item":"https:\/\/mrnf.gouv.qc.ca\/en\/?page_id=16461"},{"@type":"ListItem","position":3,"name":"Mining Rights","item":"https:\/\/mrnf.gouv.qc.ca\/en\/mines\/mining-rights\/"},{"@type":"ListItem","position":4,"name":"Extraction Rights","item":"https:\/\/mrnf.gouv.qc.ca\/en\/mines\/mining-rights\/extraction-rights\/"},{"@type":"ListItem","position":5,"name":"Rates and indexing of dues, rents royalties and fees: january 1, 2026"}]},{"@type":"WebSite","@id":"https:\/\/mrnf.gouv.qc.ca\/#website","url":"https:\/\/mrnf.gouv.qc.ca\/","name":"Minist\u00e8re des Ressources naturelles et des For\u00eats","description":"Prototype WordPress","potentialAction":[{"@type":"SearchAction","target":{"@type":"EntryPoint","urlTemplate":"https:\/\/mrnf.gouv.qc.ca\/?s={search_term_string}"},"query-input":{"@type":"PropertyValueSpecification","valueRequired":true,"valueName":"search_term_string"}}],"inLanguage":"en-US"}]}},"_links":{"self":[{"href":"https:\/\/mrnf.gouv.qc.ca\/en\/wp-json\/wp\/v2\/pages\/41451","targetHints":{"allow":["GET"]}}],"collection":[{"href":"https:\/\/mrnf.gouv.qc.ca\/en\/wp-json\/wp\/v2\/pages"}],"about":[{"href":"https:\/\/mrnf.gouv.qc.ca\/en\/wp-json\/wp\/v2\/types\/page"}],"author":[{"embeddable":true,"href":"https:\/\/mrnf.gouv.qc.ca\/en\/wp-json\/wp\/v2\/users\/45"}],"replies":[{"embeddable":true,"href":"https:\/\/mrnf.gouv.qc.ca\/en\/wp-json\/wp\/v2\/comments?post=41451"}],"version-history":[{"count":10,"href":"https:\/\/mrnf.gouv.qc.ca\/en\/wp-json\/wp\/v2\/pages\/41451\/revisions"}],"predecessor-version":[{"id":96044,"href":"https:\/\/mrnf.gouv.qc.ca\/en\/wp-json\/wp\/v2\/pages\/41451\/revisions\/96044"}],"up":[{"embeddable":true,"href":"https:\/\/mrnf.gouv.qc.ca\/en\/wp-json\/wp\/v2\/pages\/27596"}],"wp:attachment":[{"href":"https:\/\/mrnf.gouv.qc.ca\/en\/wp-json\/wp\/v2\/media?parent=41451"}],"curies":[{"name":"wp","href":"https:\/\/api.w.org\/{rel}","templated":true}]}}