


{"id":30025,"date":"2019-10-09T08:17:07","date_gmt":"2019-10-09T12:17:07","guid":{"rendered":"https:\/\/mern.gouv.qc.ca\/?page_id=30025"},"modified":"2025-05-30T14:02:18","modified_gmt":"2025-05-30T18:02:18","slug":"publications","status":"publish","type":"page","link":"https:\/\/mrnf.gouv.qc.ca\/en\/department\/publications\/","title":{"rendered":"Publications"},"content":{"rendered":"<p>[et_pb_section fb_built=&#8221;1&#8243; module_class=&#8221;wm-publications&#8221; _builder_version=&#8221;4.16&#8243; global_colors_info=&#8221;{}&#8221;][et_pb_row _builder_version=&#8221;4.16&#8243; global_colors_info=&#8221;{}&#8221;][et_pb_column type=&#8221;4_4&#8243; _builder_version=&#8221;4.16&#8243; custom_padding=&#8221;|||&#8221; global_colors_info=&#8221;{}&#8221; custom_padding__hover=&#8221;|||&#8221;][et_pb_text _builder_version=&#8221;4.27.4&#8243; hover_enabled=&#8221;0&#8243; global_colors_info=&#8221;{}&#8221; sticky_enabled=&#8221;0&#8243;]<\/p>\n<h1>Publications<\/h1>\n<div class=\"objPosts1\">\n<div id=\"dgari-posts\" class=\"dgari-posts-publications\">\n\t<div id=\"dgari-posts-recherche\">\n\t\t<h2>Search in all publications<\/h2>\n\t<\/div>\n    <h2>Filter all publications<\/h2>\n    <div id=\"dgari-posts-filtres\">\n    <\/div>\n    \n\t<div id=\"dgari-posts-posts\">\n        <ul class=\"dgari-posts-liste\">\n\n        <\/ul>\n    <\/div>\n    <div id=\"dgari-posts-pager\">\n\n    <\/div>\n<\/div><\/div>\n<p>[\/et_pb_text][\/et_pb_column][\/et_pb_row][\/et_pb_section]<\/p>\n","protected":false},"excerpt":{"rendered":"<p>Publications <div class=\"objPosts2\">\n<div id=\"dgari-posts\" class=\"dgari-posts-publications\">\n\t<div id=\"dgari-posts-recherche\">\n\t\t<h2>Search in all publications<\/h2>\n\t<\/div>\n    <h2>Filter all publications<\/h2>\n    <div id=\"dgari-posts-filtres\">\n    <\/div>\n    \n\t<div id=\"dgari-posts-posts\">\n        <ul class=\"dgari-posts-liste\">\n\n        <\/ul>\n    <\/div>\n    <div id=\"dgari-posts-pager\">\n\n    <\/div>\n<\/div><\/div><\/p>\n","protected":false},"author":21,"featured_media":0,"parent":16142,"menu_order":0,"comment_status":"closed","ping_status":"closed","template":"","meta":{"_acf_changed":false,"_et_pb_use_builder":"on","_et_pb_old_content":"","_et_gb_content_width":"","_oasis_is_in_workflow":0,"_oasis_original":0,"_oasis_task_priority":"","footnotes":""},"class_list":["post-30025","page","type-page","status-publish","hentry"],"acf":[],"yoast_head":"<!-- This site is optimized with the Yoast SEO plugin v24.9 - https:\/\/yoast.com\/wordpress\/plugins\/seo\/ -->\n<title>Publications - Minist\u00e8re des Ressources naturelles et des For\u00eats<\/title>\n<meta name=\"description\" content=\"Search and find publications published by the teams of the Minist\u00e8re de l&#039;\u00c9nergie et des Ressources naturelles over the years\" \/>\n<meta name=\"robots\" content=\"index, follow, max-snippet:-1, max-image-preview:large, max-video-preview:-1\" \/>\n<link rel=\"canonical\" href=\"https:\/\/mrnf.gouv.qc.ca\/en\/department\/publications\/\" \/>\n<meta property=\"og:locale\" content=\"en_US\" \/>\n<meta property=\"og:type\" content=\"article\" \/>\n<meta property=\"og:title\" content=\"Publications - Minist\u00e8re des Ressources naturelles et des For\u00eats\" \/>\n<meta property=\"og:description\" content=\"Search and find publications published by the teams of the Minist\u00e8re de l&#039;\u00c9nergie et des Ressources naturelles over the years\" \/>\n<meta property=\"og:url\" content=\"https:\/\/mrnf.gouv.qc.ca\/en\/department\/publications\/\" \/>\n<meta property=\"og:site_name\" content=\"Minist\u00e8re des Ressources naturelles et des For\u00eats\" \/>\n<meta property=\"article:publisher\" content=\"https:\/\/www.facebook.com\/RessourcesNaturellesForets\/\" \/>\n<meta property=\"article:modified_time\" content=\"2025-05-30T18:02:18+00:00\" \/>\n<meta property=\"og:image\" content=\"\/wp-content\/uploads\/Image-g%c3%a9n%c3%a9rale-hiver_FB.jpg\" \/>\n\t<meta property=\"og:image:width\" content=\"1200\" \/>\n\t<meta property=\"og:image:height\" content=\"630\" \/>\n\t<meta property=\"og:image:type\" content=\"image\/jpeg\" \/>\n<meta name=\"twitter:card\" content=\"summary_large_image\" \/>\n<meta name=\"twitter:site\" content=\"@mrnfqc\" \/>\n<meta name=\"twitter:label1\" content=\"Est. reading time\" \/>\n\t<meta name=\"twitter:data1\" content=\"1 minute\" \/>\n<script type=\"application\/ld+json\" class=\"yoast-schema-graph\">{\"@context\":\"https:\/\/schema.org\",\"@graph\":[{\"@type\":\"WebPage\",\"@id\":\"https:\/\/mrnf.gouv.qc.ca\/en\/department\/publications\/\",\"url\":\"https:\/\/mrnf.gouv.qc.ca\/en\/department\/publications\/\",\"name\":\"Publications - Minist\u00e8re des Ressources naturelles et des For\u00eats\",\"isPartOf\":{\"@id\":\"https:\/\/mrnf.gouv.qc.ca\/#website\"},\"datePublished\":\"2019-10-09T12:17:07+00:00\",\"dateModified\":\"2025-05-30T18:02:18+00:00\",\"description\":\"Search and find publications published by the teams of the Minist\u00e8re de l'\u00c9nergie et des Ressources naturelles over the years\",\"breadcrumb\":{\"@id\":\"https:\/\/mrnf.gouv.qc.ca\/en\/department\/publications\/#breadcrumb\"},\"inLanguage\":\"en-US\",\"potentialAction\":[{\"@type\":\"ReadAction\",\"target\":[\"https:\/\/mrnf.gouv.qc.ca\/en\/department\/publications\/\"]}]},{\"@type\":\"BreadcrumbList\",\"@id\":\"https:\/\/mrnf.gouv.qc.ca\/en\/department\/publications\/#breadcrumb\",\"itemListElement\":[{\"@type\":\"ListItem\",\"position\":1,\"name\":\"Accueil\",\"item\":\"https:\/\/mrnf.gouv.qc.ca\/en\/\"},{\"@type\":\"ListItem\",\"position\":2,\"name\":\"Department\",\"item\":\"https:\/\/mrnf.gouv.qc.ca\/en\/?page_id=16142\"},{\"@type\":\"ListItem\",\"position\":3,\"name\":\"Publications\"}]},{\"@type\":\"WebSite\",\"@id\":\"https:\/\/mrnf.gouv.qc.ca\/#website\",\"url\":\"https:\/\/mrnf.gouv.qc.ca\/\",\"name\":\"Minist\u00e8re des Ressources naturelles et des For\u00eats\",\"description\":\"Prototype WordPress\",\"potentialAction\":[{\"@type\":\"SearchAction\",\"target\":{\"@type\":\"EntryPoint\",\"urlTemplate\":\"https:\/\/mrnf.gouv.qc.ca\/?s={search_term_string}\"},\"query-input\":{\"@type\":\"PropertyValueSpecification\",\"valueRequired\":true,\"valueName\":\"search_term_string\"}}],\"inLanguage\":\"en-US\"}]}<\/script>\n<!-- \/ Yoast SEO plugin. -->","yoast_head_json":{"title":"Publications - Minist\u00e8re des Ressources naturelles et des For\u00eats","description":"Search and find publications published by the teams of the Minist\u00e8re de l'\u00c9nergie et des Ressources naturelles over the years","robots":{"index":"index","follow":"follow","max-snippet":"max-snippet:-1","max-image-preview":"max-image-preview:large","max-video-preview":"max-video-preview:-1"},"canonical":"https:\/\/mrnf.gouv.qc.ca\/en\/department\/publications\/","og_locale":"en_US","og_type":"article","og_title":"Publications - Minist\u00e8re des Ressources naturelles et des For\u00eats","og_description":"Search and find publications published by the teams of the Minist\u00e8re de l'\u00c9nergie et des Ressources naturelles over the years","og_url":"https:\/\/mrnf.gouv.qc.ca\/en\/department\/publications\/","og_site_name":"Minist\u00e8re des Ressources naturelles et des For\u00eats","article_publisher":"https:\/\/www.facebook.com\/RessourcesNaturellesForets\/","article_modified_time":"2025-05-30T18:02:18+00:00","og_image":[{"width":1200,"height":630,"url":"\/wp-content\/uploads\/Image-g%c3%a9n%c3%a9rale-hiver_FB.jpg","type":"image\/jpeg"}],"twitter_card":"summary_large_image","twitter_site":"@mrnfqc","twitter_misc":{"Est. reading time":"1 minute"},"schema":{"@context":"https:\/\/schema.org","@graph":[{"@type":"WebPage","@id":"https:\/\/mrnf.gouv.qc.ca\/en\/department\/publications\/","url":"https:\/\/mrnf.gouv.qc.ca\/en\/department\/publications\/","name":"Publications - Minist\u00e8re des Ressources naturelles et des For\u00eats","isPartOf":{"@id":"https:\/\/mrnf.gouv.qc.ca\/#website"},"datePublished":"2019-10-09T12:17:07+00:00","dateModified":"2025-05-30T18:02:18+00:00","description":"Search and find publications published by the teams of the Minist\u00e8re de l'\u00c9nergie et des Ressources naturelles over the years","breadcrumb":{"@id":"https:\/\/mrnf.gouv.qc.ca\/en\/department\/publications\/#breadcrumb"},"inLanguage":"en-US","potentialAction":[{"@type":"ReadAction","target":["https:\/\/mrnf.gouv.qc.ca\/en\/department\/publications\/"]}]},{"@type":"BreadcrumbList","@id":"https:\/\/mrnf.gouv.qc.ca\/en\/department\/publications\/#breadcrumb","itemListElement":[{"@type":"ListItem","position":1,"name":"Accueil","item":"https:\/\/mrnf.gouv.qc.ca\/en\/"},{"@type":"ListItem","position":2,"name":"Department","item":"https:\/\/mrnf.gouv.qc.ca\/en\/?page_id=16142"},{"@type":"ListItem","position":3,"name":"Publications"}]},{"@type":"WebSite","@id":"https:\/\/mrnf.gouv.qc.ca\/#website","url":"https:\/\/mrnf.gouv.qc.ca\/","name":"Minist\u00e8re des Ressources naturelles et des For\u00eats","description":"Prototype WordPress","potentialAction":[{"@type":"SearchAction","target":{"@type":"EntryPoint","urlTemplate":"https:\/\/mrnf.gouv.qc.ca\/?s={search_term_string}"},"query-input":{"@type":"PropertyValueSpecification","valueRequired":true,"valueName":"search_term_string"}}],"inLanguage":"en-US"}]}},"_links":{"self":[{"href":"https:\/\/mrnf.gouv.qc.ca\/en\/wp-json\/wp\/v2\/pages\/30025","targetHints":{"allow":["GET"]}}],"collection":[{"href":"https:\/\/mrnf.gouv.qc.ca\/en\/wp-json\/wp\/v2\/pages"}],"about":[{"href":"https:\/\/mrnf.gouv.qc.ca\/en\/wp-json\/wp\/v2\/types\/page"}],"author":[{"embeddable":true,"href":"https:\/\/mrnf.gouv.qc.ca\/en\/wp-json\/wp\/v2\/users\/21"}],"replies":[{"embeddable":true,"href":"https:\/\/mrnf.gouv.qc.ca\/en\/wp-json\/wp\/v2\/comments?post=30025"}],"version-history":[{"count":10,"href":"https:\/\/mrnf.gouv.qc.ca\/en\/wp-json\/wp\/v2\/pages\/30025\/revisions"}],"predecessor-version":[{"id":83092,"href":"https:\/\/mrnf.gouv.qc.ca\/en\/wp-json\/wp\/v2\/pages\/30025\/revisions\/83092"}],"up":[{"embeddable":true,"href":"https:\/\/mrnf.gouv.qc.ca\/en\/wp-json\/wp\/v2\/pages\/16142"}],"wp:attachment":[{"href":"https:\/\/mrnf.gouv.qc.ca\/en\/wp-json\/wp\/v2\/media?parent=30025"}],"curies":[{"name":"wp","href":"https:\/\/api.w.org\/{rel}","templated":true}]}}