


{"id":27615,"date":"2019-08-28T11:14:54","date_gmt":"2019-08-28T15:14:54","guid":{"rendered":"https:\/\/mern.gouv.qc.ca\/?page_id=27615"},"modified":"2026-03-20T11:01:33","modified_gmt":"2026-03-20T15:01:33","slug":"publications","status":"publish","type":"page","link":"https:\/\/mrnf.gouv.qc.ca\/en\/mines\/publications\/","title":{"rendered":"Publications"},"content":{"rendered":"<p>[et_pb_section fb_built=&#8221;1&#8243; specialty=&#8221;on&#8221; _builder_version=&#8221;4.16&#8243; global_colors_info=&#8221;{}&#8221;][et_pb_column type=&#8221;1_4&#8243; _builder_version=&#8221;4.16&#8243; custom_padding=&#8221;|||&#8221; global_colors_info=&#8221;{}&#8221; custom_padding__hover=&#8221;|||&#8221;][et_pb_sidebar area=&#8221;et_pb_widget_area_49&#8243; admin_label=&#8221;Menu Publications&#8221; module_class=&#8221;menuSecondaire&#8221; _builder_version=&#8221;4.16&#8243; global_colors_info=&#8221;{}&#8221;][\/et_pb_sidebar][\/et_pb_column][et_pb_column type=&#8221;1_2&#8243; specialty_columns=&#8221;2&#8243; _builder_version=&#8221;4.16&#8243; custom_padding=&#8221;|||&#8221; global_colors_info=&#8221;{}&#8221; custom_padding__hover=&#8221;|||&#8221;][et_pb_row_inner _builder_version=&#8221;4.16&#8243; global_colors_info=&#8221;{}&#8221;][et_pb_column_inner saved_specialty_column_type=&#8221;1_2&#8243; _builder_version=&#8221;4.16&#8243; custom_padding=&#8221;|||&#8221; global_colors_info=&#8221;{}&#8221; custom_padding__hover=&#8221;|||&#8221;][et_pb_text _builder_version=&#8221;4.27.5&#8243; global_colors_info=&#8221;{}&#8221;]<\/p>\n<h1 class=\"ss-titre14pt\">Publications<\/h1>\n<ul class=\"contenu\">\n<li><a href=\"\/wp-content\/uploads\/GM_promoteur_exploration_impacts_ang.pdf\" target=\"_blank\" rel=\"noopener noreferrer\">Promoter\u2019s Guide for Authorization of Impact-Causing Exploration Work<\/a>\u00a0<img loading=\"lazy\" decoding=\"async\" src=\"\/wp-content\/uploads\/picto-pdf.png\" width=\"20\" height=\"16\" alt=\"\" class=\"wp-image-26549 alignnone size-full\" \/><span class=\"pdfformat\"><\/span><\/li>\n<li><a href=\"https:\/\/cdn-contenu.quebec.ca\/cdn-contenu\/ressources-naturelles\/mines\/Documents\/GM_Public-consultations-promoters_mining-projects.pdf\" target=\"_blank\" rel=\"noopener noreferrer\">Guide for public consultations conducted by the promoters of certain mining projects<\/a> <img loading=\"lazy\" decoding=\"async\" src=\"\/wp-content\/uploads\/lien_externe.png\" width=\"9\" height=\"9\" alt=\"\" class=\"wp-image-21104 alignnone size-full\" \/><span class=\"pdfformat\"><\/span><\/li>\n<li><a href=\"https:\/\/cdn-contenu.quebec.ca\/cdn-contenu\/adm\/min\/energie-ressources-naturelles\/publications-adm\/acceptabilite-sociale\/GM-Guide-ComiteSuivi-en.pdf\" target=\"_blank\" rel=\"noopener noreferrer\">Best Practices Guide for Monitoring Committees and Legal Obligations of Mining and Petroleum Project Promoters<\/a> <img loading=\"lazy\" decoding=\"async\" src=\"\/wp-content\/uploads\/lien_externe.png\" width=\"9\" height=\"9\" alt=\"\" class=\"wp-image-21104 alignnone size-full\" \/><\/li>\n<li>This document presents the mineral potential of substances and the main advantages of investing in the mining sector in Qu\u00e9bec.<\/li>\n<li><a href=\"\/wp-content\/uploads\/guide_processing_en.pdf\" target=\"_blank\" rel=\"noopener noreferrer\">Guide for the preparation of a scoping and market study for processing in Qu\u00e9bec<\/a>\u00a0<img loading=\"lazy\" decoding=\"async\" src=\"\/wp-content\/uploads\/picto-pdf.png\" width=\"20\" height=\"16\" alt=\"\" class=\"wp-image-26549 alignnone size-full\" \/><\/li>\n<li><a href=\"\/wp-content\/uploads\/mineral-development-process.pdf\" target=\"_blank\" rel=\"noopener noreferrer\">The Mineral Development Process<\/a>\u00a0<img loading=\"lazy\" decoding=\"async\" src=\"\/wp-content\/uploads\/picto-pdf.png\" width=\"20\" height=\"16\" alt=\"\" class=\"wp-image-26549 alignnone size-full\" \/><\/li>\n<li><a href=\"https:\/\/sigeom.mines.gouv.qc.ca\/signet\/classes\/I1102_examine?l=A\" target=\"_blank\" rel=\"noopener noreferrer\">e-examine<\/a>\u00a0<img loading=\"lazy\" decoding=\"async\" src=\"\/wp-content\/uploads\/lien_externe.png\" width=\"9\" height=\"9\" alt=\"\" class=\"wp-image-21104 alignnone size-full\" \/><br \/>This application catalogues the data in the Department&#8217;s mining information holdings: bibliographic data, reports, maps.<\/li>\n<\/ul>\n<p>&nbsp;<\/p>\n<p class=\"contenu\">[\/et_pb_text][\/et_pb_column_inner][\/et_pb_row_inner][\/et_pb_column][et_pb_column type=&#8221;1_4&#8243; _builder_version=&#8221;4.16&#8243; custom_padding=&#8221;|||&#8221; global_colors_info=&#8221;{}&#8221; custom_padding__hover=&#8221;|||&#8221;][et_pb_sidebar area=&#8221;et_pb_widget_area_40&#8243; admin_label=&#8221;liens rapide mines&#8221; module_class=&#8221;liensRapidesInterne&#8221; _builder_version=&#8221;4.16&#8243; global_colors_info=&#8221;{}&#8221;][\/et_pb_sidebar][\/et_pb_column][\/et_pb_section]<\/p>\n","protected":false},"excerpt":{"rendered":"<p>Publications Promoter\u2019s Guide for Authorization of Impact-Causing Exploration Work\u00a0 Guide for public consultations conducted by the promoters of certain mining projects Best Practices Guide for Monitoring Committees and Legal Obligations of Mining and Petroleum Project Promoters This document presents the mineral potential of substances and the main advantages of investing in the mining sector in [&hellip;]<\/p>\n","protected":false},"author":21,"featured_media":0,"parent":16461,"menu_order":12,"comment_status":"closed","ping_status":"closed","template":"","meta":{"_acf_changed":false,"_et_pb_use_builder":"on","_et_pb_old_content":"","_et_gb_content_width":"","_oasis_is_in_workflow":0,"_oasis_original":0,"_oasis_task_priority":"","footnotes":""},"class_list":["post-27615","page","type-page","status-publish","hentry"],"acf":[],"yoast_head":"<!-- This site is optimized with the Yoast SEO plugin v24.9 - https:\/\/yoast.com\/wordpress\/plugins\/seo\/ -->\n<title>Publications - Minist\u00e8re des Ressources naturelles et des For\u00eats<\/title>\n<meta name=\"description\" content=\"This section presents a list of publications produced by the Minist\u00e8re de l&#039;\u00c9nergie et des Ressources naturelles for the mining sector\" \/>\n<meta name=\"robots\" content=\"index, follow, max-snippet:-1, max-image-preview:large, max-video-preview:-1\" \/>\n<link rel=\"canonical\" href=\"https:\/\/mrnf.gouv.qc.ca\/en\/mines\/publications\/\" \/>\n<meta property=\"og:locale\" content=\"en_US\" \/>\n<meta property=\"og:type\" content=\"article\" \/>\n<meta property=\"og:title\" content=\"Publications - Minist\u00e8re des Ressources naturelles et des For\u00eats\" \/>\n<meta property=\"og:description\" content=\"This section presents a list of publications produced by the Minist\u00e8re de l&#039;\u00c9nergie et des Ressources naturelles for the mining sector\" \/>\n<meta property=\"og:url\" content=\"https:\/\/mrnf.gouv.qc.ca\/en\/mines\/publications\/\" \/>\n<meta property=\"og:site_name\" content=\"Minist\u00e8re des Ressources naturelles et des For\u00eats\" \/>\n<meta property=\"article:publisher\" content=\"https:\/\/www.facebook.com\/RessourcesNaturellesForets\/\" \/>\n<meta property=\"article:modified_time\" content=\"2026-03-20T15:01:33+00:00\" \/>\n<meta property=\"og:image\" content=\"\/wp-content\/uploads\/Image-g%c3%a9n%c3%a9rale-hiver_FB.jpg\" \/>\n\t<meta property=\"og:image:width\" content=\"1200\" \/>\n\t<meta property=\"og:image:height\" content=\"630\" \/>\n\t<meta property=\"og:image:type\" content=\"image\/jpeg\" \/>\n<meta name=\"twitter:card\" content=\"summary_large_image\" \/>\n<meta name=\"twitter:site\" content=\"@mrnfqc\" \/>\n<meta name=\"twitter:label1\" content=\"Est. reading time\" \/>\n\t<meta name=\"twitter:data1\" content=\"1 minute\" \/>\n<script type=\"application\/ld+json\" class=\"yoast-schema-graph\">{\"@context\":\"https:\/\/schema.org\",\"@graph\":[{\"@type\":\"WebPage\",\"@id\":\"https:\/\/mrnf.gouv.qc.ca\/en\/mines\/publications\/\",\"url\":\"https:\/\/mrnf.gouv.qc.ca\/en\/mines\/publications\/\",\"name\":\"Publications - Minist\u00e8re des Ressources naturelles et des For\u00eats\",\"isPartOf\":{\"@id\":\"https:\/\/mrnf.gouv.qc.ca\/#website\"},\"datePublished\":\"2019-08-28T15:14:54+00:00\",\"dateModified\":\"2026-03-20T15:01:33+00:00\",\"description\":\"This section presents a list of publications produced by the Minist\u00e8re de l'\u00c9nergie et des Ressources naturelles for the mining sector\",\"breadcrumb\":{\"@id\":\"https:\/\/mrnf.gouv.qc.ca\/en\/mines\/publications\/#breadcrumb\"},\"inLanguage\":\"en-US\",\"potentialAction\":[{\"@type\":\"ReadAction\",\"target\":[\"https:\/\/mrnf.gouv.qc.ca\/en\/mines\/publications\/\"]}]},{\"@type\":\"BreadcrumbList\",\"@id\":\"https:\/\/mrnf.gouv.qc.ca\/en\/mines\/publications\/#breadcrumb\",\"itemListElement\":[{\"@type\":\"ListItem\",\"position\":1,\"name\":\"Accueil\",\"item\":\"https:\/\/mrnf.gouv.qc.ca\/en\/\"},{\"@type\":\"ListItem\",\"position\":2,\"name\":\"Mines\",\"item\":\"https:\/\/mrnf.gouv.qc.ca\/en\/?page_id=16461\"},{\"@type\":\"ListItem\",\"position\":3,\"name\":\"Publications\"}]},{\"@type\":\"WebSite\",\"@id\":\"https:\/\/mrnf.gouv.qc.ca\/#website\",\"url\":\"https:\/\/mrnf.gouv.qc.ca\/\",\"name\":\"Minist\u00e8re des Ressources naturelles et des For\u00eats\",\"description\":\"Prototype WordPress\",\"potentialAction\":[{\"@type\":\"SearchAction\",\"target\":{\"@type\":\"EntryPoint\",\"urlTemplate\":\"https:\/\/mrnf.gouv.qc.ca\/?s={search_term_string}\"},\"query-input\":{\"@type\":\"PropertyValueSpecification\",\"valueRequired\":true,\"valueName\":\"search_term_string\"}}],\"inLanguage\":\"en-US\"}]}<\/script>\n<!-- \/ Yoast SEO plugin. -->","yoast_head_json":{"title":"Publications - Minist\u00e8re des Ressources naturelles et des For\u00eats","description":"This section presents a list of publications produced by the Minist\u00e8re de l'\u00c9nergie et des Ressources naturelles for the mining sector","robots":{"index":"index","follow":"follow","max-snippet":"max-snippet:-1","max-image-preview":"max-image-preview:large","max-video-preview":"max-video-preview:-1"},"canonical":"https:\/\/mrnf.gouv.qc.ca\/en\/mines\/publications\/","og_locale":"en_US","og_type":"article","og_title":"Publications - Minist\u00e8re des Ressources naturelles et des For\u00eats","og_description":"This section presents a list of publications produced by the Minist\u00e8re de l'\u00c9nergie et des Ressources naturelles for the mining sector","og_url":"https:\/\/mrnf.gouv.qc.ca\/en\/mines\/publications\/","og_site_name":"Minist\u00e8re des Ressources naturelles et des For\u00eats","article_publisher":"https:\/\/www.facebook.com\/RessourcesNaturellesForets\/","article_modified_time":"2026-03-20T15:01:33+00:00","og_image":[{"width":1200,"height":630,"url":"\/wp-content\/uploads\/Image-g%c3%a9n%c3%a9rale-hiver_FB.jpg","type":"image\/jpeg"}],"twitter_card":"summary_large_image","twitter_site":"@mrnfqc","twitter_misc":{"Est. reading time":"1 minute"},"schema":{"@context":"https:\/\/schema.org","@graph":[{"@type":"WebPage","@id":"https:\/\/mrnf.gouv.qc.ca\/en\/mines\/publications\/","url":"https:\/\/mrnf.gouv.qc.ca\/en\/mines\/publications\/","name":"Publications - Minist\u00e8re des Ressources naturelles et des For\u00eats","isPartOf":{"@id":"https:\/\/mrnf.gouv.qc.ca\/#website"},"datePublished":"2019-08-28T15:14:54+00:00","dateModified":"2026-03-20T15:01:33+00:00","description":"This section presents a list of publications produced by the Minist\u00e8re de l'\u00c9nergie et des Ressources naturelles for the mining sector","breadcrumb":{"@id":"https:\/\/mrnf.gouv.qc.ca\/en\/mines\/publications\/#breadcrumb"},"inLanguage":"en-US","potentialAction":[{"@type":"ReadAction","target":["https:\/\/mrnf.gouv.qc.ca\/en\/mines\/publications\/"]}]},{"@type":"BreadcrumbList","@id":"https:\/\/mrnf.gouv.qc.ca\/en\/mines\/publications\/#breadcrumb","itemListElement":[{"@type":"ListItem","position":1,"name":"Accueil","item":"https:\/\/mrnf.gouv.qc.ca\/en\/"},{"@type":"ListItem","position":2,"name":"Mines","item":"https:\/\/mrnf.gouv.qc.ca\/en\/?page_id=16461"},{"@type":"ListItem","position":3,"name":"Publications"}]},{"@type":"WebSite","@id":"https:\/\/mrnf.gouv.qc.ca\/#website","url":"https:\/\/mrnf.gouv.qc.ca\/","name":"Minist\u00e8re des Ressources naturelles et des For\u00eats","description":"Prototype WordPress","potentialAction":[{"@type":"SearchAction","target":{"@type":"EntryPoint","urlTemplate":"https:\/\/mrnf.gouv.qc.ca\/?s={search_term_string}"},"query-input":{"@type":"PropertyValueSpecification","valueRequired":true,"valueName":"search_term_string"}}],"inLanguage":"en-US"}]}},"_links":{"self":[{"href":"https:\/\/mrnf.gouv.qc.ca\/en\/wp-json\/wp\/v2\/pages\/27615","targetHints":{"allow":["GET"]}}],"collection":[{"href":"https:\/\/mrnf.gouv.qc.ca\/en\/wp-json\/wp\/v2\/pages"}],"about":[{"href":"https:\/\/mrnf.gouv.qc.ca\/en\/wp-json\/wp\/v2\/types\/page"}],"author":[{"embeddable":true,"href":"https:\/\/mrnf.gouv.qc.ca\/en\/wp-json\/wp\/v2\/users\/21"}],"replies":[{"embeddable":true,"href":"https:\/\/mrnf.gouv.qc.ca\/en\/wp-json\/wp\/v2\/comments?post=27615"}],"version-history":[{"count":10,"href":"https:\/\/mrnf.gouv.qc.ca\/en\/wp-json\/wp\/v2\/pages\/27615\/revisions"}],"predecessor-version":[{"id":95977,"href":"https:\/\/mrnf.gouv.qc.ca\/en\/wp-json\/wp\/v2\/pages\/27615\/revisions\/95977"}],"up":[{"embeddable":true,"href":"https:\/\/mrnf.gouv.qc.ca\/en\/wp-json\/wp\/v2\/pages\/16461"}],"wp:attachment":[{"href":"https:\/\/mrnf.gouv.qc.ca\/en\/wp-json\/wp\/v2\/media?parent=27615"}],"curies":[{"name":"wp","href":"https:\/\/api.w.org\/{rel}","templated":true}]}}