


{"id":27600,"date":"2019-08-28T10:39:46","date_gmt":"2019-08-28T14:39:46","guid":{"rendered":"https:\/\/mern.gouv.qc.ca\/?page_id=27600"},"modified":"2025-07-03T13:14:40","modified_gmt":"2025-07-03T17:14:40","slug":"exploration-rights","status":"publish","type":"page","link":"https:\/\/mrnf.gouv.qc.ca\/en\/mines\/mining-rights\/exploration-rights\/","title":{"rendered":"Exploration Rights"},"content":{"rendered":"<p>[et_pb_section fb_built=&#8221;1&#8243; specialty=&#8221;on&#8221; _builder_version=&#8221;4.16&#8243; global_colors_info=&#8221;{}&#8221;][et_pb_column type=&#8221;1_4&#8243; _builder_version=&#8221;4.16&#8243; custom_padding=&#8221;|||&#8221; global_colors_info=&#8221;{}&#8221; custom_padding__hover=&#8221;|||&#8221;][et_pb_sidebar area=&#8221;et_pb_widget_area_46&#8243; admin_label=&#8221;Menu Fiscalit\u00e9 mini\u00e8re&#8221; module_class=&#8221;menuSecondaire&#8221; _builder_version=&#8221;4.16&#8243; global_colors_info=&#8221;{}&#8221;][\/et_pb_sidebar][\/et_pb_column][et_pb_column type=&#8221;1_2&#8243; specialty_columns=&#8221;2&#8243; _builder_version=&#8221;4.16&#8243; custom_padding=&#8221;|||&#8221; global_colors_info=&#8221;{}&#8221; custom_padding__hover=&#8221;|||&#8221;][et_pb_row_inner _builder_version=&#8221;4.16&#8243; global_colors_info=&#8221;{}&#8221;][et_pb_column_inner saved_specialty_column_type=&#8221;1_2&#8243; _builder_version=&#8221;4.16&#8243; custom_padding=&#8221;|||&#8221; global_colors_info=&#8221;{}&#8221; custom_padding__hover=&#8221;|||&#8221;][et_pb_text _builder_version=&#8221;4.27.4&#8243; hover_enabled=&#8221;0&#8243; global_colors_info=&#8221;{}&#8221; sticky_enabled=&#8221;0&#8243;]<\/p>\n<h1>Exploration Rights<\/h1>\n<p>The exclusive exploration right (EER) is the only valid exploration right in Qu\u00e9bec. The EER gives the holder an exclusive right to search for mineral substances in the public domain, except for sand, gravel, clay and other loose deposits, on the land subjected to the claim.<\/p>\n<p>An EER can be obtained by map designation.<\/p>\n<p>The first term of an EER is three years. It can then be renewed for two-year periods, provided that the claim holder meets the conditions stipulated in the Mining Act, including the carrying out of exploration work, the nature and amount of which is established by regulation.<\/p>\n<p>The only acceptable method of submitting a notice of map designation for an EER is via <a href=\"http:\/\/gestim.mines.gouv.qc.ca\/\" target=\"_blank\" rel=\"noopener noreferrer\">GESTIM<\/a> <img loading=\"lazy\" decoding=\"async\" src=\"\/wp-content\/uploads\/lien_externe.png\" width=\"9\" height=\"9\" alt=\"\" class=\"wp-image-21105 alignnone size-full\" \/>.<\/p>\n<ul>\n<li><a href=\"\/en\/mines\/mining-rights\/exploration-rights\/rates-indexing-dues-rents-royalties-fees\/\" target=\"_blank\" rel=\"noopener noreferrer\">Fees for exploration rights<\/a><\/li>\n<li><a href=\"\/en\/mines\/forms\/\">Forms<\/a><\/li>\n<li><a href=\"\/en\/mines\/mining-rights\/directives-notices\/\">Directives and Notices<\/a><\/li>\n<\/ul>\n<p>The Minist\u00e8re des Ressources naturelles et des For\u00eats has implemented the \u201cElectronic Registrar\u201d to automate the process of analyzing and registering map-designated EERs.<\/p>\n<h2>Authorization for impact-causing exploration work<\/h2>\n<p>The Minist\u00e8re des Ressources naturelles et des For\u00eats has introduced a new authorization that must be obtained before carrying out impact-causing exploration work. The new authorization was added to the Act on April 12, 2022, and came into force on May 6, 2024. The purpose of the new authorization, known as the ATI authorization, is to ensure that the concerns of neighbouring local municipalities and Indigenous communities are taken into consideration while fostering a predictable framework conducive to mining development investments and providing for better control over the impact on their living environment from impact-causing exploration work. The ATI is based on a desire for transparency and harmonious conciliation of different land uses. It also allows the Department to impose conditions and obligations for work to be done on the land covered by the EER, so that the concerns about proposed mining exploration activities expressed by local municipalities and Indigenous communications are taken into consideration.<\/p>\n<p>Thus, impact-causing exploration work must now be subject to authorization before being carried out. To do so, the EER holder must complete the <a href=\"\/wp-content\/uploads\/FO_demande_travaux_exploration_impacts_ang.docx\" target=\"_blank\" rel=\"noopener\">Application for authorization of impact-causing exploration work (ATI)<\/a> <img loading=\"lazy\" decoding=\"async\" src=\"\/wp-content\/uploads\/picto-word.png\" width=\"16\" height=\"16\" alt=\"\" class=\"wp-image-13108 alignnone size-full\" \/> form before performing this work. For more information, please consult the <a href=\"\/wp-content\/uploads\/GM_promoteur_exploration_impacts_ang.pdf\" target=\"_blank\" rel=\"noopener\">Promoter\u2019s Guide for Authorization of Impact-Causing Exploration Work<\/a> <img loading=\"lazy\" decoding=\"async\" src=\"\/wp-content\/uploads\/picto-pdf.png\" width=\"20\" height=\"16\" alt=\"\" class=\"wp-image-26549 alignnone size-full\" \/> and <a href=\"\/wp-content\/uploads\/DE_autoristion_travaux_exploration_impacts.pdf\" target=\"_blank\" rel=\"noopener\">the pamphlet on ATI<\/a> <img loading=\"lazy\" decoding=\"async\" src=\"\/wp-content\/uploads\/picto-pdf.png\" width=\"20\" height=\"16\" alt=\"\" class=\"wp-image-26549 alignnone size-full\" \/> (in French only).<\/p>\n<p>The MRNF provides report templates to the proponents for the discussion with the <a href=\"\/wp-content\/uploads\/RA_echange_municipalite_locale_2025.docx\">local municipality<\/a> <img loading=\"lazy\" decoding=\"async\" src=\"\/wp-content\/uploads\/picto-word.png\" width=\"16\" height=\"16\" alt=\"\" class=\"wp-image-13108 alignnone size-full\" \/> (in French only) or <a href=\"\/wp-content\/uploads\/RA_echange_communaute_autochtone_2025.docx\">Indigenous community<\/a> <img loading=\"lazy\" decoding=\"async\" src=\"\/wp-content\/uploads\/picto-word.png\" width=\"16\" height=\"16\" alt=\"\" class=\"wp-image-13108 alignnone size-full\" \/> (in French only) to record questions, requests and comments received, as well as responses.<\/p>\n<h2>Annual work planning<\/h2>\n<p>EER holders are now required to provide annual work planning to representatives of any local municipality located in the area of the land subject to the right, and, if applicable, to representatives of any Indigenous nation or community concerned, at least 30 days before the commencement of exploration work beginning on or after May 30, 2025, including airborne geophysical surveys. This obligation is extended annually as long as the work continues. The work planning must be submitted in the <a href=\"\/wp-content\/uploads\/FO_exploration_work_annual_planning.docx\" target=\"_blank\" rel=\"noopener\">form<\/a> <img loading=\"lazy\" decoding=\"async\" src=\"\/wp-content\/uploads\/picto-word.png\" width=\"16\" height=\"16\" alt=\"\" class=\"wp-image-13108 alignnone size-full\" \/>\u00a0provided by the Minister and accompanied by the required documents.<\/p>\n<p>In addition, at the request of the representative of the local municipality or Indigenous community concerned, the EER holder must hold an information session on the annual planning of the work.<\/p>\n<p>The EER holder must post the annual work planning on their website and, if applicable, a report of the information session. This report should be prepared using the following template provided by the MRNF: NF: <a href=\"\/wp-content\/uploads\/GA_information_session_summary.docx\" target=\"_blank\" rel=\"noopener\">Information session summary<\/a> <img loading=\"lazy\" decoding=\"async\" src=\"\/wp-content\/uploads\/picto-word.png\" width=\"16\" height=\"16\" alt=\"\" class=\"wp-image-13108 alignnone size-full\" \/>.<\/p>\n<h2>Video: Mineral exploration<\/h2>\n<p><iframe loading=\"lazy\" width=\"560\" height=\"315\" src=\"https:\/\/www.youtube.com\/embed\/HiWDYAEoTtM\" title=\"YouTube video player\" frameborder=\"0\" allow=\"accelerometer; autoplay; clipboard-write; encrypted-media; gyroscope; picture-in-picture; web-share\" allowfullscreen=\"\"><\/iframe><\/p>\n<p>&nbsp;<\/p>\n<p>&nbsp;<\/p>\n<p>&nbsp;<\/p>\n<p>[\/et_pb_text][\/et_pb_column_inner][\/et_pb_row_inner][\/et_pb_column][et_pb_column type=&#8221;1_4&#8243; _builder_version=&#8221;4.16&#8243; custom_padding=&#8221;|||&#8221; global_colors_info=&#8221;{}&#8221; custom_padding__hover=&#8221;|||&#8221;][et_pb_sidebar area=&#8221;et_pb_widget_area_40&#8243; admin_label=&#8221;liens rapide mines&#8221; module_class=&#8221;liensRapidesInterne&#8221; _builder_version=&#8221;4.16&#8243; global_colors_info=&#8221;{}&#8221;][\/et_pb_sidebar][\/et_pb_column][\/et_pb_section]<\/p>\n","protected":false},"excerpt":{"rendered":"<p>Exploration Rights The exclusive exploration right (EER) is the only valid exploration right in Qu\u00e9bec. The EER gives the holder an exclusive right to search for mineral substances in the public domain, except for sand, gravel, clay and other loose deposits, on the land subjected to the claim. An EER can be obtained by map [&hellip;]<\/p>\n","protected":false},"author":21,"featured_media":0,"parent":27559,"menu_order":5,"comment_status":"closed","ping_status":"closed","template":"","meta":{"_acf_changed":false,"_et_pb_use_builder":"on","_et_pb_old_content":"","_et_gb_content_width":"","_oasis_is_in_workflow":0,"_oasis_original":0,"_oasis_task_priority":"","footnotes":""},"class_list":["post-27600","page","type-page","status-publish","hentry"],"acf":[],"yoast_head":"<!-- This site is optimized with the Yoast SEO plugin v24.9 - https:\/\/yoast.com\/wordpress\/plugins\/seo\/ -->\n<title>Exploration Rights - Minist\u00e8re des Ressources naturelles et des For\u00eats<\/title>\n<meta name=\"description\" content=\"The claim is the only valid exploration right in Qu\u00e9bec. It gives the holder an exclusive right to search for mineral substances in the public domain...\" \/>\n<meta name=\"robots\" content=\"index, follow, max-snippet:-1, max-image-preview:large, max-video-preview:-1\" \/>\n<link rel=\"canonical\" href=\"https:\/\/mrnf.gouv.qc.ca\/en\/mines\/mining-rights\/exploration-rights\/\" \/>\n<meta property=\"og:locale\" content=\"en_US\" \/>\n<meta property=\"og:type\" content=\"article\" \/>\n<meta property=\"og:title\" content=\"Exploration Rights - Minist\u00e8re des Ressources naturelles et des For\u00eats\" \/>\n<meta property=\"og:description\" content=\"The claim is the only valid exploration right in Qu\u00e9bec. It gives the holder an exclusive right to search for mineral substances in the public domain...\" \/>\n<meta property=\"og:url\" content=\"https:\/\/mrnf.gouv.qc.ca\/en\/mines\/mining-rights\/exploration-rights\/\" \/>\n<meta property=\"og:site_name\" content=\"Minist\u00e8re des Ressources naturelles et des For\u00eats\" \/>\n<meta property=\"article:publisher\" content=\"https:\/\/www.facebook.com\/RessourcesNaturellesForets\/\" \/>\n<meta property=\"article:modified_time\" content=\"2025-07-03T17:14:40+00:00\" \/>\n<meta property=\"og:image\" content=\"\/wp-content\/uploads\/Image-g%c3%a9n%c3%a9rale-hiver_FB.jpg\" \/>\n\t<meta property=\"og:image:width\" content=\"1200\" \/>\n\t<meta property=\"og:image:height\" content=\"630\" \/>\n\t<meta property=\"og:image:type\" content=\"image\/jpeg\" \/>\n<meta name=\"twitter:card\" content=\"summary_large_image\" \/>\n<meta name=\"twitter:site\" content=\"@mrnfqc\" \/>\n<meta name=\"twitter:label1\" content=\"Est. reading time\" \/>\n\t<meta name=\"twitter:data1\" content=\"4 minutes\" \/>\n<script type=\"application\/ld+json\" class=\"yoast-schema-graph\">{\"@context\":\"https:\/\/schema.org\",\"@graph\":[{\"@type\":\"WebPage\",\"@id\":\"https:\/\/mrnf.gouv.qc.ca\/en\/mines\/mining-rights\/exploration-rights\/\",\"url\":\"https:\/\/mrnf.gouv.qc.ca\/en\/mines\/mining-rights\/exploration-rights\/\",\"name\":\"Exploration Rights - Minist\u00e8re des Ressources naturelles et des For\u00eats\",\"isPartOf\":{\"@id\":\"https:\/\/mrnf.gouv.qc.ca\/#website\"},\"datePublished\":\"2019-08-28T14:39:46+00:00\",\"dateModified\":\"2025-07-03T17:14:40+00:00\",\"description\":\"The claim is the only valid exploration right in Qu\u00e9bec. It gives the holder an exclusive right to search for mineral substances in the public domain...\",\"breadcrumb\":{\"@id\":\"https:\/\/mrnf.gouv.qc.ca\/en\/mines\/mining-rights\/exploration-rights\/#breadcrumb\"},\"inLanguage\":\"en-US\",\"potentialAction\":[{\"@type\":\"ReadAction\",\"target\":[\"https:\/\/mrnf.gouv.qc.ca\/en\/mines\/mining-rights\/exploration-rights\/\"]}]},{\"@type\":\"BreadcrumbList\",\"@id\":\"https:\/\/mrnf.gouv.qc.ca\/en\/mines\/mining-rights\/exploration-rights\/#breadcrumb\",\"itemListElement\":[{\"@type\":\"ListItem\",\"position\":1,\"name\":\"Accueil\",\"item\":\"https:\/\/mrnf.gouv.qc.ca\/en\/\"},{\"@type\":\"ListItem\",\"position\":2,\"name\":\"Mines\",\"item\":\"https:\/\/mrnf.gouv.qc.ca\/en\/?page_id=16461\"},{\"@type\":\"ListItem\",\"position\":3,\"name\":\"Mining Rights\",\"item\":\"https:\/\/mrnf.gouv.qc.ca\/en\/mines\/mining-rights\/\"},{\"@type\":\"ListItem\",\"position\":4,\"name\":\"Exploration Rights\"}]},{\"@type\":\"WebSite\",\"@id\":\"https:\/\/mrnf.gouv.qc.ca\/#website\",\"url\":\"https:\/\/mrnf.gouv.qc.ca\/\",\"name\":\"Minist\u00e8re des Ressources naturelles et des For\u00eats\",\"description\":\"Prototype WordPress\",\"potentialAction\":[{\"@type\":\"SearchAction\",\"target\":{\"@type\":\"EntryPoint\",\"urlTemplate\":\"https:\/\/mrnf.gouv.qc.ca\/?s={search_term_string}\"},\"query-input\":{\"@type\":\"PropertyValueSpecification\",\"valueRequired\":true,\"valueName\":\"search_term_string\"}}],\"inLanguage\":\"en-US\"}]}<\/script>\n<!-- \/ Yoast SEO plugin. -->","yoast_head_json":{"title":"Exploration Rights - Minist\u00e8re des Ressources naturelles et des For\u00eats","description":"The claim is the only valid exploration right in Qu\u00e9bec. It gives the holder an exclusive right to search for mineral substances in the public domain...","robots":{"index":"index","follow":"follow","max-snippet":"max-snippet:-1","max-image-preview":"max-image-preview:large","max-video-preview":"max-video-preview:-1"},"canonical":"https:\/\/mrnf.gouv.qc.ca\/en\/mines\/mining-rights\/exploration-rights\/","og_locale":"en_US","og_type":"article","og_title":"Exploration Rights - Minist\u00e8re des Ressources naturelles et des For\u00eats","og_description":"The claim is the only valid exploration right in Qu\u00e9bec. It gives the holder an exclusive right to search for mineral substances in the public domain...","og_url":"https:\/\/mrnf.gouv.qc.ca\/en\/mines\/mining-rights\/exploration-rights\/","og_site_name":"Minist\u00e8re des Ressources naturelles et des For\u00eats","article_publisher":"https:\/\/www.facebook.com\/RessourcesNaturellesForets\/","article_modified_time":"2025-07-03T17:14:40+00:00","og_image":[{"width":1200,"height":630,"url":"\/wp-content\/uploads\/Image-g%c3%a9n%c3%a9rale-hiver_FB.jpg","type":"image\/jpeg"}],"twitter_card":"summary_large_image","twitter_site":"@mrnfqc","twitter_misc":{"Est. reading time":"4 minutes"},"schema":{"@context":"https:\/\/schema.org","@graph":[{"@type":"WebPage","@id":"https:\/\/mrnf.gouv.qc.ca\/en\/mines\/mining-rights\/exploration-rights\/","url":"https:\/\/mrnf.gouv.qc.ca\/en\/mines\/mining-rights\/exploration-rights\/","name":"Exploration Rights - Minist\u00e8re des Ressources naturelles et des For\u00eats","isPartOf":{"@id":"https:\/\/mrnf.gouv.qc.ca\/#website"},"datePublished":"2019-08-28T14:39:46+00:00","dateModified":"2025-07-03T17:14:40+00:00","description":"The claim is the only valid exploration right in Qu\u00e9bec. It gives the holder an exclusive right to search for mineral substances in the public domain...","breadcrumb":{"@id":"https:\/\/mrnf.gouv.qc.ca\/en\/mines\/mining-rights\/exploration-rights\/#breadcrumb"},"inLanguage":"en-US","potentialAction":[{"@type":"ReadAction","target":["https:\/\/mrnf.gouv.qc.ca\/en\/mines\/mining-rights\/exploration-rights\/"]}]},{"@type":"BreadcrumbList","@id":"https:\/\/mrnf.gouv.qc.ca\/en\/mines\/mining-rights\/exploration-rights\/#breadcrumb","itemListElement":[{"@type":"ListItem","position":1,"name":"Accueil","item":"https:\/\/mrnf.gouv.qc.ca\/en\/"},{"@type":"ListItem","position":2,"name":"Mines","item":"https:\/\/mrnf.gouv.qc.ca\/en\/?page_id=16461"},{"@type":"ListItem","position":3,"name":"Mining Rights","item":"https:\/\/mrnf.gouv.qc.ca\/en\/mines\/mining-rights\/"},{"@type":"ListItem","position":4,"name":"Exploration Rights"}]},{"@type":"WebSite","@id":"https:\/\/mrnf.gouv.qc.ca\/#website","url":"https:\/\/mrnf.gouv.qc.ca\/","name":"Minist\u00e8re des Ressources naturelles et des For\u00eats","description":"Prototype WordPress","potentialAction":[{"@type":"SearchAction","target":{"@type":"EntryPoint","urlTemplate":"https:\/\/mrnf.gouv.qc.ca\/?s={search_term_string}"},"query-input":{"@type":"PropertyValueSpecification","valueRequired":true,"valueName":"search_term_string"}}],"inLanguage":"en-US"}]}},"_links":{"self":[{"href":"https:\/\/mrnf.gouv.qc.ca\/en\/wp-json\/wp\/v2\/pages\/27600","targetHints":{"allow":["GET"]}}],"collection":[{"href":"https:\/\/mrnf.gouv.qc.ca\/en\/wp-json\/wp\/v2\/pages"}],"about":[{"href":"https:\/\/mrnf.gouv.qc.ca\/en\/wp-json\/wp\/v2\/types\/page"}],"author":[{"embeddable":true,"href":"https:\/\/mrnf.gouv.qc.ca\/en\/wp-json\/wp\/v2\/users\/21"}],"replies":[{"embeddable":true,"href":"https:\/\/mrnf.gouv.qc.ca\/en\/wp-json\/wp\/v2\/comments?post=27600"}],"version-history":[{"count":10,"href":"https:\/\/mrnf.gouv.qc.ca\/en\/wp-json\/wp\/v2\/pages\/27600\/revisions"}],"predecessor-version":[{"id":83835,"href":"https:\/\/mrnf.gouv.qc.ca\/en\/wp-json\/wp\/v2\/pages\/27600\/revisions\/83835"}],"up":[{"embeddable":true,"href":"https:\/\/mrnf.gouv.qc.ca\/en\/wp-json\/wp\/v2\/pages\/27559"}],"wp:attachment":[{"href":"https:\/\/mrnf.gouv.qc.ca\/en\/wp-json\/wp\/v2\/media?parent=27600"}],"curies":[{"name":"wp","href":"https:\/\/api.w.org\/{rel}","templated":true}]}}