


{"id":27583,"date":"2019-08-28T09:30:46","date_gmt":"2019-08-28T13:30:46","guid":{"rendered":"https:\/\/mern.gouv.qc.ca\/?page_id=27583"},"modified":"2022-04-14T09:57:27","modified_gmt":"2022-04-14T13:57:27","slug":"exploration-land-reserved-state","status":"publish","type":"page","link":"https:\/\/mrnf.gouv.qc.ca\/en\/mines\/mining-rights\/exploration-land-reserved-state\/","title":{"rendered":"Exploration on Land Reserved to the State"},"content":{"rendered":"<p>[et_pb_section fb_built=&#8221;1&#8243; specialty=&#8221;on&#8221; _builder_version=&#8221;3.22&#8243; global_colors_info=&#8221;{}&#8221;][et_pb_column type=&#8221;1_4&#8243; _builder_version=&#8221;3.25&#8243; custom_padding=&#8221;|||&#8221; global_colors_info=&#8221;{}&#8221; custom_padding__hover=&#8221;|||&#8221;][et_pb_sidebar area=&#8221;et_pb_widget_area_46&#8243; admin_label=&#8221;Menu Fiscalit\u00e9 mini\u00e8re&#8221; module_class=&#8221;menuSecondaire&#8221; _builder_version=&#8221;3.26.7&#8243; global_colors_info=&#8221;{}&#8221;][\/et_pb_sidebar][\/et_pb_column][et_pb_column type=&#8221;1_2&#8243; specialty_columns=&#8221;2&#8243; _builder_version=&#8221;3.25&#8243; custom_padding=&#8221;|||&#8221; global_colors_info=&#8221;{}&#8221; custom_padding__hover=&#8221;|||&#8221;][et_pb_row_inner _builder_version=&#8221;3.25&#8243; global_colors_info=&#8221;{}&#8221;][et_pb_column_inner saved_specialty_column_type=&#8221;1_2&#8243; _builder_version=&#8221;3.25&#8243; custom_padding=&#8221;|||&#8221; global_colors_info=&#8221;{}&#8221; custom_padding__hover=&#8221;|||&#8221;][et_pb_text _builder_version=&#8221;4.14.7&#8243; hover_enabled=&#8221;0&#8243; global_colors_info=&#8221;{}&#8221; sticky_enabled=&#8221;0&#8243;]<\/p>\n<h1>Guidelines for Exploration on Land Reserved to the State<\/h1>\n<p>The Minist\u00e8re de l&#8217;\u00c9nergie et des Ressources naturelles may allow mining companies to carry out exploration in specific areas, under certain conditions.<\/p>\n<h2>Areas open to exploration<\/h2>\n<p>June 13, 2007<\/p>\n<ul>\n<li><a href=\"\/wp-content\/uploads\/Baie-aux-feuilles.pdf\" target=\"_blank\" rel=\"noopener noreferrer\">Baie-aux-feuilles<\/a>\u00a0<img loading=\"lazy\" decoding=\"async\" src=\"\/wp-content\/uploads\/picto-pdf.png\" width=\"20\" height=\"16\" alt=\"\" class=\"wp-image-26549 alignnone size-full\" \/><\/li>\n<\/ul>\n<p>August 4, 2004<\/p>\n<ul>\n<li><a href=\"\/en\/mines\/mining-rights\/exploration-land-reserved-state\/upper-harricana-reserve\/\">Upper Harricana Reserve<\/a><\/li>\n<\/ul>\n<p>July 1st, 2004<\/p>\n<ul>\n<li><a href=\"\/wp-content\/uploads\/rights-monts-otish.pdf\" target=\"_blank\" rel=\"noopener noreferrer\">Rivi\u00e8re T\u00e9miscamie<\/a>\u00a0<img loading=\"lazy\" decoding=\"async\" src=\"\/wp-content\/uploads\/picto-pdf.png\" width=\"20\" height=\"16\" alt=\"\" class=\"wp-image-26549 alignnone size-full\" \/><\/li>\n<\/ul>\n<p>July 15, 2003<\/p>\n<ul>\n<li><a href=\"\/wp-content\/uploads\/rights-sainte-marguerite.pdf\" target=\"_blank\" rel=\"noopener noreferrer\">Sainte-Marguerite Reserve<\/a>\u00a0<img loading=\"lazy\" decoding=\"async\" src=\"\/wp-content\/uploads\/picto-pdf.png\" width=\"20\" height=\"16\" alt=\"\" class=\"wp-image-26549 alignnone size-full\" \/><\/li>\n<li><a href=\"\/en\/mines\/mining-rights\/exploration-land-reserved-state\/conditions-relating-sainte-marguerite-reserve\/\">Condition relating to the Sainte-Marguerite Reserve<\/a><\/li>\n<\/ul>\n<p>May 30, 2003<\/p>\n<ul>\n<li><a href=\"\/wp-content\/uploads\/rights-Norebec-Manitou.pdf\" target=\"_blank\" rel=\"noopener noreferrer\">Norebec-Manitou reserve<\/a>\u00a0<img loading=\"lazy\" decoding=\"async\" src=\"\/wp-content\/uploads\/picto-pdf.png\" width=\"20\" height=\"16\" alt=\"\" class=\"wp-image-26549 alignnone size-full\" \/><\/li>\n<\/ul>\n<p>January 8, 2003<\/p>\n<ul>\n<li><a href=\"\/wp-content\/uploads\/rights-eau-claire.pdf\" target=\"_blank\" rel=\"noopener noreferrer\">Lacs Guillaume-Delisle and \u00e0 l\u2019Eau Claire<\/a>\u00a0<img loading=\"lazy\" decoding=\"async\" src=\"\/wp-content\/uploads\/picto-pdf.png\" width=\"20\" height=\"16\" alt=\"\" class=\"wp-image-26549 alignnone size-full\" \/><\/li>\n<li><a href=\"\/wp-content\/uploads\/rights-monts-otish.pdf\" target=\"_blank\" rel=\"noopener noreferrer\">Monts Otish<\/a>\u00a0<img loading=\"lazy\" decoding=\"async\" src=\"\/wp-content\/uploads\/picto-pdf.png\" width=\"20\" height=\"16\" alt=\"\" class=\"wp-image-26549 alignnone size-full\" \/><\/li>\n<li><a href=\"\/wp-content\/uploads\/rights-puvirnituq.pdf\" target=\"_blank\" rel=\"noopener noreferrer\">Monts Puvirnituq<\/a>\u00a0<img loading=\"lazy\" decoding=\"async\" src=\"\/wp-content\/uploads\/picto-pdf.png\" width=\"20\" height=\"16\" alt=\"\" class=\"wp-image-26549 alignnone size-full\" \/><\/li>\n<\/ul>\n<p>Any company who wishes to carry out mineral exploration on lands reserved to the State shall comply with certain rules, in order to minimize environmental impacts. These are the conditions required to the Norebec-Manitou reserve, Lacs Guillaume-Delisle and \u00e0 l&#8217;Eau Claire, Rivi\u00e8re T\u00e9miscamie and Monts Otish and Puvirnituq.<\/p>\n<ul>\n<li><a href=\"\/en\/mines\/mining-rights\/exploration-land-reserved-state\/rights-reserves-eligibility\/\">Eligibility conditions<\/a><\/li>\n<li><a href=\"\/en\/mines\/mining-rights\/exploration-land-reserved-state\/rights-reserves-submitting\/\">Submitting applications<\/a><\/li>\n<li><a href=\"\/en\/mines\/mining-rights\/exploration-land-reserved-state\/rights-reserves-conditions\/\">Conditions for mining exploration work<\/a><\/li>\n<li><a href=\"\/en\/mines\/mining-rights\/exploration-land-reserved-state\/rights-reserves-restauration\/\">Rehabilitation plan<\/a><\/li>\n<\/ul>\n<p>All applications must be submitted according to the <a href=\"\/en\/mines\/mining-rights\/directives-notices\/\">directive concerning acceptable means to submit a notice of map designation<\/a>.<\/p>\n<p>&nbsp;<\/p>\n<p>&nbsp;<\/p>\n<p>[\/et_pb_text][\/et_pb_column_inner][\/et_pb_row_inner][\/et_pb_column][et_pb_column type=&#8221;1_4&#8243; _builder_version=&#8221;3.25&#8243; custom_padding=&#8221;|||&#8221; global_colors_info=&#8221;{}&#8221; custom_padding__hover=&#8221;|||&#8221;][et_pb_sidebar area=&#8221;et_pb_widget_area_40&#8243; admin_label=&#8221;liens rapide mines&#8221; module_class=&#8221;liensRapidesInterne&#8221; _builder_version=&#8221;3.9&#8243; global_colors_info=&#8221;{}&#8221;][\/et_pb_sidebar][\/et_pb_column][\/et_pb_section]<\/p>\n","protected":false},"excerpt":{"rendered":"<p>Guidelines for Exploration on Land Reserved to the State The Minist\u00e8re de l&#8217;\u00c9nergie et des Ressources naturelles may allow mining companies to carry out exploration in specific areas, under certain conditions. Areas open to exploration June 13, 2007 Baie-aux-feuilles\u00a0 August 4, 2004 Upper Harricana Reserve July 1st, 2004 Rivi\u00e8re T\u00e9miscamie\u00a0 July 15, 2003 Sainte-Marguerite Reserve\u00a0 [&hellip;]<\/p>\n","protected":false},"author":21,"featured_media":0,"parent":27559,"menu_order":5,"comment_status":"closed","ping_status":"closed","template":"","meta":{"_acf_changed":false,"_et_pb_use_builder":"on","_et_pb_old_content":"","_et_gb_content_width":"","_oasis_is_in_workflow":0,"_oasis_original":0,"_oasis_task_priority":"","footnotes":""},"class_list":["post-27583","page","type-page","status-publish","hentry"],"acf":[],"yoast_head":"<!-- This site is optimized with the Yoast SEO plugin v24.9 - https:\/\/yoast.com\/wordpress\/plugins\/seo\/ -->\n<title>Exploration on Land Reserved to the State - Minist\u00e8re des Ressources naturelles et des For\u00eats<\/title>\n<meta name=\"description\" content=\"The Minist\u00e8re de l&#039;\u00c9nergie et des Ressources naturelles may allow mining companies to carry out exploration in specific areas, under certain conditions.\" \/>\n<meta name=\"robots\" content=\"index, follow, max-snippet:-1, max-image-preview:large, max-video-preview:-1\" \/>\n<link rel=\"canonical\" href=\"https:\/\/mrnf.gouv.qc.ca\/en\/mines\/mining-rights\/exploration-land-reserved-state\/\" \/>\n<meta property=\"og:locale\" content=\"en_US\" \/>\n<meta property=\"og:type\" content=\"article\" \/>\n<meta property=\"og:title\" content=\"Exploration on Land Reserved to the State - Minist\u00e8re des Ressources naturelles et des For\u00eats\" \/>\n<meta property=\"og:description\" content=\"The Minist\u00e8re de l&#039;\u00c9nergie et des Ressources naturelles may allow mining companies to carry out exploration in specific areas, under certain conditions.\" \/>\n<meta property=\"og:url\" content=\"https:\/\/mrnf.gouv.qc.ca\/en\/mines\/mining-rights\/exploration-land-reserved-state\/\" \/>\n<meta property=\"og:site_name\" content=\"Minist\u00e8re des Ressources naturelles et des For\u00eats\" \/>\n<meta property=\"article:publisher\" content=\"https:\/\/www.facebook.com\/RessourcesNaturellesForets\/\" \/>\n<meta property=\"article:modified_time\" content=\"2022-04-14T13:57:27+00:00\" \/>\n<meta property=\"og:image\" content=\"\/wp-content\/uploads\/Image-g%c3%a9n%c3%a9rale-hiver_FB.jpg\" \/>\n\t<meta property=\"og:image:width\" content=\"1200\" \/>\n\t<meta property=\"og:image:height\" content=\"630\" \/>\n\t<meta property=\"og:image:type\" content=\"image\/jpeg\" \/>\n<meta name=\"twitter:card\" content=\"summary_large_image\" \/>\n<meta name=\"twitter:site\" content=\"@mrnfqc\" \/>\n<meta name=\"twitter:label1\" content=\"Est. reading time\" \/>\n\t<meta name=\"twitter:data1\" content=\"3 minutes\" \/>\n<script type=\"application\/ld+json\" class=\"yoast-schema-graph\">{\"@context\":\"https:\/\/schema.org\",\"@graph\":[{\"@type\":\"WebPage\",\"@id\":\"https:\/\/mrnf.gouv.qc.ca\/en\/mines\/mining-rights\/exploration-land-reserved-state\/\",\"url\":\"https:\/\/mrnf.gouv.qc.ca\/en\/mines\/mining-rights\/exploration-land-reserved-state\/\",\"name\":\"Exploration on Land Reserved to the State - Minist\u00e8re des Ressources naturelles et des For\u00eats\",\"isPartOf\":{\"@id\":\"https:\/\/mrnf.gouv.qc.ca\/#website\"},\"datePublished\":\"2019-08-28T13:30:46+00:00\",\"dateModified\":\"2022-04-14T13:57:27+00:00\",\"description\":\"The Minist\u00e8re de l'\u00c9nergie et des Ressources naturelles may allow mining companies to carry out exploration in specific areas, under certain conditions.\",\"breadcrumb\":{\"@id\":\"https:\/\/mrnf.gouv.qc.ca\/en\/mines\/mining-rights\/exploration-land-reserved-state\/#breadcrumb\"},\"inLanguage\":\"en-US\",\"potentialAction\":[{\"@type\":\"ReadAction\",\"target\":[\"https:\/\/mrnf.gouv.qc.ca\/en\/mines\/mining-rights\/exploration-land-reserved-state\/\"]}]},{\"@type\":\"BreadcrumbList\",\"@id\":\"https:\/\/mrnf.gouv.qc.ca\/en\/mines\/mining-rights\/exploration-land-reserved-state\/#breadcrumb\",\"itemListElement\":[{\"@type\":\"ListItem\",\"position\":1,\"name\":\"Accueil\",\"item\":\"https:\/\/mrnf.gouv.qc.ca\/en\/\"},{\"@type\":\"ListItem\",\"position\":2,\"name\":\"Mines\",\"item\":\"https:\/\/mrnf.gouv.qc.ca\/en\/?page_id=16461\"},{\"@type\":\"ListItem\",\"position\":3,\"name\":\"Mining Rights\",\"item\":\"https:\/\/mrnf.gouv.qc.ca\/en\/mines\/mining-rights\/\"},{\"@type\":\"ListItem\",\"position\":4,\"name\":\"Exploration on Land Reserved to the State\"}]},{\"@type\":\"WebSite\",\"@id\":\"https:\/\/mrnf.gouv.qc.ca\/#website\",\"url\":\"https:\/\/mrnf.gouv.qc.ca\/\",\"name\":\"Minist\u00e8re des Ressources naturelles et des For\u00eats\",\"description\":\"Prototype WordPress\",\"potentialAction\":[{\"@type\":\"SearchAction\",\"target\":{\"@type\":\"EntryPoint\",\"urlTemplate\":\"https:\/\/mrnf.gouv.qc.ca\/?s={search_term_string}\"},\"query-input\":{\"@type\":\"PropertyValueSpecification\",\"valueRequired\":true,\"valueName\":\"search_term_string\"}}],\"inLanguage\":\"en-US\"}]}<\/script>\n<!-- \/ Yoast SEO plugin. -->","yoast_head_json":{"title":"Exploration on Land Reserved to the State - Minist\u00e8re des Ressources naturelles et des For\u00eats","description":"The Minist\u00e8re de l'\u00c9nergie et des Ressources naturelles may allow mining companies to carry out exploration in specific areas, under certain conditions.","robots":{"index":"index","follow":"follow","max-snippet":"max-snippet:-1","max-image-preview":"max-image-preview:large","max-video-preview":"max-video-preview:-1"},"canonical":"https:\/\/mrnf.gouv.qc.ca\/en\/mines\/mining-rights\/exploration-land-reserved-state\/","og_locale":"en_US","og_type":"article","og_title":"Exploration on Land Reserved to the State - Minist\u00e8re des Ressources naturelles et des For\u00eats","og_description":"The Minist\u00e8re de l'\u00c9nergie et des Ressources naturelles may allow mining companies to carry out exploration in specific areas, under certain conditions.","og_url":"https:\/\/mrnf.gouv.qc.ca\/en\/mines\/mining-rights\/exploration-land-reserved-state\/","og_site_name":"Minist\u00e8re des Ressources naturelles et des For\u00eats","article_publisher":"https:\/\/www.facebook.com\/RessourcesNaturellesForets\/","article_modified_time":"2022-04-14T13:57:27+00:00","og_image":[{"width":1200,"height":630,"url":"\/wp-content\/uploads\/Image-g%c3%a9n%c3%a9rale-hiver_FB.jpg","type":"image\/jpeg"}],"twitter_card":"summary_large_image","twitter_site":"@mrnfqc","twitter_misc":{"Est. reading time":"3 minutes"},"schema":{"@context":"https:\/\/schema.org","@graph":[{"@type":"WebPage","@id":"https:\/\/mrnf.gouv.qc.ca\/en\/mines\/mining-rights\/exploration-land-reserved-state\/","url":"https:\/\/mrnf.gouv.qc.ca\/en\/mines\/mining-rights\/exploration-land-reserved-state\/","name":"Exploration on Land Reserved to the State - Minist\u00e8re des Ressources naturelles et des For\u00eats","isPartOf":{"@id":"https:\/\/mrnf.gouv.qc.ca\/#website"},"datePublished":"2019-08-28T13:30:46+00:00","dateModified":"2022-04-14T13:57:27+00:00","description":"The Minist\u00e8re de l'\u00c9nergie et des Ressources naturelles may allow mining companies to carry out exploration in specific areas, under certain conditions.","breadcrumb":{"@id":"https:\/\/mrnf.gouv.qc.ca\/en\/mines\/mining-rights\/exploration-land-reserved-state\/#breadcrumb"},"inLanguage":"en-US","potentialAction":[{"@type":"ReadAction","target":["https:\/\/mrnf.gouv.qc.ca\/en\/mines\/mining-rights\/exploration-land-reserved-state\/"]}]},{"@type":"BreadcrumbList","@id":"https:\/\/mrnf.gouv.qc.ca\/en\/mines\/mining-rights\/exploration-land-reserved-state\/#breadcrumb","itemListElement":[{"@type":"ListItem","position":1,"name":"Accueil","item":"https:\/\/mrnf.gouv.qc.ca\/en\/"},{"@type":"ListItem","position":2,"name":"Mines","item":"https:\/\/mrnf.gouv.qc.ca\/en\/?page_id=16461"},{"@type":"ListItem","position":3,"name":"Mining Rights","item":"https:\/\/mrnf.gouv.qc.ca\/en\/mines\/mining-rights\/"},{"@type":"ListItem","position":4,"name":"Exploration on Land Reserved to the State"}]},{"@type":"WebSite","@id":"https:\/\/mrnf.gouv.qc.ca\/#website","url":"https:\/\/mrnf.gouv.qc.ca\/","name":"Minist\u00e8re des Ressources naturelles et des For\u00eats","description":"Prototype WordPress","potentialAction":[{"@type":"SearchAction","target":{"@type":"EntryPoint","urlTemplate":"https:\/\/mrnf.gouv.qc.ca\/?s={search_term_string}"},"query-input":{"@type":"PropertyValueSpecification","valueRequired":true,"valueName":"search_term_string"}}],"inLanguage":"en-US"}]}},"_links":{"self":[{"href":"https:\/\/mrnf.gouv.qc.ca\/en\/wp-json\/wp\/v2\/pages\/27583","targetHints":{"allow":["GET"]}}],"collection":[{"href":"https:\/\/mrnf.gouv.qc.ca\/en\/wp-json\/wp\/v2\/pages"}],"about":[{"href":"https:\/\/mrnf.gouv.qc.ca\/en\/wp-json\/wp\/v2\/types\/page"}],"author":[{"embeddable":true,"href":"https:\/\/mrnf.gouv.qc.ca\/en\/wp-json\/wp\/v2\/users\/21"}],"replies":[{"embeddable":true,"href":"https:\/\/mrnf.gouv.qc.ca\/en\/wp-json\/wp\/v2\/comments?post=27583"}],"version-history":[{"count":10,"href":"https:\/\/mrnf.gouv.qc.ca\/en\/wp-json\/wp\/v2\/pages\/27583\/revisions"}],"predecessor-version":[{"id":50641,"href":"https:\/\/mrnf.gouv.qc.ca\/en\/wp-json\/wp\/v2\/pages\/27583\/revisions\/50641"}],"up":[{"embeddable":true,"href":"https:\/\/mrnf.gouv.qc.ca\/en\/wp-json\/wp\/v2\/pages\/27559"}],"wp:attachment":[{"href":"https:\/\/mrnf.gouv.qc.ca\/en\/wp-json\/wp\/v2\/media?parent=27583"}],"curies":[{"name":"wp","href":"https:\/\/api.w.org\/{rel}","templated":true}]}}