


{"id":27564,"date":"2019-08-28T09:15:52","date_gmt":"2019-08-28T13:15:52","guid":{"rendered":"https:\/\/mern.gouv.qc.ca\/?page_id=27564"},"modified":"2022-09-12T11:27:45","modified_gmt":"2022-09-12T15:27:45","slug":"mining-activites-other-land-uses","status":"publish","type":"page","link":"https:\/\/mrnf.gouv.qc.ca\/en\/mines\/mining-rights\/mining-activites-other-land-uses\/","title":{"rendered":"Mining Activites and Other Land Uses"},"content":{"rendered":"<p>[et_pb_section fb_built=&#8221;1&#8243; specialty=&#8221;on&#8221; _builder_version=&#8221;3.22&#8243; global_colors_info=&#8221;{}&#8221;][et_pb_column type=&#8221;1_4&#8243; _builder_version=&#8221;3.25&#8243; custom_padding=&#8221;|||&#8221; global_colors_info=&#8221;{}&#8221; custom_padding__hover=&#8221;|||&#8221;][et_pb_sidebar area=&#8221;et_pb_widget_area_46&#8243; admin_label=&#8221;Menu Fiscalit\u00e9 mini\u00e8re&#8221; module_class=&#8221;menuSecondaire&#8221; _builder_version=&#8221;3.26.7&#8243; global_colors_info=&#8221;{}&#8221;][\/et_pb_sidebar][\/et_pb_column][et_pb_column type=&#8221;1_2&#8243; specialty_columns=&#8221;2&#8243; _builder_version=&#8221;3.25&#8243; custom_padding=&#8221;|||&#8221; global_colors_info=&#8221;{}&#8221; custom_padding__hover=&#8221;|||&#8221;][et_pb_row_inner _builder_version=&#8221;3.25&#8243; global_colors_info=&#8221;{}&#8221;][et_pb_column_inner saved_specialty_column_type=&#8221;1_2&#8243; _builder_version=&#8221;3.25&#8243; custom_padding=&#8221;|||&#8221; global_colors_info=&#8221;{}&#8221; custom_padding__hover=&#8221;|||&#8221;][et_pb_text _builder_version=&#8221;4.14.7&#8243; hover_enabled=&#8221;0&#8243; global_colors_info=&#8221;{}&#8221; sticky_enabled=&#8221;0&#8243;]<\/p>\n<h1>Mining Activites and Other Land Uses<\/h1>\n<p>While the Mining Act promotes prospecting, exploration and extraction of mineral substances in Qu\u00e9bec with a view to achieving sustainable development, it also allows the Minist\u00e8re de l\u2019\u00c9nergie et des Ressources naturelles (MERN) to take other potential land uses into account.<\/p>\n<p>The MERN may reserve to the State or withdraw from prospecting, exploration and mining operations any mineral substance forming part of the domain of the State and required for any purpose that the Minister considers to be in the public interest. The Act also reserves some portions of watercourses and adjacent strips for use by the State, and stipulates that 5% of an area covered by a mining lease, a mining concession or a lease to mine surface mineral substances and located on land in the domain of the State must be set aside for the State to use for public development purposes.<\/p>\n<p>The regional county municipalities (RCMs), in their land use and development plans, may delimit mining-incompatible territories in accordance with the Act respecting land use planning and development and with Government orientations on land development. The Mining Act provides for transitional measures in respect of urban area perimeters, until the mining-incompatible territories have been identified by the RCM in question.<\/p>\n<p>Before the provisions concerning reservation to the State, withdrawal from mining activities, mining-incompatible territories and classification as an outstanding geological site come into force, the Department may temporarily suspend staking and map designation rights.<br \/>Other Acts, including the Natural Heritage Conservation Act, also contain provisions that prohibit mine exploration or operations in specific areas of Qu\u00e9bec\u2019s territory.<\/p>\n<ul>\n<li><a href=\"\/en\/mines\/mining-rights\/mining-activites-other-land-uses\/rights-mining-reservation-state-whitdrawal\/\">Reservation to the State and withdrawal from mining activity<\/a><\/li>\n<li><a href=\"\/en\/mines\/mining-rights\/mining-activites-other-land-uses\/rights-mining-reservation-state-watercourse\/\">Reservation to the State of watercourses and adjacent strips<\/a><\/li>\n<li><a href=\"\/en\/mines\/mining-rights\/mining-activites-other-land-uses\/rights-mining-reservation-state-development\/\">Reservation to the State for public development purposes<\/a><\/li>\n<li><a href=\"\/en\/mines\/glpg\/\">Mining-incompatible territories (not in force)<\/a><\/li>\n<li><a href=\"\/en\/mines\/mining-rights\/mining-activites-other-land-uses\/rights-mining-urban\/\">Urban area perimeters<\/a><\/li>\n<li><a href=\"\/en\/mines\/mining-rights\/mining-activites-other-land-uses\/rights-mining-temporary-suspension\/\">Temporary suspension of staking and map designation<\/a><\/li>\n<\/ul>\n<p>[\/et_pb_text][\/et_pb_column_inner][\/et_pb_row_inner][\/et_pb_column][et_pb_column type=&#8221;1_4&#8243; _builder_version=&#8221;3.25&#8243; custom_padding=&#8221;|||&#8221; global_colors_info=&#8221;{}&#8221; custom_padding__hover=&#8221;|||&#8221;][et_pb_sidebar area=&#8221;et_pb_widget_area_40&#8243; admin_label=&#8221;liens rapide mines&#8221; module_class=&#8221;liensRapidesInterne&#8221; _builder_version=&#8221;3.9&#8243; global_colors_info=&#8221;{}&#8221;][\/et_pb_sidebar][\/et_pb_column][\/et_pb_section]<\/p>\n","protected":false},"excerpt":{"rendered":"<p>Mining Activites and Other Land Uses While the Mining Act promotes prospecting, exploration and extraction of mineral substances in Qu\u00e9bec with a view to achieving sustainable development, it also allows the Minist\u00e8re de l\u2019\u00c9nergie et des Ressources naturelles (MERN) to take other potential land uses into account. The MERN may reserve to the State or [&hellip;]<\/p>\n","protected":false},"author":21,"featured_media":0,"parent":27559,"menu_order":5,"comment_status":"closed","ping_status":"closed","template":"","meta":{"_acf_changed":false,"_et_pb_use_builder":"on","_et_pb_old_content":"","_et_gb_content_width":"","_oasis_is_in_workflow":0,"_oasis_original":0,"_oasis_task_priority":"","footnotes":""},"class_list":["post-27564","page","type-page","status-publish","hentry"],"acf":[],"yoast_head":"<!-- This site is optimized with the Yoast SEO plugin v24.9 - https:\/\/yoast.com\/wordpress\/plugins\/seo\/ -->\n<title>Mining Activites and Other Land Uses - Minist\u00e8re des Ressources naturelles et des For\u00eats<\/title>\n<meta name=\"description\" content=\"The Mining Act also allows the Minist\u00e8re de l\u2019\u00c9nergie et des Ressources naturelles (MERN) to take other potential land uses into account.\" \/>\n<meta name=\"robots\" content=\"index, follow, max-snippet:-1, max-image-preview:large, max-video-preview:-1\" \/>\n<link rel=\"canonical\" href=\"https:\/\/mrnf.gouv.qc.ca\/en\/mines\/mining-rights\/mining-activites-other-land-uses\/\" \/>\n<meta property=\"og:locale\" content=\"en_US\" \/>\n<meta property=\"og:type\" content=\"article\" \/>\n<meta property=\"og:title\" content=\"Mining Activites and Other Land Uses - Minist\u00e8re des Ressources naturelles et des For\u00eats\" \/>\n<meta property=\"og:description\" content=\"The Mining Act also allows the Minist\u00e8re de l\u2019\u00c9nergie et des Ressources naturelles (MERN) to take other potential land uses into account.\" \/>\n<meta property=\"og:url\" content=\"https:\/\/mrnf.gouv.qc.ca\/en\/mines\/mining-rights\/mining-activites-other-land-uses\/\" \/>\n<meta property=\"og:site_name\" content=\"Minist\u00e8re des Ressources naturelles et des For\u00eats\" \/>\n<meta property=\"article:publisher\" content=\"https:\/\/www.facebook.com\/RessourcesNaturellesForets\/\" \/>\n<meta property=\"article:modified_time\" content=\"2022-09-12T15:27:45+00:00\" \/>\n<meta property=\"og:image\" content=\"\/wp-content\/uploads\/Image-g%c3%a9n%c3%a9rale-hiver_FB.jpg\" \/>\n\t<meta property=\"og:image:width\" content=\"1200\" \/>\n\t<meta property=\"og:image:height\" content=\"630\" \/>\n\t<meta property=\"og:image:type\" content=\"image\/jpeg\" \/>\n<meta name=\"twitter:card\" content=\"summary_large_image\" \/>\n<meta name=\"twitter:site\" content=\"@mrnfqc\" \/>\n<meta name=\"twitter:label1\" content=\"Est. reading time\" \/>\n\t<meta name=\"twitter:data1\" content=\"2 minutes\" \/>\n<script type=\"application\/ld+json\" class=\"yoast-schema-graph\">{\"@context\":\"https:\/\/schema.org\",\"@graph\":[{\"@type\":\"WebPage\",\"@id\":\"https:\/\/mrnf.gouv.qc.ca\/en\/mines\/mining-rights\/mining-activites-other-land-uses\/\",\"url\":\"https:\/\/mrnf.gouv.qc.ca\/en\/mines\/mining-rights\/mining-activites-other-land-uses\/\",\"name\":\"Mining Activites and Other Land Uses - Minist\u00e8re des Ressources naturelles et des For\u00eats\",\"isPartOf\":{\"@id\":\"https:\/\/mrnf.gouv.qc.ca\/#website\"},\"datePublished\":\"2019-08-28T13:15:52+00:00\",\"dateModified\":\"2022-09-12T15:27:45+00:00\",\"description\":\"The Mining Act also allows the Minist\u00e8re de l\u2019\u00c9nergie et des Ressources naturelles (MERN) to take other potential land uses into account.\",\"breadcrumb\":{\"@id\":\"https:\/\/mrnf.gouv.qc.ca\/en\/mines\/mining-rights\/mining-activites-other-land-uses\/#breadcrumb\"},\"inLanguage\":\"en-US\",\"potentialAction\":[{\"@type\":\"ReadAction\",\"target\":[\"https:\/\/mrnf.gouv.qc.ca\/en\/mines\/mining-rights\/mining-activites-other-land-uses\/\"]}]},{\"@type\":\"BreadcrumbList\",\"@id\":\"https:\/\/mrnf.gouv.qc.ca\/en\/mines\/mining-rights\/mining-activites-other-land-uses\/#breadcrumb\",\"itemListElement\":[{\"@type\":\"ListItem\",\"position\":1,\"name\":\"Accueil\",\"item\":\"https:\/\/mrnf.gouv.qc.ca\/en\/\"},{\"@type\":\"ListItem\",\"position\":2,\"name\":\"Mines\",\"item\":\"https:\/\/mrnf.gouv.qc.ca\/en\/?page_id=16461\"},{\"@type\":\"ListItem\",\"position\":3,\"name\":\"Mining Rights\",\"item\":\"https:\/\/mrnf.gouv.qc.ca\/en\/mines\/mining-rights\/\"},{\"@type\":\"ListItem\",\"position\":4,\"name\":\"Mining Activites and Other Land Uses\"}]},{\"@type\":\"WebSite\",\"@id\":\"https:\/\/mrnf.gouv.qc.ca\/#website\",\"url\":\"https:\/\/mrnf.gouv.qc.ca\/\",\"name\":\"Minist\u00e8re des Ressources naturelles et des For\u00eats\",\"description\":\"Prototype WordPress\",\"potentialAction\":[{\"@type\":\"SearchAction\",\"target\":{\"@type\":\"EntryPoint\",\"urlTemplate\":\"https:\/\/mrnf.gouv.qc.ca\/?s={search_term_string}\"},\"query-input\":{\"@type\":\"PropertyValueSpecification\",\"valueRequired\":true,\"valueName\":\"search_term_string\"}}],\"inLanguage\":\"en-US\"}]}<\/script>\n<!-- \/ Yoast SEO plugin. -->","yoast_head_json":{"title":"Mining Activites and Other Land Uses - Minist\u00e8re des Ressources naturelles et des For\u00eats","description":"The Mining Act also allows the Minist\u00e8re de l\u2019\u00c9nergie et des Ressources naturelles (MERN) to take other potential land uses into account.","robots":{"index":"index","follow":"follow","max-snippet":"max-snippet:-1","max-image-preview":"max-image-preview:large","max-video-preview":"max-video-preview:-1"},"canonical":"https:\/\/mrnf.gouv.qc.ca\/en\/mines\/mining-rights\/mining-activites-other-land-uses\/","og_locale":"en_US","og_type":"article","og_title":"Mining Activites and Other Land Uses - Minist\u00e8re des Ressources naturelles et des For\u00eats","og_description":"The Mining Act also allows the Minist\u00e8re de l\u2019\u00c9nergie et des Ressources naturelles (MERN) to take other potential land uses into account.","og_url":"https:\/\/mrnf.gouv.qc.ca\/en\/mines\/mining-rights\/mining-activites-other-land-uses\/","og_site_name":"Minist\u00e8re des Ressources naturelles et des For\u00eats","article_publisher":"https:\/\/www.facebook.com\/RessourcesNaturellesForets\/","article_modified_time":"2022-09-12T15:27:45+00:00","og_image":[{"width":1200,"height":630,"url":"\/wp-content\/uploads\/Image-g%c3%a9n%c3%a9rale-hiver_FB.jpg","type":"image\/jpeg"}],"twitter_card":"summary_large_image","twitter_site":"@mrnfqc","twitter_misc":{"Est. reading time":"2 minutes"},"schema":{"@context":"https:\/\/schema.org","@graph":[{"@type":"WebPage","@id":"https:\/\/mrnf.gouv.qc.ca\/en\/mines\/mining-rights\/mining-activites-other-land-uses\/","url":"https:\/\/mrnf.gouv.qc.ca\/en\/mines\/mining-rights\/mining-activites-other-land-uses\/","name":"Mining Activites and Other Land Uses - Minist\u00e8re des Ressources naturelles et des For\u00eats","isPartOf":{"@id":"https:\/\/mrnf.gouv.qc.ca\/#website"},"datePublished":"2019-08-28T13:15:52+00:00","dateModified":"2022-09-12T15:27:45+00:00","description":"The Mining Act also allows the Minist\u00e8re de l\u2019\u00c9nergie et des Ressources naturelles (MERN) to take other potential land uses into account.","breadcrumb":{"@id":"https:\/\/mrnf.gouv.qc.ca\/en\/mines\/mining-rights\/mining-activites-other-land-uses\/#breadcrumb"},"inLanguage":"en-US","potentialAction":[{"@type":"ReadAction","target":["https:\/\/mrnf.gouv.qc.ca\/en\/mines\/mining-rights\/mining-activites-other-land-uses\/"]}]},{"@type":"BreadcrumbList","@id":"https:\/\/mrnf.gouv.qc.ca\/en\/mines\/mining-rights\/mining-activites-other-land-uses\/#breadcrumb","itemListElement":[{"@type":"ListItem","position":1,"name":"Accueil","item":"https:\/\/mrnf.gouv.qc.ca\/en\/"},{"@type":"ListItem","position":2,"name":"Mines","item":"https:\/\/mrnf.gouv.qc.ca\/en\/?page_id=16461"},{"@type":"ListItem","position":3,"name":"Mining Rights","item":"https:\/\/mrnf.gouv.qc.ca\/en\/mines\/mining-rights\/"},{"@type":"ListItem","position":4,"name":"Mining Activites and Other Land Uses"}]},{"@type":"WebSite","@id":"https:\/\/mrnf.gouv.qc.ca\/#website","url":"https:\/\/mrnf.gouv.qc.ca\/","name":"Minist\u00e8re des Ressources naturelles et des For\u00eats","description":"Prototype WordPress","potentialAction":[{"@type":"SearchAction","target":{"@type":"EntryPoint","urlTemplate":"https:\/\/mrnf.gouv.qc.ca\/?s={search_term_string}"},"query-input":{"@type":"PropertyValueSpecification","valueRequired":true,"valueName":"search_term_string"}}],"inLanguage":"en-US"}]}},"_links":{"self":[{"href":"https:\/\/mrnf.gouv.qc.ca\/en\/wp-json\/wp\/v2\/pages\/27564","targetHints":{"allow":["GET"]}}],"collection":[{"href":"https:\/\/mrnf.gouv.qc.ca\/en\/wp-json\/wp\/v2\/pages"}],"about":[{"href":"https:\/\/mrnf.gouv.qc.ca\/en\/wp-json\/wp\/v2\/types\/page"}],"author":[{"embeddable":true,"href":"https:\/\/mrnf.gouv.qc.ca\/en\/wp-json\/wp\/v2\/users\/21"}],"replies":[{"embeddable":true,"href":"https:\/\/mrnf.gouv.qc.ca\/en\/wp-json\/wp\/v2\/comments?post=27564"}],"version-history":[{"count":6,"href":"https:\/\/mrnf.gouv.qc.ca\/en\/wp-json\/wp\/v2\/pages\/27564\/revisions"}],"predecessor-version":[{"id":53596,"href":"https:\/\/mrnf.gouv.qc.ca\/en\/wp-json\/wp\/v2\/pages\/27564\/revisions\/53596"}],"up":[{"embeddable":true,"href":"https:\/\/mrnf.gouv.qc.ca\/en\/wp-json\/wp\/v2\/pages\/27559"}],"wp:attachment":[{"href":"https:\/\/mrnf.gouv.qc.ca\/en\/wp-json\/wp\/v2\/media?parent=27564"}],"curies":[{"name":"wp","href":"https:\/\/api.w.org\/{rel}","templated":true}]}}