


{"id":27498,"date":"2019-08-27T14:54:00","date_gmt":"2019-08-27T18:54:00","guid":{"rendered":"https:\/\/mern.gouv.qc.ca\/?page_id=27498"},"modified":"2025-12-03T14:30:14","modified_gmt":"2025-12-03T19:30:14","slug":"glpg","status":"publish","type":"page","link":"https:\/\/mrnf.gouv.qc.ca\/en\/mines\/glpg\/","title":{"rendered":"Government land-use planning guidelines (GLPG)"},"content":{"rendered":"<p>[et_pb_section fb_built=&#8221;1&#8243; _builder_version=&#8221;4.16&#8243; custom_margin=&#8221;|||481px||&#8221; global_colors_info=&#8221;{}&#8221;][et_pb_row column_structure=&#8221;3_4,1_4&#8243; _builder_version=&#8221;4.16&#8243; background_size=&#8221;initial&#8221; background_position=&#8221;top_left&#8221; background_repeat=&#8221;repeat&#8221; global_colors_info=&#8221;{}&#8221;][et_pb_column type=&#8221;3_4&#8243; _builder_version=&#8221;4.16&#8243; custom_padding=&#8221;|||&#8221; global_colors_info=&#8221;{}&#8221; custom_padding__hover=&#8221;|||&#8221;][et_pb_text _builder_version=&#8221;4.27.4&#8243; global_colors_info=&#8221;{}&#8221;]<\/p>\n<h1>Government land-use planning guidelines (GLPG)<\/h1>\n<h2>Introduction of territories incompatible with mining activities in the Mining Act<\/h2>\n<p>The Act to amend the Mining Act, assented to on December 10, 2013, gave the opportunity to regional county municipalities (RCMs) as well as cities and agglomerations exercising certain powers of RCMs to delimit some territories for which the viability of the activities taking place there would be compromised by the impacts caused by the mining activity, called mining-incompatible territories (MIT), in their land use and development plan. These territories, once approved by the government, are removed from mining exploration and development starting from their reproduction on the minist\u00e8re des Ressources naturelles et des For\u00eats (MNRF) map of mining titles. The government land-use planning guideline for mining (GLPG Mines), developed through a consensus among stakeholders including the government, mining industry, municipal actors and citizen groups, and subsequently adopted by the Gouvernement du Qu\u00e9bec in December 2016, contains the criteria justifying a MIT.<\/p>\n<p>The proposed regulations amending the RCM plan, containing the delineation of the MITs, must be consistent with the government land-use planning guideline entitled \u201c<em>Pour assurer une cohabitation harmonieuse de l\u2019activit\u00e9 mini\u00e8re avec les autres utilisations du territoire<\/em>\u201d developed by the Gouvernement du Qu\u00e9bec.<\/p>\n<p>The guideline has two aims and four expectations:<\/p>\n<ul>\n<li>To protect activities whose viability would be compromised by the impacts of mining activity, based on community land uses and concerns:\n<ul>\n<li>Identify and delimit mining-incompatible territories;<\/li>\n<li>Understand and consider the community\u2019s concerns;<\/li>\n<li>Understand and consider mining rights;<\/li>\n<\/ul>\n<\/li>\n<li>Foster the development of mineral resources by harmonizing different land uses:\n<ul>\n<li>Structure the introduction of sensitive uses close to mining sites.<\/li>\n<\/ul>\n<\/li>\n<\/ul>\n<h2>Process<\/h2>\n<p>A RCM can submit its MIT project to the minist\u00e8re des Affaires municipales et de l\u2019Habitation (MAMH) who, after consultation with the departments concerned, provides the government notice on the compliance of the project within 60 days of the receipt of the request. When the notice is favourable, the RCM can then adopt the by-law in question. If the notice is unfavourable, the RCM is called upon to make the necessary corrections so that it can resubmit its project to government compliance and thus obtain a favourable notice of compliance for it.<\/p>\n<h2>Temporary suspension for MIT delimitation<\/h2>\n<p>During the development of their MIT projects, RCMs have the option of requesting that the MNRF temporarily suspend the right to map a claim on the lands they plan to submit to the government as a MIT. This suspension is valid for a period of 6 months and is renewable with the demonstration that the RCM is still developing its MIT delimitation project. In this way, no new mining titles can be registered in this territory during the MIT delimitation process. However, an active or applied-for mining title at the time of the suspension continues to be in effect and is not affected by the suspension.<\/p>\n<h2>Consequences of a MIT on the territory<\/h2>\n<p>Where the by-law containing an amendment to the plan that would delimit a mining-incompatible territory is found to comply with the guideline and other government guidelines, the MAMH issues a notice of compliance to the RCM. The latter will then have to send certain documents to the MRNF in order to complete the implementation of the MIT.<\/p>\n<p>Withdrawal of mining activity from the mining-incompatible territory takes effect on the day on which it is published on the MRNF\u2019s map of mining titles, available online via <a href=\"https:\/\/gestim.mines.gouv.qc.ca\/\" target=\"_blank\" rel=\"noopener\">GESTIM<\/a> <img loading=\"lazy\" decoding=\"async\" src=\"\/wp-content\/uploads\/2016\/01\/picto-fleche.png\" alt=\"\" width=\"12\" height=\"12\" \/>.<\/p>\n<p>Withdrawal prevents any new mining exploration right from being granted for mineral substances forming part of the domain of the State, in addition to requiring claims holders to carry out exploration work on the land as a condition for the renewal of that title.<\/p>\n<p>The creation of mining-incompatible territories in collaboration with the RCMs and other regional actors is intended to promote transparency and citizen participation. It is also intended to ensure sustainable land management and to support community dynamism, among other things, through the reconciliation of uses with a view to the social acceptability of public land development projects.<\/p>\n<h2>Some statistics<\/h2>\n<p>As of April 29 2024, 18 RCMs placed MITs on their territories (see the following tables). As of that date, there are also 28 RCMs in Qu\u00e9bec that have temporary suspensions in effect in anticipation of a MIT.<\/p>\n<h3>Territory proportions of MITs in effect<\/h3>\n<table width=\"100%\">\n<thead>\n<tr>\n<th style=\"width: 50%;\">RCM or City<\/th>\n<th style=\"width: 25%;\">Territory % \u2013 MIT<\/th>\n<th>Territory % \u2013 Private<\/th>\n<\/tr>\n<\/thead>\n<tbody>\n<tr>\n<td><strong>MRC Avignon<\/strong><\/td>\n<td>18,3<\/td>\n<td>81,8<\/td>\n<\/tr>\n<tr>\n<td><strong>MRC Bonaventure<\/strong><\/td>\n<td>13,5<\/td>\n<td>92,1<\/td>\n<\/tr>\n<tr>\n<td><strong>MRC Brome-Missisquoi<\/strong><\/td>\n<td>94,3<\/td>\n<td>97,5<\/td>\n<\/tr>\n<tr>\n<td><strong>MRC Charlevoix<\/strong><\/td>\n<td>27,4<\/td>\n<td>51,3<\/td>\n<\/tr>\n<tr>\n<td><strong>MRC Coaticook<\/strong><\/td>\n<td>10,1<\/td>\n<td>98,6<\/td>\n<\/tr>\n<tr>\n<td><strong>MRC La C\u00f4te-de-Beaupr\u00e9<\/strong><strong><br \/><\/strong><\/td>\n<td>17,8<\/td>\n<td>60,7<\/td>\n<\/tr>\n<tr>\n<td><strong>MRC La C\u00f4te-de-Gasp\u00e9<\/strong><\/td>\n<td>5,2<\/td>\n<td>50,7<\/td>\n<\/tr>\n<tr>\n<td><strong>MRC La Haute-Gasp\u00e9sie<br \/><\/strong><\/td>\n<td>4,0<\/td>\n<td>69,6<\/td>\n<\/tr>\n<tr>\n<td><strong>MRC La Haute-Yamaska<br \/><\/strong><\/td>\n<td>97,8<\/td>\n<td>96,7<\/td>\n<\/tr>\n<tr>\n<td><strong>MRC Le Rocher-Perc\u00e9<\/strong><\/td>\n<td>6,1<\/td>\n<td>5,7<\/td>\n<\/tr>\n<tr>\n<td><strong>MRC Les Collines-de-l\u2019Outaouais<br \/><\/strong><\/td>\n<td>80,9<\/td>\n<td>69,6<\/td>\n<\/tr>\n<tr>\n<td><strong>MRC Les Maskoutains<\/strong><\/td>\n<td>99,9<\/td>\n<td>99,1<\/td>\n<\/tr>\n<tr>\n<td><strong>M<\/strong><strong>RC Les Sources<\/strong><strong><br \/><\/strong><\/td>\n<td>13,4<\/td>\n<td>97,2<\/td>\n<\/tr>\n<tr>\n<td><strong>MRC Le Val-Saint-Fran\u00e7ois<br \/><\/strong><\/td>\n<td>40,2<\/td>\n<td>94,6<\/td>\n<\/tr>\n<tr>\n<td><strong>MRC Memphr\u00e9magog<\/strong><\/td>\n<td>83,0<\/td>\n<td>84,1<\/td>\n<\/tr>\n<tr>\n<td><strong>MRC Vaudreuil-Soulanges<br \/><\/strong><\/td>\n<td>80,1<\/td>\n<td>82,4<\/td>\n<\/tr>\n<tr>\n<td><strong>Ville de Laval<\/strong><\/td>\n<td>86,5<\/td>\n<td>93,7<\/td>\n<\/tr>\n<tr>\n<td><strong>Ville de Sherbrooke<\/strong><\/td>\n<td>99,8<\/td>\n<td>95,2<\/td>\n<\/tr>\n<\/tbody>\n<\/table>\n<h2>Support provided by the MNRF to RCMs in the process of developing a MIT<\/h2>\n<p>The MNRF works closely with the RCMs at various levels to help them understand the GLPG-Mines criteria for delimiting their MITs. In particular, the MRNF offers support, including two types of personalised support:<\/p>\n<ol>\n<li>Pre-analysis support is provided to RCMs in order to be able to identify certain aspects of the MIT project that will need to be rewritten or the justification adjusted or that have been omitted from the project. A map validation can also be performed during this period.<\/li>\n<li>Support following the receipt of an unfavourable government notice may also be provided to enable the RCM to better understand the corrective measures to be taken to their project more specifically with the professionals who have conducted the project analysis.<\/li>\n<\/ol>\n<p>The MNRF also offers certain workshops to any RCM interested in having a presentation of the GLPG-Mines criteria, receiving standard examples of certain aspects of the MIT or more specific workshops on the specifics of a criterion.<\/p>\n<p>The MNRF also participates in the regional planning committees to respond to RCM concerns about MITs and offers to present the GLPG-Mines criteria to various concerned groups as soon as they request it.<\/p>\n<h2>Reference document<\/h2>\n<ul>\n<li><a href=\"https:\/\/www.quebec.ca\/habitation-territoire\/amenagement-developpement-territoires\/amenagement-territoire\/orientations-gouvernementales\" target=\"_blank\" rel=\"noopener noreferrer\">Government Guideline \u2013 Mining Activity<\/a> <img loading=\"lazy\" decoding=\"async\" src=\"\/wp-content\/uploads\/2016\/01\/picto-fleche.png\" alt=\"\" width=\"12\" height=\"12\" \/><span>\u00a0<\/span>(in French only)<\/li>\n<\/ul>\n<p>&nbsp;<\/p>\n<p>&nbsp;<\/p>\n<p>[\/et_pb_text][\/et_pb_column][et_pb_column type=&#8221;1_4&#8243; _builder_version=&#8221;4.16&#8243; custom_padding=&#8221;|||&#8221; global_colors_info=&#8221;{}&#8221; custom_padding__hover=&#8221;|||&#8221;][et_pb_sidebar area=&#8221;et_pb_widget_area_40&#8243; admin_label=&#8221;liens rapide mines&#8221; module_class=&#8221;liensRapidesInterne&#8221; _builder_version=&#8221;4.16&#8243; global_colors_info=&#8221;{}&#8221;][\/et_pb_sidebar][\/et_pb_column][\/et_pb_row][\/et_pb_section]<\/p>\n","protected":false},"excerpt":{"rendered":"<p>Government land-use planning guidelines (GLPG) Introduction of territories incompatible with mining activities in the Mining Act The Act to amend the Mining Act, assented to on December 10, 2013, gave the opportunity to regional county municipalities (RCMs) as well as cities and agglomerations exercising certain powers of RCMs to delimit some territories for which the [&hellip;]<\/p>\n","protected":false},"author":21,"featured_media":0,"parent":16461,"menu_order":-1,"comment_status":"closed","ping_status":"closed","template":"","meta":{"_acf_changed":false,"_et_pb_use_builder":"on","_et_pb_old_content":"","_et_gb_content_width":"","_oasis_is_in_workflow":0,"_oasis_original":0,"_oasis_task_priority":"","footnotes":""},"class_list":["post-27498","page","type-page","status-publish","hentry"],"acf":[],"yoast_head":"<!-- This site is optimized with the Yoast SEO plugin v24.9 - https:\/\/yoast.com\/wordpress\/plugins\/seo\/ -->\n<title>Government land-use planning guidelines (GLPG) - Minist\u00e8re des Ressources naturelles et des For\u00eats<\/title>\n<meta name=\"description\" content=\"Qu\u00e9bec Government\u2019s land use planning guideline aimed at promoting the harmonious coexistence of mining activities with other land uses\" \/>\n<meta name=\"robots\" content=\"index, follow, max-snippet:-1, max-image-preview:large, max-video-preview:-1\" \/>\n<link rel=\"canonical\" href=\"https:\/\/mrnf.gouv.qc.ca\/en\/mines\/glpg\/\" \/>\n<meta property=\"og:locale\" content=\"en_US\" \/>\n<meta property=\"og:type\" content=\"article\" \/>\n<meta property=\"og:title\" content=\"Government land-use planning guidelines (GLPG) - Minist\u00e8re des Ressources naturelles et des For\u00eats\" \/>\n<meta property=\"og:description\" content=\"Qu\u00e9bec Government\u2019s land use planning guideline aimed at promoting the harmonious coexistence of mining activities with other land uses\" \/>\n<meta property=\"og:url\" content=\"https:\/\/mrnf.gouv.qc.ca\/en\/mines\/glpg\/\" \/>\n<meta property=\"og:site_name\" content=\"Minist\u00e8re des Ressources naturelles et des For\u00eats\" \/>\n<meta property=\"article:publisher\" content=\"https:\/\/www.facebook.com\/RessourcesNaturellesForets\/\" \/>\n<meta property=\"article:modified_time\" content=\"2025-12-03T19:30:14+00:00\" \/>\n<meta property=\"og:image\" content=\"\/wp-content\/uploads\/Image-g%c3%a9n%c3%a9rale-hiver_FB.jpg\" \/>\n\t<meta property=\"og:image:width\" content=\"1200\" \/>\n\t<meta property=\"og:image:height\" content=\"630\" \/>\n\t<meta property=\"og:image:type\" content=\"image\/jpeg\" \/>\n<meta name=\"twitter:card\" content=\"summary_large_image\" \/>\n<meta name=\"twitter:site\" content=\"@mrnfqc\" \/>\n<meta name=\"twitter:label1\" content=\"Est. reading time\" \/>\n\t<meta name=\"twitter:data1\" content=\"5 minutes\" \/>\n<script type=\"application\/ld+json\" class=\"yoast-schema-graph\">{\"@context\":\"https:\/\/schema.org\",\"@graph\":[{\"@type\":\"WebPage\",\"@id\":\"https:\/\/mrnf.gouv.qc.ca\/en\/mines\/glpg\/\",\"url\":\"https:\/\/mrnf.gouv.qc.ca\/en\/mines\/glpg\/\",\"name\":\"Government land-use planning guidelines (GLPG) - Minist\u00e8re des Ressources naturelles et des For\u00eats\",\"isPartOf\":{\"@id\":\"https:\/\/mrnf.gouv.qc.ca\/#website\"},\"datePublished\":\"2019-08-27T18:54:00+00:00\",\"dateModified\":\"2025-12-03T19:30:14+00:00\",\"description\":\"Qu\u00e9bec Government\u2019s land use planning guideline aimed at promoting the harmonious coexistence of mining activities with other land uses\",\"breadcrumb\":{\"@id\":\"https:\/\/mrnf.gouv.qc.ca\/en\/mines\/glpg\/#breadcrumb\"},\"inLanguage\":\"en-US\",\"potentialAction\":[{\"@type\":\"ReadAction\",\"target\":[\"https:\/\/mrnf.gouv.qc.ca\/en\/mines\/glpg\/\"]}]},{\"@type\":\"BreadcrumbList\",\"@id\":\"https:\/\/mrnf.gouv.qc.ca\/en\/mines\/glpg\/#breadcrumb\",\"itemListElement\":[{\"@type\":\"ListItem\",\"position\":1,\"name\":\"Accueil\",\"item\":\"https:\/\/mrnf.gouv.qc.ca\/en\/\"},{\"@type\":\"ListItem\",\"position\":2,\"name\":\"Mines\",\"item\":\"https:\/\/mrnf.gouv.qc.ca\/en\/?page_id=16461\"},{\"@type\":\"ListItem\",\"position\":3,\"name\":\"Government land-use planning guidelines (GLPG)\"}]},{\"@type\":\"WebSite\",\"@id\":\"https:\/\/mrnf.gouv.qc.ca\/#website\",\"url\":\"https:\/\/mrnf.gouv.qc.ca\/\",\"name\":\"Minist\u00e8re des Ressources naturelles et des For\u00eats\",\"description\":\"Prototype WordPress\",\"potentialAction\":[{\"@type\":\"SearchAction\",\"target\":{\"@type\":\"EntryPoint\",\"urlTemplate\":\"https:\/\/mrnf.gouv.qc.ca\/?s={search_term_string}\"},\"query-input\":{\"@type\":\"PropertyValueSpecification\",\"valueRequired\":true,\"valueName\":\"search_term_string\"}}],\"inLanguage\":\"en-US\"}]}<\/script>\n<!-- \/ Yoast SEO plugin. -->","yoast_head_json":{"title":"Government land-use planning guidelines (GLPG) - Minist\u00e8re des Ressources naturelles et des For\u00eats","description":"Qu\u00e9bec Government\u2019s land use planning guideline aimed at promoting the harmonious coexistence of mining activities with other land uses","robots":{"index":"index","follow":"follow","max-snippet":"max-snippet:-1","max-image-preview":"max-image-preview:large","max-video-preview":"max-video-preview:-1"},"canonical":"https:\/\/mrnf.gouv.qc.ca\/en\/mines\/glpg\/","og_locale":"en_US","og_type":"article","og_title":"Government land-use planning guidelines (GLPG) - Minist\u00e8re des Ressources naturelles et des For\u00eats","og_description":"Qu\u00e9bec Government\u2019s land use planning guideline aimed at promoting the harmonious coexistence of mining activities with other land uses","og_url":"https:\/\/mrnf.gouv.qc.ca\/en\/mines\/glpg\/","og_site_name":"Minist\u00e8re des Ressources naturelles et des For\u00eats","article_publisher":"https:\/\/www.facebook.com\/RessourcesNaturellesForets\/","article_modified_time":"2025-12-03T19:30:14+00:00","og_image":[{"width":1200,"height":630,"url":"\/wp-content\/uploads\/Image-g%c3%a9n%c3%a9rale-hiver_FB.jpg","type":"image\/jpeg"}],"twitter_card":"summary_large_image","twitter_site":"@mrnfqc","twitter_misc":{"Est. reading time":"5 minutes"},"schema":{"@context":"https:\/\/schema.org","@graph":[{"@type":"WebPage","@id":"https:\/\/mrnf.gouv.qc.ca\/en\/mines\/glpg\/","url":"https:\/\/mrnf.gouv.qc.ca\/en\/mines\/glpg\/","name":"Government land-use planning guidelines (GLPG) - Minist\u00e8re des Ressources naturelles et des For\u00eats","isPartOf":{"@id":"https:\/\/mrnf.gouv.qc.ca\/#website"},"datePublished":"2019-08-27T18:54:00+00:00","dateModified":"2025-12-03T19:30:14+00:00","description":"Qu\u00e9bec Government\u2019s land use planning guideline aimed at promoting the harmonious coexistence of mining activities with other land uses","breadcrumb":{"@id":"https:\/\/mrnf.gouv.qc.ca\/en\/mines\/glpg\/#breadcrumb"},"inLanguage":"en-US","potentialAction":[{"@type":"ReadAction","target":["https:\/\/mrnf.gouv.qc.ca\/en\/mines\/glpg\/"]}]},{"@type":"BreadcrumbList","@id":"https:\/\/mrnf.gouv.qc.ca\/en\/mines\/glpg\/#breadcrumb","itemListElement":[{"@type":"ListItem","position":1,"name":"Accueil","item":"https:\/\/mrnf.gouv.qc.ca\/en\/"},{"@type":"ListItem","position":2,"name":"Mines","item":"https:\/\/mrnf.gouv.qc.ca\/en\/?page_id=16461"},{"@type":"ListItem","position":3,"name":"Government land-use planning guidelines (GLPG)"}]},{"@type":"WebSite","@id":"https:\/\/mrnf.gouv.qc.ca\/#website","url":"https:\/\/mrnf.gouv.qc.ca\/","name":"Minist\u00e8re des Ressources naturelles et des For\u00eats","description":"Prototype WordPress","potentialAction":[{"@type":"SearchAction","target":{"@type":"EntryPoint","urlTemplate":"https:\/\/mrnf.gouv.qc.ca\/?s={search_term_string}"},"query-input":{"@type":"PropertyValueSpecification","valueRequired":true,"valueName":"search_term_string"}}],"inLanguage":"en-US"}]}},"_links":{"self":[{"href":"https:\/\/mrnf.gouv.qc.ca\/en\/wp-json\/wp\/v2\/pages\/27498","targetHints":{"allow":["GET"]}}],"collection":[{"href":"https:\/\/mrnf.gouv.qc.ca\/en\/wp-json\/wp\/v2\/pages"}],"about":[{"href":"https:\/\/mrnf.gouv.qc.ca\/en\/wp-json\/wp\/v2\/types\/page"}],"author":[{"embeddable":true,"href":"https:\/\/mrnf.gouv.qc.ca\/en\/wp-json\/wp\/v2\/users\/21"}],"replies":[{"embeddable":true,"href":"https:\/\/mrnf.gouv.qc.ca\/en\/wp-json\/wp\/v2\/comments?post=27498"}],"version-history":[{"count":10,"href":"https:\/\/mrnf.gouv.qc.ca\/en\/wp-json\/wp\/v2\/pages\/27498\/revisions"}],"predecessor-version":[{"id":89500,"href":"https:\/\/mrnf.gouv.qc.ca\/en\/wp-json\/wp\/v2\/pages\/27498\/revisions\/89500"}],"up":[{"embeddable":true,"href":"https:\/\/mrnf.gouv.qc.ca\/en\/wp-json\/wp\/v2\/pages\/16461"}],"wp:attachment":[{"href":"https:\/\/mrnf.gouv.qc.ca\/en\/wp-json\/wp\/v2\/media?parent=27498"}],"curies":[{"name":"wp","href":"https:\/\/api.w.org\/{rel}","templated":true}]}}