


{"id":12663,"date":"2017-08-24T08:46:59","date_gmt":"2017-08-24T12:46:59","guid":{"rendered":"http:\/\/mern.gouv.qc.ca\/?page_id=12663\/"},"modified":"2026-04-09T13:56:23","modified_gmt":"2026-04-09T17:56:23","slug":"documents-links","status":"publish","type":"page","link":"https:\/\/mrnf.gouv.qc.ca\/en\/quebec-mines\/documents-links\/","title":{"rendered":"Documents and links"},"content":{"rendered":"<p>[et_pb_section fb_built=&#8221;1&#8243; specialty=&#8221;on&#8221; _builder_version=&#8221;4.16&#8243; global_colors_info=&#8221;{}&#8221;][et_pb_column type=&#8221;1_4&#8243; _builder_version=&#8221;4.16&#8243; custom_padding=&#8221;|||&#8221; global_colors_info=&#8221;{}&#8221; custom_padding__hover=&#8221;|||&#8221;][et_pb_sidebar area=&#8221;et_pb_widget_area_26&#8243; admin_label=&#8221;Submenu About&#8221; module_class=&#8221;menuSecondaire&#8221; _builder_version=&#8221;4.16&#8243; global_colors_info=&#8221;{}&#8221;][\/et_pb_sidebar][\/et_pb_column][et_pb_column type=&#8221;3_4&#8243; specialty_columns=&#8221;3&#8243; _builder_version=&#8221;4.16&#8243; custom_padding=&#8221;|||&#8221; global_colors_info=&#8221;{}&#8221; custom_padding__hover=&#8221;|||&#8221;][et_pb_row_inner admin_label=&#8221;Ligne&#8221; _builder_version=&#8221;4.16&#8243; global_colors_info=&#8221;{}&#8221;][et_pb_column_inner saved_specialty_column_type=&#8221;3_4&#8243; _builder_version=&#8221;4.16&#8243; custom_padding=&#8221;|||&#8221; global_colors_info=&#8221;{}&#8221; custom_padding__hover=&#8221;|||&#8221;][et_pb_text admin_label=&#8221;Contenu&#8221; _builder_version=&#8221;4.27.5&#8243; module_alignment=&#8221;left&#8221; border_style=&#8221;solid&#8221; global_colors_info=&#8221;{}&#8221;]<\/p>\n<h1>Documents and links<\/h1>\n<ul><\/ul>\n<h2>Links<\/h2>\n<ul>\n<li><a href=\"http:\/\/gq.mines.gouv.qc.ca\/bulletins-geologiques\/\" target=\"_blank\" rel=\"noopener noreferrer\">Bulletin g\u00e9ologiQUE<\/a> <img loading=\"lazy\" decoding=\"async\" src=\"\/wp-content\/uploads\/lien_externe.png\" width=\"9\" height=\"9\" alt=\"\" class=\"wp-image-21104 alignnone size-full\" \/><\/li>\n<li><a href=\"http:\/\/convention.qc.ca\/\" target=\"_blank\" rel=\"noopener noreferrer\">Centre des congr\u00e8s de Qu\u00e9bec<\/a> <img loading=\"lazy\" decoding=\"async\" src=\"\/wp-content\/uploads\/lien_externe.png\" width=\"9\" height=\"9\" alt=\"\" class=\"wp-image-21104 alignnone size-full\" \/><\/li>\n<li><a href=\"https:\/\/www.quoifaireaquebec.com\" target=\"_blank\" rel=\"noopener noreferrer\">Quoi faire \u00e0 Qu\u00e9bec<\/a> <img loading=\"lazy\" decoding=\"async\" src=\"\/wp-content\/uploads\/lien_externe.png\" width=\"9\" height=\"9\" alt=\"\" class=\"wp-image-21104 alignnone size-full\" \/><\/li>\n<li><a href=\"http:\/\/www.bonjourquebec.com\/\" target=\"_blank\" rel=\"noopener noreferrer\">Tourisme Qu\u00e9bec<\/a> <img loading=\"lazy\" decoding=\"async\" src=\"\/wp-content\/uploads\/lien_externe.png\" width=\"9\" height=\"9\" alt=\"\" class=\"wp-image-21104 alignnone size-full\" \/><\/li>\n<li><a href=\"http:\/\/www.ville.quebec.qc.ca\/\" target=\"_blank\" rel=\"noopener noreferrer\">Ville de Qu\u00e9bec<\/a> <img loading=\"lazy\" decoding=\"async\" src=\"\/wp-content\/uploads\/lien_externe.png\" width=\"9\" height=\"9\" alt=\"\" class=\"wp-image-21104 alignnone size-full\" \/><\/li>\n<\/ul>\n<h2>Media<\/h2>\n<ul>\n<li><a href=\"\/wp-content\/uploads\/Cahier_presse2026_ang.zip\">Media Kit<\/a><\/li>\n<\/ul>\n<p>&nbsp;<\/p>\n<p>[\/et_pb_text][\/et_pb_column_inner][\/et_pb_row_inner][\/et_pb_column][\/et_pb_section]<\/p>\n","protected":false},"excerpt":{"rendered":"<p>Documents and links Links Bulletin g\u00e9ologiQUE Centre des congr\u00e8s de Qu\u00e9bec Quoi faire \u00e0 Qu\u00e9bec Tourisme Qu\u00e9bec Ville de Qu\u00e9bec Media Media Kit &nbsp;<\/p>\n","protected":false},"author":21,"featured_media":0,"parent":6823,"menu_order":49,"comment_status":"closed","ping_status":"closed","template":"quebecMines.php","meta":{"_acf_changed":false,"_et_pb_use_builder":"on","_et_pb_old_content":"","_et_gb_content_width":"","_oasis_is_in_workflow":0,"_oasis_original":0,"_oasis_task_priority":"","footnotes":""},"class_list":["post-12663","page","type-page","status-publish","hentry"],"acf":[],"yoast_head":"<!-- This site is optimized with the Yoast SEO plugin v24.9 - https:\/\/yoast.com\/wordpress\/plugins\/seo\/ -->\n<title>Documents and links - Minist\u00e8re des Ressources naturelles et des For\u00eats<\/title>\n<meta name=\"description\" content=\"Find useful documents and links for your participation at the Qu\u00e9bec Mines + Energie annual congress.\" \/>\n<meta name=\"robots\" content=\"index, follow, max-snippet:-1, max-image-preview:large, max-video-preview:-1\" \/>\n<link rel=\"canonical\" href=\"https:\/\/mrnf.gouv.qc.ca\/en\/quebec-mines\/documents-links\/\" \/>\n<meta property=\"og:locale\" content=\"en_US\" \/>\n<meta property=\"og:type\" content=\"article\" \/>\n<meta property=\"og:title\" content=\"Documents and links - Minist\u00e8re des Ressources naturelles et des For\u00eats\" \/>\n<meta property=\"og:description\" content=\"Find useful documents and links for your participation at the Qu\u00e9bec Mines + Energie annual congress.\" \/>\n<meta property=\"og:url\" content=\"https:\/\/mrnf.gouv.qc.ca\/en\/quebec-mines\/documents-links\/\" \/>\n<meta property=\"og:site_name\" content=\"Minist\u00e8re des Ressources naturelles et des For\u00eats\" \/>\n<meta property=\"article:publisher\" content=\"https:\/\/www.facebook.com\/RessourcesNaturellesForets\/\" \/>\n<meta property=\"article:modified_time\" content=\"2026-04-09T17:56:23+00:00\" \/>\n<meta property=\"og:image\" content=\"\/wp-content\/uploads\/QME2024_OG-FB_ANG-1024x535.jpg\" \/>\n\t<meta property=\"og:image:width\" content=\"1200\" \/>\n\t<meta property=\"og:image:height\" content=\"627\" \/>\n\t<meta property=\"og:image:type\" content=\"image\/jpeg\" \/>\n<meta name=\"twitter:card\" content=\"summary_large_image\" \/>\n<meta name=\"twitter:description\" content=\"Find useful documents and links for your participation at the Qu\u00e9bec Mines + Energie annual congress.\" \/>\n<meta name=\"twitter:image\" content=\"https:\/\/mrnf.gouv.qc.ca\/wp-content\/uploads\/QME2024_OG-TW_ANG.jpg\" \/>\n<meta name=\"twitter:site\" content=\"@mrnfqc\" \/>\n<meta name=\"twitter:label1\" content=\"Est. reading time\" \/>\n\t<meta name=\"twitter:data1\" content=\"3 minutes\" \/>\n<script type=\"application\/ld+json\" class=\"yoast-schema-graph\">{\"@context\":\"https:\/\/schema.org\",\"@graph\":[{\"@type\":\"WebPage\",\"@id\":\"https:\/\/mrnf.gouv.qc.ca\/en\/quebec-mines\/documents-links\/\",\"url\":\"https:\/\/mrnf.gouv.qc.ca\/en\/quebec-mines\/documents-links\/\",\"name\":\"Documents and links - Minist\u00e8re des Ressources naturelles et des For\u00eats\",\"isPartOf\":{\"@id\":\"https:\/\/mrnf.gouv.qc.ca\/#website\"},\"datePublished\":\"2017-08-24T12:46:59+00:00\",\"dateModified\":\"2026-04-09T17:56:23+00:00\",\"description\":\"Find useful documents and links for your participation at the Qu\u00e9bec Mines + Energie annual congress.\",\"breadcrumb\":{\"@id\":\"https:\/\/mrnf.gouv.qc.ca\/en\/quebec-mines\/documents-links\/#breadcrumb\"},\"inLanguage\":\"en-US\",\"potentialAction\":[{\"@type\":\"ReadAction\",\"target\":[\"https:\/\/mrnf.gouv.qc.ca\/en\/quebec-mines\/documents-links\/\"]}]},{\"@type\":\"BreadcrumbList\",\"@id\":\"https:\/\/mrnf.gouv.qc.ca\/en\/quebec-mines\/documents-links\/#breadcrumb\",\"itemListElement\":[{\"@type\":\"ListItem\",\"position\":1,\"name\":\"Accueil\",\"item\":\"https:\/\/mrnf.gouv.qc.ca\/en\/\"},{\"@type\":\"ListItem\",\"position\":2,\"name\":\"Qu\u00e9bec Mines + \u00c9nergie\",\"item\":\"https:\/\/mrnf.gouv.qc.ca\/en\/quebec-mines\/\"},{\"@type\":\"ListItem\",\"position\":3,\"name\":\"Documents and links\"}]},{\"@type\":\"WebSite\",\"@id\":\"https:\/\/mrnf.gouv.qc.ca\/#website\",\"url\":\"https:\/\/mrnf.gouv.qc.ca\/\",\"name\":\"Minist\u00e8re des Ressources naturelles et des For\u00eats\",\"description\":\"Prototype WordPress\",\"potentialAction\":[{\"@type\":\"SearchAction\",\"target\":{\"@type\":\"EntryPoint\",\"urlTemplate\":\"https:\/\/mrnf.gouv.qc.ca\/?s={search_term_string}\"},\"query-input\":{\"@type\":\"PropertyValueSpecification\",\"valueRequired\":true,\"valueName\":\"search_term_string\"}}],\"inLanguage\":\"en-US\"}]}<\/script>\n<!-- \/ Yoast SEO plugin. -->","yoast_head_json":{"title":"Documents and links - Minist\u00e8re des Ressources naturelles et des For\u00eats","description":"Find useful documents and links for your participation at the Qu\u00e9bec Mines + Energie annual congress.","robots":{"index":"index","follow":"follow","max-snippet":"max-snippet:-1","max-image-preview":"max-image-preview:large","max-video-preview":"max-video-preview:-1"},"canonical":"https:\/\/mrnf.gouv.qc.ca\/en\/quebec-mines\/documents-links\/","og_locale":"en_US","og_type":"article","og_title":"Documents and links - Minist\u00e8re des Ressources naturelles et des For\u00eats","og_description":"Find useful documents and links for your participation at the Qu\u00e9bec Mines + Energie annual congress.","og_url":"https:\/\/mrnf.gouv.qc.ca\/en\/quebec-mines\/documents-links\/","og_site_name":"Minist\u00e8re des Ressources naturelles et des For\u00eats","article_publisher":"https:\/\/www.facebook.com\/RessourcesNaturellesForets\/","article_modified_time":"2026-04-09T17:56:23+00:00","og_image":[{"width":1200,"height":627,"url":"\/wp-content\/uploads\/QME2024_OG-FB_ANG-1024x535.jpg","type":"image\/jpeg"}],"twitter_card":"summary_large_image","twitter_description":"Find useful documents and links for your participation at the Qu\u00e9bec Mines + Energie annual congress.","twitter_image":"https:\/\/mrnf.gouv.qc.ca\/wp-content\/uploads\/QME2024_OG-TW_ANG.jpg","twitter_site":"@mrnfqc","twitter_misc":{"Est. reading time":"3 minutes"},"schema":{"@context":"https:\/\/schema.org","@graph":[{"@type":"WebPage","@id":"https:\/\/mrnf.gouv.qc.ca\/en\/quebec-mines\/documents-links\/","url":"https:\/\/mrnf.gouv.qc.ca\/en\/quebec-mines\/documents-links\/","name":"Documents and links - Minist\u00e8re des Ressources naturelles et des For\u00eats","isPartOf":{"@id":"https:\/\/mrnf.gouv.qc.ca\/#website"},"datePublished":"2017-08-24T12:46:59+00:00","dateModified":"2026-04-09T17:56:23+00:00","description":"Find useful documents and links for your participation at the Qu\u00e9bec Mines + Energie annual congress.","breadcrumb":{"@id":"https:\/\/mrnf.gouv.qc.ca\/en\/quebec-mines\/documents-links\/#breadcrumb"},"inLanguage":"en-US","potentialAction":[{"@type":"ReadAction","target":["https:\/\/mrnf.gouv.qc.ca\/en\/quebec-mines\/documents-links\/"]}]},{"@type":"BreadcrumbList","@id":"https:\/\/mrnf.gouv.qc.ca\/en\/quebec-mines\/documents-links\/#breadcrumb","itemListElement":[{"@type":"ListItem","position":1,"name":"Accueil","item":"https:\/\/mrnf.gouv.qc.ca\/en\/"},{"@type":"ListItem","position":2,"name":"Qu\u00e9bec Mines + \u00c9nergie","item":"https:\/\/mrnf.gouv.qc.ca\/en\/quebec-mines\/"},{"@type":"ListItem","position":3,"name":"Documents and links"}]},{"@type":"WebSite","@id":"https:\/\/mrnf.gouv.qc.ca\/#website","url":"https:\/\/mrnf.gouv.qc.ca\/","name":"Minist\u00e8re des Ressources naturelles et des For\u00eats","description":"Prototype WordPress","potentialAction":[{"@type":"SearchAction","target":{"@type":"EntryPoint","urlTemplate":"https:\/\/mrnf.gouv.qc.ca\/?s={search_term_string}"},"query-input":{"@type":"PropertyValueSpecification","valueRequired":true,"valueName":"search_term_string"}}],"inLanguage":"en-US"}]}},"_links":{"self":[{"href":"https:\/\/mrnf.gouv.qc.ca\/en\/wp-json\/wp\/v2\/pages\/12663","targetHints":{"allow":["GET"]}}],"collection":[{"href":"https:\/\/mrnf.gouv.qc.ca\/en\/wp-json\/wp\/v2\/pages"}],"about":[{"href":"https:\/\/mrnf.gouv.qc.ca\/en\/wp-json\/wp\/v2\/types\/page"}],"author":[{"embeddable":true,"href":"https:\/\/mrnf.gouv.qc.ca\/en\/wp-json\/wp\/v2\/users\/21"}],"replies":[{"embeddable":true,"href":"https:\/\/mrnf.gouv.qc.ca\/en\/wp-json\/wp\/v2\/comments?post=12663"}],"version-history":[{"count":10,"href":"https:\/\/mrnf.gouv.qc.ca\/en\/wp-json\/wp\/v2\/pages\/12663\/revisions"}],"predecessor-version":[{"id":96226,"href":"https:\/\/mrnf.gouv.qc.ca\/en\/wp-json\/wp\/v2\/pages\/12663\/revisions\/96226"}],"up":[{"embeddable":true,"href":"https:\/\/mrnf.gouv.qc.ca\/en\/wp-json\/wp\/v2\/pages\/6823"}],"wp:attachment":[{"href":"https:\/\/mrnf.gouv.qc.ca\/en\/wp-json\/wp\/v2\/media?parent=12663"}],"curies":[{"name":"wp","href":"https:\/\/api.w.org\/{rel}","templated":true}]}}